{"id":99,"date":"2025-06-03T13:23:36","date_gmt":"2025-06-03T11:23:36","guid":{"rendered":"http:\/\/muntaho.com\/?post_type=product&#038;p=99"},"modified":"2026-02-17T17:10:11","modified_gmt":"2026-02-17T16:10:11","slug":"escriptori-dolmen","status":"publish","type":"product","link":"https:\/\/muntaho.com\/es\/producto\/escriptori-dolmen\/","title":{"rendered":"Escritorio Dolmen"},"content":{"rendered":"<div class=\"wp-block-group is-style-section-3 has-global-padding is-layout-constrained wp-block-group-is-layout-constrained is-style-section-3--1\">\r\n<h2 class=\"wp-block-heading\">Descripci\u00f3n<\/h2>\r\n\r\n\r\n\r\n<p>&quot;Dolmen&quot; es un escritorio que transporta la esencia imponente de las estructuras megal\u00edticas en tu espacio de trabajo, un eco de la antig\u00fcedad reinterpretado en la calidez de la madera de contrachapado. Inspirado en la precisi\u00f3n geom\u00e9trica de los d\u00f3lmenes y la serenidad del dise\u00f1o japon\u00e9s, \u201cDolmen\u201d ofrece un santuario de creatividad y concentraci\u00f3n, con un toque de conciencia ecol\u00f3gica.<\/p>\r\n\r\n\r\n\r\n<p>Las cuatro piezas macizas de contrachapado de pino o abedul se entrelazan con la misma sintaxis formal que los antiguos monumentos, creando una estructura s\u00f3lida y equilibrada. La junta central en forma de cruz, un punto de conexi\u00f3n entre tradici\u00f3n y modernidad, contrasta con la fluidez org\u00e1nica de las vetas de la madera maciza.<\/p>\r\n\r\n\r\n\r\n<p>&quot;Dolmen&quot; es m\u00e1s que un escritorio; es un espacio en el que las ideas toman forma, donde la inspiraci\u00f3n fluye con naturalidad. Su amplia superficie y su estructura ergon\u00f3mica invitan a la concentraci\u00f3n y creatividad, convirtiendo tu trabajo en una experiencia \u00fanica, respetuosa con el medio ambiente y tu salud. Para aumentar su durabilidad y conseguir unos acabados perfectos, las maderas est\u00e1n protegidas con lasuros no t\u00f3xicos, que adem\u00e1s de dar calidez, son saludables.<\/p>\r\n<\/div>\r\n\r\n\r\n\r\n<div class=\"wp-block-group is-style-spiel has-global-padding is-layout-constrained wp-block-group-is-layout-constrained is-style-spiel--2\">\r\n<p>Un espacio de trabajo ancestral creado con respeto por el medio ambiente<\/p>\r\n<\/div>\r\n\r\n\r\n\r\n<div class=\"wp-block-group is-style-section-3 has-global-padding is-layout-constrained wp-block-group-is-layout-constrained is-style-section-3--3\">\r\n<h2 class=\"wp-block-heading\">Varietats d&#8217;acabats &#8220;Escriptori DOLMEN&#8221;<\/h2>\r\n\r\n\r\n\r\n<ul class=\"wp-block-list\">\r\n<li><strong>Aspecto Natural:<\/strong> La belleza de la madera al desnudo, realzando las vetas naturales de la madera de contrachapado, perfecto para espacios minimalistas, n\u00f3rdicos o con un toque r\u00fastico.<\/li>\r\n\r\n\r\n\r\n<li><strong>Aspecto Nogal:<\/strong> Elegancia atemporal con un toque de calidez, imitando la tonalidad rica y profunda del nogal, ideal para espacios cl\u00e1sicos, contempor\u00e1neos o con un toque de lujo.<\/li>\r\n\r\n\r\n\r\n<li><strong>Aspecto \u00c9bano:<\/strong> Misteri i profunditat en un acabat modern, evocant la tonalitat profunda i misteriosa de la fusta ban\u00fas, ideal per a espais moderns amb tocs industrials<\/li>\r\n<\/ul>\r\n<\/div>\r\n\r\n\r\n\r\n<div class=\"wp-block-group is-style-default has-global-padding is-layout-constrained wp-block-group-is-layout-constrained\">\r\n<h2 class=\"wp-block-heading\">Caracter\u00edsticas destacadas<\/h2>\r\n\r\n\r\n\r\n<ul class=\"wp-block-list\">\r\n<li>Madera de contrachapado de pino o abedul de alta calidad, con acabados artesanales.<\/li>\r\n<li>Cuatro piezas macizas de contrachapado de pino o abedul que se entrelazan con precisi\u00f3n.<\/li>\r\n<li>Junta central en forma de cruz, contraste con las vetas de la madera.<\/li>\r\n<li>Amplia superficie de trabajo para la concentraci\u00f3n y la creatividad.<\/li>\r\n<\/ul>\r\n<ul class=\"wp-block-list\">\r\n\r\n\r\n\r\n\r\n\r\n\r\n<li>Estructura sobria, elegante y ergon\u00f3mica.<\/li>\r\n\r\n\r\n\r\n\r\n\r\n<li>Acabats amb productes no t\u00f2xics respectuosos amb el medi ambient i la salut.<\/li>\r\n\r\n\r\n\r\n<li>F\u00e1cil montaje y desmontaje.<\/li>\r\n<li>Se limpia f\u00e1cilmente con un pa\u00f1o h\u00famedo.<\/li>\r\n<\/ul>\r\n<!-- \/wp:post-content --><\/div>\r\n<!-- \/wp:group -->\r\n\r\n<!-- wp:group {\"className\":\"is-style-section-1\",\"style\":{\"spacing\":{\"padding\":{\"top\":\"var:preset|spacing|40\",\"bottom\":\"var:preset|spacing|40\"}}},\"layout\":{\"type\":\"constrained\"}} -->\r\n<div class=\"wp-block-group is-style-section-1\" style=\"padding-top: var(--wp--preset--spacing--40); padding-bottom: var(--wp--preset--spacing--40);\"><!-- wp:heading {\"style\":{\"elements\":{\"link\":{\"color\":{\"text\":\"var:preset|color|accent-5\"}}}},\"textColor\":\"accent-5\"} -->\r\n<h2 class=\"wp-block-heading has-accent-5-color has-text-color has-link-color\">Ideal para:<\/h2>\r\n<!-- \/wp:heading -->\r\n\r\n<!-- wp:list {\"className\":\"is-style-ballots\"} -->\r\n<ul class=\"wp-block-list is-style-ballots\"><!-- wp:list-item -->\r\n<li>Personas que buscan un espacio de trabajo \u00fanico e inspirador, con conciencia ecol\u00f3gica.<\/li>\r\n<!-- \/wp:list-item -->\r\n\r\n<!-- wp:list-item -->\r\n<li>Amantes del dise\u00f1o que valoran la conexi\u00f3n con la historia y la naturaleza, valorando productos respetuosos con el medio ambiente.<\/li>\r\n<!-- \/wp:list-item -->\r\n\r\n<!-- wp:list-item -->\r\n<li>Aquellos que aprecian la artesan\u00eda y la calidad de los materiales naturales, y que no sean t\u00f3xicos.<\/li>\r\n<!-- \/wp:list-item -->\r\n\r\n<!-- wp:list-item -->\r\n<li>Para oficinas, estudios o espacios de trabajo en casa, creando un ambiente de concentraci\u00f3n y creatividad, saludable y respetuoso con el medio ambiente.<\/li>\r\n<!-- \/wp:list-item --><\/ul>\r\n<!-- \/wp:list --><\/div>\r\n<!-- \/wp:group -->","protected":false},"excerpt":{"rendered":"<p>&quot;Dolmen&quot; es un escritorio que transporta la esencia imponente de las estructuras megal\u00edticas en tu espacio de trabajo, un eco de la antig\u00fcedad reinterpretado en la calidez de la madera de contrachapado.<\/p>","protected":false},"featured_media":268,"template":"","meta":{"tandem_videos":[]},"product_brand":[],"product_cat":[44],"product_tag":[],"class_list":{"0":"post-99","1":"product","2":"type-product","3":"status-publish","4":"has-post-thumbnail","6":"product_cat-mobles","8":"first","9":"instock","10":"featured","11":"taxable","12":"shipping-taxable","13":"purchasable","14":"product-type-variable","15":"has-default-attributes"},"yoast_head":"<!-- This site is optimized with the Yoast SEO plugin v26.8 - https:\/\/yoast.com\/product\/yoast-seo-wordpress\/ -->\n<title>Escriptori Dolmen - MUNTAHO<\/title>\n<meta name=\"robots\" content=\"index, follow, max-snippet:-1, max-image-preview:large, max-video-preview:-1\" \/>\n<link rel=\"canonical\" href=\"https:\/\/muntaho.com\/es\/producto\/escriptori-dolmen\/\" \/>\n<meta property=\"og:locale\" content=\"es_ES\" \/>\n<meta property=\"og:type\" content=\"article\" \/>\n<meta property=\"og:title\" content=\"Escriptori Dolmen - MUNTAHO\" \/>\n<meta property=\"og:description\" content=\"&quot;Dolmen&quot; \u00e9s un escriptori que transporta l&#039;ess\u00e8ncia imponent de les estructures megal\u00edtiques al teu espai de treball, un eco de l&#039;antiguitat reinterpretat en la calidesa de la fusta de contraxapat.\" \/>\n<meta property=\"og:url\" content=\"https:\/\/muntaho.com\/es\/producto\/escriptori-dolmen\/\" \/>\n<meta property=\"og:site_name\" content=\"MUNTAHO\" \/>\n<meta property=\"article:modified_time\" content=\"2026-02-17T16:10:11+00:00\" \/>\n<meta property=\"og:image\" content=\"https:\/\/muntaho.com\/wp-content\/uploads\/2025\/06\/botiga-dolmen_escriptori-detal-03.webp\" \/>\n\t<meta property=\"og:image:width\" content=\"1920\" \/>\n\t<meta property=\"og:image:height\" content=\"1280\" \/>\n\t<meta property=\"og:image:type\" content=\"image\/webp\" \/>\n<meta name=\"twitter:card\" content=\"summary_large_image\" \/>\n<meta name=\"twitter:label1\" content=\"Tiempo de lectura\" \/>\n\t<meta name=\"twitter:data1\" content=\"3 minutos\" \/>\n<script type=\"application\/ld+json\" class=\"yoast-schema-graph\">{\"@context\":\"https:\/\/schema.org\",\"@graph\":[{\"@type\":\"WebPage\",\"@id\":\"https:\/\/muntaho.com\/producte\/escriptori-dolmen\/\",\"url\":\"https:\/\/muntaho.com\/producte\/escriptori-dolmen\/\",\"name\":\"Escriptori Dolmen - MUNTAHO\",\"isPartOf\":{\"@id\":\"https:\/\/muntaho.com\/#website\"},\"primaryImageOfPage\":{\"@id\":\"https:\/\/muntaho.com\/producte\/escriptori-dolmen\/#primaryimage\"},\"image\":{\"@id\":\"https:\/\/muntaho.com\/producte\/escriptori-dolmen\/#primaryimage\"},\"thumbnailUrl\":\"https:\/\/muntaho.com\/wp-content\/uploads\/2025\/06\/botiga-dolmen_escriptori-detal-03.webp\",\"datePublished\":\"2025-06-03T11:23:36+00:00\",\"dateModified\":\"2026-02-17T16:10:11+00:00\",\"breadcrumb\":{\"@id\":\"https:\/\/muntaho.com\/producte\/escriptori-dolmen\/#breadcrumb\"},\"inLanguage\":\"es\",\"potentialAction\":[{\"@type\":\"ReadAction\",\"target\":[\"https:\/\/muntaho.com\/producte\/escriptori-dolmen\/\"]}]},{\"@type\":\"ImageObject\",\"inLanguage\":\"es\",\"@id\":\"https:\/\/muntaho.com\/producte\/escriptori-dolmen\/#primaryimage\",\"url\":\"https:\/\/muntaho.com\/wp-content\/uploads\/2025\/06\/botiga-dolmen_escriptori-detal-03.webp\",\"contentUrl\":\"https:\/\/muntaho.com\/wp-content\/uploads\/2025\/06\/botiga-dolmen_escriptori-detal-03.webp\",\"width\":1920,\"height\":1280},{\"@type\":\"BreadcrumbList\",\"@id\":\"https:\/\/muntaho.com\/producte\/escriptori-dolmen\/#breadcrumb\",\"itemListElement\":[{\"@type\":\"ListItem\",\"position\":1,\"name\":\"Inici\",\"item\":\"https:\/\/muntaho.com\/\"},{\"@type\":\"ListItem\",\"position\":2,\"name\":\"Botiga\",\"item\":\"https:\/\/muntaho.com\/botiga\/\"},{\"@type\":\"ListItem\",\"position\":3,\"name\":\"Escriptori Dolmen\"}]},{\"@type\":\"WebSite\",\"@id\":\"https:\/\/muntaho.com\/#website\",\"url\":\"https:\/\/muntaho.com\/\",\"name\":\"Muntaho Store\",\"description\":\"\",\"publisher\":{\"@id\":\"https:\/\/muntaho.com\/#organization\"},\"potentialAction\":[{\"@type\":\"SearchAction\",\"target\":{\"@type\":\"EntryPoint\",\"urlTemplate\":\"https:\/\/muntaho.com\/?s={search_term_string}\"},\"query-input\":{\"@type\":\"PropertyValueSpecification\",\"valueRequired\":true,\"valueName\":\"search_term_string\"}}],\"inLanguage\":\"es\"},{\"@type\":\"Organization\",\"@id\":\"https:\/\/muntaho.com\/#organization\",\"name\":\"Muntaho Store\",\"url\":\"https:\/\/muntaho.com\/\",\"logo\":{\"@type\":\"ImageObject\",\"inLanguage\":\"es\",\"@id\":\"https:\/\/muntaho.com\/#\/schema\/logo\/image\/\",\"url\":\"https:\/\/muntaho.com\/wp-content\/uploads\/2025\/06\/logo-color.svg\",\"contentUrl\":\"https:\/\/muntaho.com\/wp-content\/uploads\/2025\/06\/logo-color.svg\",\"width\":256,\"height\":98,\"caption\":\"Muntaho Store\"},\"image\":{\"@id\":\"https:\/\/muntaho.com\/#\/schema\/logo\/image\/\"}}]}<\/script>\n<!-- \/ Yoast SEO plugin. -->","yoast_head_json":{"title":"Escriptori Dolmen - MUNTAHO","robots":{"index":"index","follow":"follow","max-snippet":"max-snippet:-1","max-image-preview":"max-image-preview:large","max-video-preview":"max-video-preview:-1"},"canonical":"https:\/\/muntaho.com\/es\/producto\/escriptori-dolmen\/","og_locale":"es_ES","og_type":"article","og_title":"Escriptori Dolmen - MUNTAHO","og_description":"\"Dolmen\" \u00e9s un escriptori que transporta l'ess\u00e8ncia imponent de les estructures megal\u00edtiques al teu espai de treball, un eco de l'antiguitat reinterpretat en la calidesa de la fusta de contraxapat.","og_url":"https:\/\/muntaho.com\/es\/producto\/escriptori-dolmen\/","og_site_name":"MUNTAHO","article_modified_time":"2026-02-17T16:10:11+00:00","og_image":[{"width":1920,"height":1280,"url":"https:\/\/muntaho.com\/wp-content\/uploads\/2025\/06\/botiga-dolmen_escriptori-detal-03.webp","type":"image\/webp"}],"twitter_card":"summary_large_image","twitter_misc":{"Tiempo de lectura":"3 minutos"},"schema":{"@context":"https:\/\/schema.org","@graph":[{"@type":"WebPage","@id":"https:\/\/muntaho.com\/producte\/escriptori-dolmen\/","url":"https:\/\/muntaho.com\/producte\/escriptori-dolmen\/","name":"Escriptori Dolmen - MUNTAHO","isPartOf":{"@id":"https:\/\/muntaho.com\/#website"},"primaryImageOfPage":{"@id":"https:\/\/muntaho.com\/producte\/escriptori-dolmen\/#primaryimage"},"image":{"@id":"https:\/\/muntaho.com\/producte\/escriptori-dolmen\/#primaryimage"},"thumbnailUrl":"https:\/\/muntaho.com\/wp-content\/uploads\/2025\/06\/botiga-dolmen_escriptori-detal-03.webp","datePublished":"2025-06-03T11:23:36+00:00","dateModified":"2026-02-17T16:10:11+00:00","breadcrumb":{"@id":"https:\/\/muntaho.com\/producte\/escriptori-dolmen\/#breadcrumb"},"inLanguage":"es","potentialAction":[{"@type":"ReadAction","target":["https:\/\/muntaho.com\/producte\/escriptori-dolmen\/"]}]},{"@type":"ImageObject","inLanguage":"es","@id":"https:\/\/muntaho.com\/producte\/escriptori-dolmen\/#primaryimage","url":"https:\/\/muntaho.com\/wp-content\/uploads\/2025\/06\/botiga-dolmen_escriptori-detal-03.webp","contentUrl":"https:\/\/muntaho.com\/wp-content\/uploads\/2025\/06\/botiga-dolmen_escriptori-detal-03.webp","width":1920,"height":1280},{"@type":"BreadcrumbList","@id":"https:\/\/muntaho.com\/producte\/escriptori-dolmen\/#breadcrumb","itemListElement":[{"@type":"ListItem","position":1,"name":"Inici","item":"https:\/\/muntaho.com\/"},{"@type":"ListItem","position":2,"name":"Botiga","item":"https:\/\/muntaho.com\/botiga\/"},{"@type":"ListItem","position":3,"name":"Escriptori Dolmen"}]},{"@type":"WebSite","@id":"https:\/\/muntaho.com\/#website","url":"https:\/\/muntaho.com\/","name":"Muntaho Store","description":"","publisher":{"@id":"https:\/\/muntaho.com\/#organization"},"potentialAction":[{"@type":"SearchAction","target":{"@type":"EntryPoint","urlTemplate":"https:\/\/muntaho.com\/?s={search_term_string}"},"query-input":{"@type":"PropertyValueSpecification","valueRequired":true,"valueName":"search_term_string"}}],"inLanguage":"es"},{"@type":"Organization","@id":"https:\/\/muntaho.com\/#organization","name":"Muntaho Store","url":"https:\/\/muntaho.com\/","logo":{"@type":"ImageObject","inLanguage":"es","@id":"https:\/\/muntaho.com\/#\/schema\/logo\/image\/","url":"https:\/\/muntaho.com\/wp-content\/uploads\/2025\/06\/logo-color.svg","contentUrl":"https:\/\/muntaho.com\/wp-content\/uploads\/2025\/06\/logo-color.svg","width":256,"height":98,"caption":"Muntaho Store"},"image":{"@id":"https:\/\/muntaho.com\/#\/schema\/logo\/image\/"}}]}},"_links":{"self":[{"href":"https:\/\/muntaho.com\/es\/wp-json\/wp\/v2\/product\/99","targetHints":{"allow":["GET"]}}],"collection":[{"href":"https:\/\/muntaho.com\/es\/wp-json\/wp\/v2\/product"}],"about":[{"href":"https:\/\/muntaho.com\/es\/wp-json\/wp\/v2\/types\/product"}],"wp:featuredmedia":[{"embeddable":true,"href":"https:\/\/muntaho.com\/es\/wp-json\/wp\/v2\/media\/268"}],"wp:attachment":[{"href":"https:\/\/muntaho.com\/es\/wp-json\/wp\/v2\/media?parent=99"}],"wp:term":[{"taxonomy":"product_brand","embeddable":true,"href":"https:\/\/muntaho.com\/es\/wp-json\/wp\/v2\/product_brand?post=99"},{"taxonomy":"product_cat","embeddable":true,"href":"https:\/\/muntaho.com\/es\/wp-json\/wp\/v2\/product_cat?post=99"},{"taxonomy":"product_tag","embeddable":true,"href":"https:\/\/muntaho.com\/es\/wp-json\/wp\/v2\/product_tag?post=99"}],"curies":[{"name":"wp","href":"https:\/\/api.w.org\/{rel}","templated":true}]}}