{"id":166,"date":"2025-06-03T14:27:06","date_gmt":"2025-06-03T12:27:06","guid":{"rendered":"http:\/\/muntaho.com\/?post_type=product&#038;p=166"},"modified":"2026-02-17T17:11:17","modified_gmt":"2026-02-17T16:11:17","slug":"llit-tami","status":"publish","type":"product","link":"https:\/\/muntaho.com\/es\/producto\/llit-tami\/","title":{"rendered":"Cama Tami"},"content":{"rendered":"<div class=\"wp-block-group is-style-section-3 has-global-padding is-layout-constrained wp-block-group-is-layout-constrained is-style-section-3--1\">\r\n<h2 class=\"wp-block-heading\">Descripci\u00f3n<\/h2>\r\n\r\n\r\n\r\n<p>&quot;Tami&quot; es una cama que se inspira en la esencia del dise\u00f1o japon\u00e9s de tatamis, reinterpretando la tradicional estera en una pieza de mobiliario contempor\u00e1nea y elegante. Su concreci\u00f3n formal del somier en forma de listones crea unos celos que suspende el colch\u00f3n a unos cent\u00edmetros del suelo, generando una l\u00ednea de sombra que aporta ligereza visual y un toque distintivo.<\/p>\r\n\r\n\r\n\r\n<p>Las juntas, inspiradas en la tradici\u00f3n constructiva japonesa, aportan un detalle artesanal y una conexi\u00f3n con la herencia cultural. \u201cTami\u201d es algo m\u00e1s que un lugar para descansar; es un espacio de serenidad y armon\u00eda, donde la simplicidad y funcionalidad se combinan para crear un ambiente relajante y equilibrado.<\/p>\r\n<\/div>\r\n\r\n\r\n\r\n<div class=\"wp-block-group is-style-spiel has-global-padding is-layout-constrained wp-block-group-is-layout-constrained is-style-spiel--2\">\r\n<p>Tami: Sue\u00f1o y tradici\u00f3n en suspensi\u00f3n.<\/p>\r\n<\/div>\r\n\r\n\r\n\r\n<div class=\"wp-block-group is-style-section-3 has-global-padding is-layout-constrained wp-block-group-is-layout-constrained is-style-section-3--3\">\r\n<h2 class=\"wp-block-heading\">Varietat d&#8217;acabats &#8220;Llit Tami&#8221;<\/h2>\r\n\r\n\r\n\r\n<ul class=\"wp-block-list\">\r\n<li><strong>Aspecto Natural:<\/strong> La belleza de la madera al desnudo, realzando las vetas naturales de la madera de contrachapado, perfecto para espacios minimalistas, n\u00f3rdicos o con un toque r\u00fastico.<\/li>\r\n<li><strong>Aspecto Nogal:<\/strong> Elegancia atemporal con un toque de calidez, imitando la tonalidad rica y profunda del nogal, ideal para espacios cl\u00e1sicos, contempor\u00e1neos o con un toque de lujo.<\/li>\r\n<li><strong>Aspecto \u00c9bano:<\/strong> Sofisticaci\u00f3 i profunditat, evocant la fusta de ban\u00fas. Ideal per a espais moderns amb tocs elegants.<\/li>\r\n\r\n\r\n<\/ul>\r\n<\/div>\r\n\r\n\r\n\r\n<div class=\"wp-block-group has-global-padding is-layout-constrained wp-block-group-is-layout-constrained\">\r\n<h2 class=\"wp-block-heading\">Caracter\u00edsticas destacadas<\/h2>\r\n\r\n\r\n\r\n<ul class=\"wp-block-list\">\r\n<li>Madera contrachapada de pino de primera calidad<\/li>\r\n<li>Dise\u00f1o inspirado en el dise\u00f1o japon\u00e9s de tatamis.<\/li>\r\n\r\n\r\n\r\n\r\n\r\n<li>Somier con listones que forman unos celos y elevan el colch\u00f3n.<\/li>\r\n\r\n\r\n\r\n<li>Juntas que reflejan la tradici\u00f3n constructiva japonesa.<\/li>\r\n\r\n\r\n\r\n<li>L\u00ednea de sombra que aporta ligereza visual.<\/li>\r\n\r\n\r\n\r\n<li>Construcci\u00f3n s\u00f3lida y estable.<\/li>\r\n<li>Se limpia f\u00e1cilmente con un pa\u00f1o h\u00famedo.<\/li>\r\n<\/ul>\r\n<\/div>\r\n\r\n\r\n\r\n<div class=\"wp-block-group is-style-section-1 has-global-padding is-layout-constrained wp-block-group-is-layout-constrained is-style-section-1--4\" style=\"padding-top: var(--wp--preset--spacing--40); padding-bottom: var(--wp--preset--spacing--40);\">\r\n<h2 class=\"wp-block-heading has-accent-5-color has-text-color has-link-color wp-elements-1fe536f54366681be471d5da58596868\">Ideal para:<\/h2>\r\n\r\n\r\n\r\n<ul class=\"wp-block-list\">\r\n<li>Dormitorios modernos y contempor\u00e1neos.<\/li>\r\n\r\n\r\n\r\n<li>Espacios que buscan crear un ambiente de calma y relajaci\u00f3n.<\/li>\r\n\r\n\r\n\r\n<li>Combinable con otros elementos de mobiliario de l\u00edneas sencillas y materiales naturales.<\/li>\r\n<\/ul>\r\n<\/div>","protected":false},"excerpt":{"rendered":"<p>&quot;Tami&quot; es una cama que se inspira en la esencia del dise\u00f1o japon\u00e9s de tatamis, reinterpretando la tradicional estera en una pieza de mobiliario contempor\u00e1nea y elegante.<\/p>","protected":false},"featured_media":316,"template":"","meta":{"tandem_videos":[]},"product_brand":[],"product_cat":[44],"product_tag":[],"class_list":{"0":"post-166","1":"product","2":"type-product","3":"status-publish","4":"has-post-thumbnail","6":"product_cat-mobles","8":"first","9":"instock","10":"taxable","11":"shipping-taxable","12":"purchasable","13":"product-type-variable","14":"has-default-attributes"},"yoast_head":"<!-- This site is optimized with the Yoast SEO plugin v26.8 - https:\/\/yoast.com\/product\/yoast-seo-wordpress\/ -->\n<title>Llit Tami - MUNTAHO<\/title>\n<meta name=\"robots\" content=\"index, follow, max-snippet:-1, max-image-preview:large, max-video-preview:-1\" \/>\n<link rel=\"canonical\" href=\"https:\/\/muntaho.com\/es\/producto\/llit-tami\/\" \/>\n<meta property=\"og:locale\" content=\"es_ES\" \/>\n<meta property=\"og:type\" content=\"article\" \/>\n<meta property=\"og:title\" content=\"Llit Tami - MUNTAHO\" \/>\n<meta property=\"og:description\" content=\"&quot;Tami&quot; \u00e9s un llit que s&#039;inspira en l&#039;ess\u00e8ncia del disseny japon\u00e8s de tatamis, reinterpretant la tradicional estora en una pe\u00e7a de mobiliari contempor\u00e0nia i elegant.\" \/>\n<meta property=\"og:url\" content=\"https:\/\/muntaho.com\/es\/producto\/llit-tami\/\" \/>\n<meta property=\"og:site_name\" content=\"MUNTAHO\" \/>\n<meta property=\"article:modified_time\" content=\"2026-02-17T16:11:17+00:00\" \/>\n<meta property=\"og:image\" content=\"https:\/\/muntaho.com\/wp-content\/uploads\/2025\/06\/botiga-tami_llit-principal-02.webp\" \/>\n\t<meta property=\"og:image:width\" content=\"1280\" \/>\n\t<meta property=\"og:image:height\" content=\"1920\" \/>\n\t<meta property=\"og:image:type\" content=\"image\/webp\" \/>\n<meta name=\"twitter:card\" content=\"summary_large_image\" \/>\n<meta name=\"twitter:label1\" content=\"Tiempo de lectura\" \/>\n\t<meta name=\"twitter:data1\" content=\"2 minutos\" \/>\n<script type=\"application\/ld+json\" class=\"yoast-schema-graph\">{\"@context\":\"https:\/\/schema.org\",\"@graph\":[{\"@type\":\"WebPage\",\"@id\":\"https:\/\/muntaho.com\/producte\/llit-tami\/\",\"url\":\"https:\/\/muntaho.com\/producte\/llit-tami\/\",\"name\":\"Llit Tami - MUNTAHO\",\"isPartOf\":{\"@id\":\"https:\/\/muntaho.com\/#website\"},\"primaryImageOfPage\":{\"@id\":\"https:\/\/muntaho.com\/producte\/llit-tami\/#primaryimage\"},\"image\":{\"@id\":\"https:\/\/muntaho.com\/producte\/llit-tami\/#primaryimage\"},\"thumbnailUrl\":\"https:\/\/muntaho.com\/wp-content\/uploads\/2025\/06\/botiga-tami_llit-principal-02.webp\",\"datePublished\":\"2025-06-03T12:27:06+00:00\",\"dateModified\":\"2026-02-17T16:11:17+00:00\",\"breadcrumb\":{\"@id\":\"https:\/\/muntaho.com\/producte\/llit-tami\/#breadcrumb\"},\"inLanguage\":\"es\",\"potentialAction\":[{\"@type\":\"ReadAction\",\"target\":[\"https:\/\/muntaho.com\/producte\/llit-tami\/\"]}]},{\"@type\":\"ImageObject\",\"inLanguage\":\"es\",\"@id\":\"https:\/\/muntaho.com\/producte\/llit-tami\/#primaryimage\",\"url\":\"https:\/\/muntaho.com\/wp-content\/uploads\/2025\/06\/botiga-tami_llit-principal-02.webp\",\"contentUrl\":\"https:\/\/muntaho.com\/wp-content\/uploads\/2025\/06\/botiga-tami_llit-principal-02.webp\",\"width\":1280,\"height\":1920},{\"@type\":\"BreadcrumbList\",\"@id\":\"https:\/\/muntaho.com\/producte\/llit-tami\/#breadcrumb\",\"itemListElement\":[{\"@type\":\"ListItem\",\"position\":1,\"name\":\"Inici\",\"item\":\"https:\/\/muntaho.com\/\"},{\"@type\":\"ListItem\",\"position\":2,\"name\":\"Botiga\",\"item\":\"https:\/\/muntaho.com\/botiga\/\"},{\"@type\":\"ListItem\",\"position\":3,\"name\":\"Llit Tami\"}]},{\"@type\":\"WebSite\",\"@id\":\"https:\/\/muntaho.com\/#website\",\"url\":\"https:\/\/muntaho.com\/\",\"name\":\"Muntaho Store\",\"description\":\"\",\"publisher\":{\"@id\":\"https:\/\/muntaho.com\/#organization\"},\"potentialAction\":[{\"@type\":\"SearchAction\",\"target\":{\"@type\":\"EntryPoint\",\"urlTemplate\":\"https:\/\/muntaho.com\/?s={search_term_string}\"},\"query-input\":{\"@type\":\"PropertyValueSpecification\",\"valueRequired\":true,\"valueName\":\"search_term_string\"}}],\"inLanguage\":\"es\"},{\"@type\":\"Organization\",\"@id\":\"https:\/\/muntaho.com\/#organization\",\"name\":\"Muntaho Store\",\"url\":\"https:\/\/muntaho.com\/\",\"logo\":{\"@type\":\"ImageObject\",\"inLanguage\":\"es\",\"@id\":\"https:\/\/muntaho.com\/#\/schema\/logo\/image\/\",\"url\":\"https:\/\/muntaho.com\/wp-content\/uploads\/2025\/06\/logo-color.svg\",\"contentUrl\":\"https:\/\/muntaho.com\/wp-content\/uploads\/2025\/06\/logo-color.svg\",\"width\":256,\"height\":98,\"caption\":\"Muntaho Store\"},\"image\":{\"@id\":\"https:\/\/muntaho.com\/#\/schema\/logo\/image\/\"}}]}<\/script>\n<!-- \/ Yoast SEO plugin. -->","yoast_head_json":{"title":"Llit Tami - MUNTAHO","robots":{"index":"index","follow":"follow","max-snippet":"max-snippet:-1","max-image-preview":"max-image-preview:large","max-video-preview":"max-video-preview:-1"},"canonical":"https:\/\/muntaho.com\/es\/producto\/llit-tami\/","og_locale":"es_ES","og_type":"article","og_title":"Llit Tami - MUNTAHO","og_description":"\"Tami\" \u00e9s un llit que s'inspira en l'ess\u00e8ncia del disseny japon\u00e8s de tatamis, reinterpretant la tradicional estora en una pe\u00e7a de mobiliari contempor\u00e0nia i elegant.","og_url":"https:\/\/muntaho.com\/es\/producto\/llit-tami\/","og_site_name":"MUNTAHO","article_modified_time":"2026-02-17T16:11:17+00:00","og_image":[{"width":1280,"height":1920,"url":"https:\/\/muntaho.com\/wp-content\/uploads\/2025\/06\/botiga-tami_llit-principal-02.webp","type":"image\/webp"}],"twitter_card":"summary_large_image","twitter_misc":{"Tiempo de lectura":"2 minutos"},"schema":{"@context":"https:\/\/schema.org","@graph":[{"@type":"WebPage","@id":"https:\/\/muntaho.com\/producte\/llit-tami\/","url":"https:\/\/muntaho.com\/producte\/llit-tami\/","name":"Llit Tami - MUNTAHO","isPartOf":{"@id":"https:\/\/muntaho.com\/#website"},"primaryImageOfPage":{"@id":"https:\/\/muntaho.com\/producte\/llit-tami\/#primaryimage"},"image":{"@id":"https:\/\/muntaho.com\/producte\/llit-tami\/#primaryimage"},"thumbnailUrl":"https:\/\/muntaho.com\/wp-content\/uploads\/2025\/06\/botiga-tami_llit-principal-02.webp","datePublished":"2025-06-03T12:27:06+00:00","dateModified":"2026-02-17T16:11:17+00:00","breadcrumb":{"@id":"https:\/\/muntaho.com\/producte\/llit-tami\/#breadcrumb"},"inLanguage":"es","potentialAction":[{"@type":"ReadAction","target":["https:\/\/muntaho.com\/producte\/llit-tami\/"]}]},{"@type":"ImageObject","inLanguage":"es","@id":"https:\/\/muntaho.com\/producte\/llit-tami\/#primaryimage","url":"https:\/\/muntaho.com\/wp-content\/uploads\/2025\/06\/botiga-tami_llit-principal-02.webp","contentUrl":"https:\/\/muntaho.com\/wp-content\/uploads\/2025\/06\/botiga-tami_llit-principal-02.webp","width":1280,"height":1920},{"@type":"BreadcrumbList","@id":"https:\/\/muntaho.com\/producte\/llit-tami\/#breadcrumb","itemListElement":[{"@type":"ListItem","position":1,"name":"Inici","item":"https:\/\/muntaho.com\/"},{"@type":"ListItem","position":2,"name":"Botiga","item":"https:\/\/muntaho.com\/botiga\/"},{"@type":"ListItem","position":3,"name":"Llit Tami"}]},{"@type":"WebSite","@id":"https:\/\/muntaho.com\/#website","url":"https:\/\/muntaho.com\/","name":"Muntaho Store","description":"","publisher":{"@id":"https:\/\/muntaho.com\/#organization"},"potentialAction":[{"@type":"SearchAction","target":{"@type":"EntryPoint","urlTemplate":"https:\/\/muntaho.com\/?s={search_term_string}"},"query-input":{"@type":"PropertyValueSpecification","valueRequired":true,"valueName":"search_term_string"}}],"inLanguage":"es"},{"@type":"Organization","@id":"https:\/\/muntaho.com\/#organization","name":"Muntaho Store","url":"https:\/\/muntaho.com\/","logo":{"@type":"ImageObject","inLanguage":"es","@id":"https:\/\/muntaho.com\/#\/schema\/logo\/image\/","url":"https:\/\/muntaho.com\/wp-content\/uploads\/2025\/06\/logo-color.svg","contentUrl":"https:\/\/muntaho.com\/wp-content\/uploads\/2025\/06\/logo-color.svg","width":256,"height":98,"caption":"Muntaho Store"},"image":{"@id":"https:\/\/muntaho.com\/#\/schema\/logo\/image\/"}}]}},"_links":{"self":[{"href":"https:\/\/muntaho.com\/es\/wp-json\/wp\/v2\/product\/166","targetHints":{"allow":["GET"]}}],"collection":[{"href":"https:\/\/muntaho.com\/es\/wp-json\/wp\/v2\/product"}],"about":[{"href":"https:\/\/muntaho.com\/es\/wp-json\/wp\/v2\/types\/product"}],"wp:featuredmedia":[{"embeddable":true,"href":"https:\/\/muntaho.com\/es\/wp-json\/wp\/v2\/media\/316"}],"wp:attachment":[{"href":"https:\/\/muntaho.com\/es\/wp-json\/wp\/v2\/media?parent=166"}],"wp:term":[{"taxonomy":"product_brand","embeddable":true,"href":"https:\/\/muntaho.com\/es\/wp-json\/wp\/v2\/product_brand?post=166"},{"taxonomy":"product_cat","embeddable":true,"href":"https:\/\/muntaho.com\/es\/wp-json\/wp\/v2\/product_cat?post=166"},{"taxonomy":"product_tag","embeddable":true,"href":"https:\/\/muntaho.com\/es\/wp-json\/wp\/v2\/product_tag?post=166"}],"curies":[{"name":"wp","href":"https:\/\/api.w.org\/{rel}","templated":true}]}}