{"id":160,"date":"2025-06-03T14:19:31","date_gmt":"2025-06-03T12:19:31","guid":{"rendered":"http:\/\/muntaho.com\/?post_type=product&#038;p=160"},"modified":"2026-04-15T13:03:11","modified_gmt":"2026-04-15T11:03:11","slug":"tauleta-de-nit-dolmen","status":"publish","type":"product","link":"https:\/\/muntaho.com\/es\/producto\/tauleta-de-nit-dolmen\/","title":{"rendered":"Tauleta de nit Dolmen"},"content":{"rendered":"<div class=\"wp-block-group is-style-section-3 has-global-padding is-layout-constrained wp-block-group-is-layout-constrained is-style-section-3--1\">\r\n<h2 class=\"wp-block-heading\">Descripci\u00f3n<\/h2>\r\n\r\n\r\n\r\n<p>La tauleta de nit Dolmen \u00e9s una escultura funcional, un mon\u00f2lit de fusta que transcendeix la mera utilitat per convertir-se en una pe\u00e7a central del vostre dormitori. Inspirada en la simplicitat i la for\u00e7a dels mon\u00f2lits, la tauleta Dolmen es presenta com un calze de fusta, elevant la vostra experi\u00e8ncia de descans a un nou nivell de sofisticaci\u00f3.<\/p>\r\n\r\n\r\n\r\n<p>Els dos calaixos s&#8217;integren perfectament en el disseny, amb tiradors ocults que preserven la puresa de la forma. Les vetes cont\u00ednues entre els calaixos revelen la cura i la precisi\u00f3 artesanal, una prova de la nostra dedicaci\u00f3 a la qualitat i l&#8217;atenci\u00f3 al detall.<\/p>\r\n\r\n\r\n\r\n<p>Aquesta article \u00e9s m\u00e9s que una tauleta de nit; \u00e9s una pe\u00e7a atemporal que s&#8217;adapta amb facilitat a qualsevol estil, des del minimalisme modern fins a la calidesa r\u00fastica. La seva pres\u00e8ncia silenciosa aporta un toc d&#8217;eleg\u00e0ncia i serenitat a la vostra habitaci\u00f3.<\/p>\r\n<\/div>\r\n\r\n\r\n\r\n<div class=\"wp-block-group is-style-spiel has-global-padding is-layout-constrained wp-block-group-is-layout-constrained is-style-spiel--2\">\r\n<p>MON\u00d3LITO DE MADERA Y ELEGANCIA ATEMPORAL<\/p>\r\n<\/div>\r\n\r\n\r\n\r\n<div class=\"wp-block-group is-style-section-3 has-global-padding is-layout-constrained wp-block-group-is-layout-constrained is-style-section-3--3\">\r\n<p>La funcionalitat es combina amb l&#8217;art Dolmen. El sobre limitat f\u00edsicament ofereix un espai segur per als vostres objectes personals, mentre que les petites lleixes perimetrals serveixen per deixar llibres o permeten moure la tauleta amb comoditat, demostrant que la bellesa i la practicitat poden coexistir en perfecta harmonia.<\/p>\r\n<h2 class=\"wp-block-heading\">Varietat d&#8217;acabats &#8220;Tauleta de nit Dolmen&#8221;<\/h2>\r\n<p>\r\n\r\n<\/p>\r\n<ul class=\"wp-block-list\">\r\n<li><strong>Aspecto Natural:<\/strong> La belleza de la madera al desnudo, realzando las vetas naturales de la madera de contrachapado, perfecto para espacios minimalistas, n\u00f3rdicos o con un toque r\u00fastico.<\/li>\r\n<li><strong>Aspecto Nogal:<\/strong> Elegancia atemporal con un toque de calidez, imitando la tonalidad rica y profunda del nogal, ideal para espacios cl\u00e1sicos, contempor\u00e1neos o con un toque de lujo.<\/li>\r\n<li><strong>Aspecte Ban\u00fas<\/strong>: Misteri i profunditat en un acabat modern, evocant la tonalitat profunda i misteriosa de la fusta ban\u00fas, ideal per a espais moderns amb tocs industrials.<\/li>\r\n<\/ul>\r\n<\/div>\r\n\r\n\r\n\r\n<div class=\"wp-block-group has-global-padding is-layout-constrained wp-block-group-is-layout-constrained\">\r\n<h2 class=\"wp-block-heading\">Caracter\u00edsticas destacadas<\/h2>\r\n\r\n\r\n\r\n<ul class=\"wp-block-list\">\r\n<li>Disseny inspirat en mon\u00f2lits, amb forma de calze conjugat amb la sintaxi tradicional japonesa.<\/li>\r\n\r\n\r\n\r\n<li>Fusta contraxapada de pi de primera qualitat.<\/li>\r\n\r\n\r\n\r\n<li>Dos cajones con tiradores ocultos y vetas continuas (hechos con un solo panel).<\/li>\r\n\r\n\r\n\r\n<li>Sobre con limitaci\u00f3n f\u00edsica para evitar ca\u00eddas de objetos.<\/li>\r\n\r\n\r\n\r\n<li>Lleixes perimetrals per a llibres.<\/li>\r\n\r\n\r\n\r\n<li>Dise\u00f1o atemporal y conjugable a varios estilos.<\/li>\r\n\r\n\r\n\r\n\r\n\r\n<li>Acabats artesanals amb productes ecol\u00f2gics.<\/li>\r\n<li>Se limpia f\u00e1cilmente con un pa\u00f1o h\u00famedo.<\/li>\r\n<\/ul>\r\n<\/div>\r\n\r\n\r\n\r\n<div class=\"wp-block-group is-style-section-1 has-global-padding is-layout-constrained wp-block-group-is-layout-constrained is-style-section-1--4\" style=\"padding-top: var(--wp--preset--spacing--40); padding-bottom: var(--wp--preset--spacing--40);\">\r\n<h2 class=\"wp-block-heading has-accent-5-color has-text-color has-link-color wp-elements-1fe536f54366681be471d5da58596868\">Ideal para:<\/h2>\r\n\r\n\r\n\r\n<ul class=\"wp-block-list is-style-ballots is-style-ballots--5\">\r\n<li>Amantes del dise\u00f1o escultural y minimalista<\/li>\r\n\r\n\r\n\r\n<li>Personas que aprecian la funcionalidad y la calidad<\/li>\r\n\r\n\r\n\r\n<li>Aquellos que buscan una mesita de noche \u00fanica e impactante<\/li>\r\n<\/ul>\r\n<\/div>","protected":false},"excerpt":{"rendered":"<p>La tauleta de nit &#8216;Dolmen&#8217; \u00e9s una escultura funcional, un mon\u00f2lit de fusta que transcendeix la mera utilitat per convertir-se en una pe\u00e7a central del vostre dormitori.<\/p>","protected":false},"featured_media":304,"template":"","meta":{"tandem_videos":[]},"product_brand":[],"product_cat":[44],"product_tag":[],"class_list":{"0":"post-160","1":"product","2":"type-product","3":"status-publish","4":"has-post-thumbnail","6":"product_cat-mobles","8":"first","9":"instock","10":"taxable","11":"shipping-taxable","12":"purchasable","13":"product-type-variable","14":"has-default-attributes"},"yoast_head":"<!-- This site is optimized with the Yoast SEO plugin v26.8 - https:\/\/yoast.com\/product\/yoast-seo-wordpress\/ -->\n<title>Tauleta de nit Dolmen - MUNTAHO<\/title>\n<meta name=\"robots\" content=\"index, follow, max-snippet:-1, max-image-preview:large, max-video-preview:-1\" \/>\n<link rel=\"canonical\" href=\"https:\/\/muntaho.com\/es\/producto\/tauleta-de-nit-dolmen\/\" \/>\n<meta property=\"og:locale\" content=\"es_ES\" \/>\n<meta property=\"og:type\" content=\"article\" \/>\n<meta property=\"og:title\" content=\"Tauleta de nit Dolmen - MUNTAHO\" \/>\n<meta property=\"og:description\" content=\"La tauleta de nit &#039;Dolmen&#039; \u00e9s una escultura funcional, un mon\u00f2lit de fusta que transcendeix la mera utilitat per convertir-se en una pe\u00e7a central del vostre dormitori.\" \/>\n<meta property=\"og:url\" content=\"https:\/\/muntaho.com\/es\/producto\/tauleta-de-nit-dolmen\/\" \/>\n<meta property=\"og:site_name\" content=\"MUNTAHO\" \/>\n<meta property=\"article:modified_time\" content=\"2026-04-15T11:03:11+00:00\" \/>\n<meta property=\"og:image\" content=\"https:\/\/muntaho.com\/wp-content\/uploads\/2025\/06\/botiga-iconica_tauleta_de_nit-principal-01.webp\" \/>\n\t<meta property=\"og:image:width\" content=\"1440\" \/>\n\t<meta property=\"og:image:height\" content=\"1920\" \/>\n\t<meta property=\"og:image:type\" content=\"image\/webp\" \/>\n<meta name=\"twitter:card\" content=\"summary_large_image\" \/>\n<meta name=\"twitter:label1\" content=\"Tiempo de lectura\" \/>\n\t<meta name=\"twitter:data1\" content=\"3 minutos\" \/>\n<script type=\"application\/ld+json\" class=\"yoast-schema-graph\">{\"@context\":\"https:\/\/schema.org\",\"@graph\":[{\"@type\":\"WebPage\",\"@id\":\"https:\/\/muntaho.com\/producte\/tauleta-de-nit-dolmen\/\",\"url\":\"https:\/\/muntaho.com\/producte\/tauleta-de-nit-dolmen\/\",\"name\":\"Tauleta de nit Dolmen - MUNTAHO\",\"isPartOf\":{\"@id\":\"https:\/\/muntaho.com\/#website\"},\"primaryImageOfPage\":{\"@id\":\"https:\/\/muntaho.com\/producte\/tauleta-de-nit-dolmen\/#primaryimage\"},\"image\":{\"@id\":\"https:\/\/muntaho.com\/producte\/tauleta-de-nit-dolmen\/#primaryimage\"},\"thumbnailUrl\":\"https:\/\/muntaho.com\/wp-content\/uploads\/2025\/06\/botiga-iconica_tauleta_de_nit-principal-01.webp\",\"datePublished\":\"2025-06-03T12:19:31+00:00\",\"dateModified\":\"2026-04-15T11:03:11+00:00\",\"breadcrumb\":{\"@id\":\"https:\/\/muntaho.com\/producte\/tauleta-de-nit-dolmen\/#breadcrumb\"},\"inLanguage\":\"es\",\"potentialAction\":[{\"@type\":\"ReadAction\",\"target\":[\"https:\/\/muntaho.com\/producte\/tauleta-de-nit-dolmen\/\"]}]},{\"@type\":\"ImageObject\",\"inLanguage\":\"es\",\"@id\":\"https:\/\/muntaho.com\/producte\/tauleta-de-nit-dolmen\/#primaryimage\",\"url\":\"https:\/\/muntaho.com\/wp-content\/uploads\/2025\/06\/botiga-iconica_tauleta_de_nit-principal-01.webp\",\"contentUrl\":\"https:\/\/muntaho.com\/wp-content\/uploads\/2025\/06\/botiga-iconica_tauleta_de_nit-principal-01.webp\",\"width\":1440,\"height\":1920},{\"@type\":\"BreadcrumbList\",\"@id\":\"https:\/\/muntaho.com\/producte\/tauleta-de-nit-dolmen\/#breadcrumb\",\"itemListElement\":[{\"@type\":\"ListItem\",\"position\":1,\"name\":\"Inici\",\"item\":\"https:\/\/muntaho.com\/\"},{\"@type\":\"ListItem\",\"position\":2,\"name\":\"Botiga\",\"item\":\"https:\/\/muntaho.com\/botiga\/\"},{\"@type\":\"ListItem\",\"position\":3,\"name\":\"Tauleta de nit Dolmen\"}]},{\"@type\":\"WebSite\",\"@id\":\"https:\/\/muntaho.com\/#website\",\"url\":\"https:\/\/muntaho.com\/\",\"name\":\"Muntaho Store\",\"description\":\"\",\"publisher\":{\"@id\":\"https:\/\/muntaho.com\/#organization\"},\"potentialAction\":[{\"@type\":\"SearchAction\",\"target\":{\"@type\":\"EntryPoint\",\"urlTemplate\":\"https:\/\/muntaho.com\/?s={search_term_string}\"},\"query-input\":{\"@type\":\"PropertyValueSpecification\",\"valueRequired\":true,\"valueName\":\"search_term_string\"}}],\"inLanguage\":\"es\"},{\"@type\":\"Organization\",\"@id\":\"https:\/\/muntaho.com\/#organization\",\"name\":\"Muntaho Store\",\"url\":\"https:\/\/muntaho.com\/\",\"logo\":{\"@type\":\"ImageObject\",\"inLanguage\":\"es\",\"@id\":\"https:\/\/muntaho.com\/#\/schema\/logo\/image\/\",\"url\":\"https:\/\/muntaho.com\/wp-content\/uploads\/2025\/06\/logo-color.svg\",\"contentUrl\":\"https:\/\/muntaho.com\/wp-content\/uploads\/2025\/06\/logo-color.svg\",\"width\":256,\"height\":98,\"caption\":\"Muntaho Store\"},\"image\":{\"@id\":\"https:\/\/muntaho.com\/#\/schema\/logo\/image\/\"}}]}<\/script>\n<!-- \/ Yoast SEO plugin. -->","yoast_head_json":{"title":"Tauleta de nit Dolmen - MUNTAHO","robots":{"index":"index","follow":"follow","max-snippet":"max-snippet:-1","max-image-preview":"max-image-preview:large","max-video-preview":"max-video-preview:-1"},"canonical":"https:\/\/muntaho.com\/es\/producto\/tauleta-de-nit-dolmen\/","og_locale":"es_ES","og_type":"article","og_title":"Tauleta de nit Dolmen - MUNTAHO","og_description":"La tauleta de nit 'Dolmen' \u00e9s una escultura funcional, un mon\u00f2lit de fusta que transcendeix la mera utilitat per convertir-se en una pe\u00e7a central del vostre dormitori.","og_url":"https:\/\/muntaho.com\/es\/producto\/tauleta-de-nit-dolmen\/","og_site_name":"MUNTAHO","article_modified_time":"2026-04-15T11:03:11+00:00","og_image":[{"width":1440,"height":1920,"url":"https:\/\/muntaho.com\/wp-content\/uploads\/2025\/06\/botiga-iconica_tauleta_de_nit-principal-01.webp","type":"image\/webp"}],"twitter_card":"summary_large_image","twitter_misc":{"Tiempo de lectura":"3 minutos"},"schema":{"@context":"https:\/\/schema.org","@graph":[{"@type":"WebPage","@id":"https:\/\/muntaho.com\/producte\/tauleta-de-nit-dolmen\/","url":"https:\/\/muntaho.com\/producte\/tauleta-de-nit-dolmen\/","name":"Tauleta de nit Dolmen - MUNTAHO","isPartOf":{"@id":"https:\/\/muntaho.com\/#website"},"primaryImageOfPage":{"@id":"https:\/\/muntaho.com\/producte\/tauleta-de-nit-dolmen\/#primaryimage"},"image":{"@id":"https:\/\/muntaho.com\/producte\/tauleta-de-nit-dolmen\/#primaryimage"},"thumbnailUrl":"https:\/\/muntaho.com\/wp-content\/uploads\/2025\/06\/botiga-iconica_tauleta_de_nit-principal-01.webp","datePublished":"2025-06-03T12:19:31+00:00","dateModified":"2026-04-15T11:03:11+00:00","breadcrumb":{"@id":"https:\/\/muntaho.com\/producte\/tauleta-de-nit-dolmen\/#breadcrumb"},"inLanguage":"es","potentialAction":[{"@type":"ReadAction","target":["https:\/\/muntaho.com\/producte\/tauleta-de-nit-dolmen\/"]}]},{"@type":"ImageObject","inLanguage":"es","@id":"https:\/\/muntaho.com\/producte\/tauleta-de-nit-dolmen\/#primaryimage","url":"https:\/\/muntaho.com\/wp-content\/uploads\/2025\/06\/botiga-iconica_tauleta_de_nit-principal-01.webp","contentUrl":"https:\/\/muntaho.com\/wp-content\/uploads\/2025\/06\/botiga-iconica_tauleta_de_nit-principal-01.webp","width":1440,"height":1920},{"@type":"BreadcrumbList","@id":"https:\/\/muntaho.com\/producte\/tauleta-de-nit-dolmen\/#breadcrumb","itemListElement":[{"@type":"ListItem","position":1,"name":"Inici","item":"https:\/\/muntaho.com\/"},{"@type":"ListItem","position":2,"name":"Botiga","item":"https:\/\/muntaho.com\/botiga\/"},{"@type":"ListItem","position":3,"name":"Tauleta de nit Dolmen"}]},{"@type":"WebSite","@id":"https:\/\/muntaho.com\/#website","url":"https:\/\/muntaho.com\/","name":"Muntaho Store","description":"","publisher":{"@id":"https:\/\/muntaho.com\/#organization"},"potentialAction":[{"@type":"SearchAction","target":{"@type":"EntryPoint","urlTemplate":"https:\/\/muntaho.com\/?s={search_term_string}"},"query-input":{"@type":"PropertyValueSpecification","valueRequired":true,"valueName":"search_term_string"}}],"inLanguage":"es"},{"@type":"Organization","@id":"https:\/\/muntaho.com\/#organization","name":"Muntaho Store","url":"https:\/\/muntaho.com\/","logo":{"@type":"ImageObject","inLanguage":"es","@id":"https:\/\/muntaho.com\/#\/schema\/logo\/image\/","url":"https:\/\/muntaho.com\/wp-content\/uploads\/2025\/06\/logo-color.svg","contentUrl":"https:\/\/muntaho.com\/wp-content\/uploads\/2025\/06\/logo-color.svg","width":256,"height":98,"caption":"Muntaho Store"},"image":{"@id":"https:\/\/muntaho.com\/#\/schema\/logo\/image\/"}}]}},"_links":{"self":[{"href":"https:\/\/muntaho.com\/es\/wp-json\/wp\/v2\/product\/160","targetHints":{"allow":["GET"]}}],"collection":[{"href":"https:\/\/muntaho.com\/es\/wp-json\/wp\/v2\/product"}],"about":[{"href":"https:\/\/muntaho.com\/es\/wp-json\/wp\/v2\/types\/product"}],"wp:featuredmedia":[{"embeddable":true,"href":"https:\/\/muntaho.com\/es\/wp-json\/wp\/v2\/media\/304"}],"wp:attachment":[{"href":"https:\/\/muntaho.com\/es\/wp-json\/wp\/v2\/media?parent=160"}],"wp:term":[{"taxonomy":"product_brand","embeddable":true,"href":"https:\/\/muntaho.com\/es\/wp-json\/wp\/v2\/product_brand?post=160"},{"taxonomy":"product_cat","embeddable":true,"href":"https:\/\/muntaho.com\/es\/wp-json\/wp\/v2\/product_cat?post=160"},{"taxonomy":"product_tag","embeddable":true,"href":"https:\/\/muntaho.com\/es\/wp-json\/wp\/v2\/product_tag?post=160"}],"curies":[{"name":"wp","href":"https:\/\/api.w.org\/{rel}","templated":true}]}}