{"id":148,"date":"2025-06-03T14:08:09","date_gmt":"2025-06-03T12:08:09","guid":{"rendered":"http:\/\/muntaho.com\/?post_type=product&#038;p=148"},"modified":"2026-02-13T11:47:07","modified_gmt":"2026-02-13T10:47:07","slug":"tamburet-su","status":"publish","type":"product","link":"https:\/\/muntaho.com\/es\/producto\/tamburet-su\/","title":{"rendered":"Taburete Su"},"content":{"rendered":"<div class=\"wp-block-group is-style-section-3 has-global-padding is-layout-constrained wp-block-group-is-layout-constrained is-style-section-3--1\">\r\n<h2 class=\"wp-block-heading\">Descripci\u00f3n<\/h2>\r\n\r\n\r\n\r\n<p>\u201cSu\u201d es un taburete que desaf\u00eda la complejidad, una oda a la simplicidad en su forma m\u00e1s pura. Tres piezas de madera maciza se entrelazan en una danza geom\u00e9trica, creando una pieza que trasciende su funci\u00f3n para convertirse en una escultura minimalista.<\/p>\r\n\r\n\r\n\r\n<p>Con una altura ergon\u00f3mica de 38 cm, \u201cSu\u201d invita al descanso y la relajaci\u00f3n. Su versatilidad se manifiesta en la capacidad de transformarse en una tableta auxiliar, adapt\u00e1ndose a tus necesidades.<\/p>\r\n\r\n\r\n\r\n<p>La junta central en forma de cruz, un punto de encuentro entre tradici\u00f3n y modernidad, contrasta con la fluidez org\u00e1nica de las vetas de la madera. Los pasadores, como acentos de color oscuro, aseguran la rigidez y facilitan el montaje y desmontaje, revelando la inteligencia del dise\u00f1o.<\/p>\r\n\r\n\r\n\r\n<p>Su es una pieza atemporal que aporta calidez y serenidad a cualquier espacio, desde un rinc\u00f3n de lectura hasta una sala de estar minimalista.<\/p>\r\n<\/div>\r\n\r\n\r\n\r\n<div class=\"wp-block-group is-style-spiel has-global-padding is-layout-constrained wp-block-group-is-layout-constrained is-style-spiel--2\">\r\n<p>Tres piezas para crear el objeto m\u00e1s divertido de <em>Muntaho<\/em><\/p>\r\n<\/div>\r\n\r\n\r\n\r\n<div class=\"wp-block-group is-style-section-3 has-global-padding is-layout-constrained wp-block-group-is-layout-constrained is-style-section-3--3\">\r\n<h2 class=\"wp-block-heading\">Varietats d\u2019acabats &#8220;Tamboret Su&#8221;<\/h2>\r\n\r\n\r\n\r\n<ul class=\"wp-block-list\">\r\n<li><strong>Aspecto Natural:<\/strong> La belleza de la madera al desnudo, realzando las vetas naturales de la madera de contrachapado, perfecto para espacios minimalistas, n\u00f3rdicos o con un toque r\u00fastico.<\/li>\r\n<li><strong>Aspecto Nogal:<\/strong> Elegancia atemporal con un toque de calidez, imitando la tonalidad rica y profunda del nogal, ideal para espacios cl\u00e1sicos, contempor\u00e1neos o con un toque de lujo.<\/li>\r\n<li><strong>Aspecto \u00c9bano:<\/strong> Misterio y profundidad en un acabado moderno, evocando la tonalidad profunda y misteriosa de la madera \u00e9bano, ideal para espacios modernos con toques industriales.<\/li>\r\n\r\n\r\n<\/ul>\r\n<\/div>\r\n\r\n\r\n\r\n<div class=\"wp-block-group has-global-padding is-layout-constrained wp-block-group-is-layout-constrained\">\r\n<h2 class=\"wp-block-heading\">Caracter\u00edsticas destacadas<\/h2>\r\n\r\n\r\n\r\n<ul class=\"wp-block-list\">\r\n<li>Dise\u00f1o minimalista y escultural, compuesto por tres piezas.<\/li>\r\n\r\n\r\n\r\n<li>Madera maciza de contrachapado de pino de alta calidad certificaci\u00f3n<\/li>\r\n\r\n\r\n\r\n<li>Junta central en forma de cruz, contraste con las vetas de la madera.<\/li>\r\n\r\n\r\n\r\n<li>Pasadores de color oscuro para rigidez y f\u00e1cil montaje.<\/li>\r\n\r\n\r\n\r\n<li>Versatilidad: taburete y mesita auxiliar.<\/li>\r\n\r\n\r\n\r\n<li>Sobres disponibles en forma redonda o cuadrada.<\/li>\r\n\r\n\r\n\r\n<li>Altura ergon\u00f3mica para mayor comodidad (38 cm + opci\u00f3n de almohada).<\/li>\r\n\r\n\r\n\r\n<li>Montaje sencillo.<\/li>\r\n<li>Se limpia f\u00e1cilmente con un pa\u00f1o h\u00famedo.<\/li>\r\n<\/ul>\r\n<\/div>\r\n\r\n\r\n\r\n<div class=\"wp-block-group is-style-section-1 has-global-padding is-layout-constrained wp-block-group-is-layout-constrained is-style-section-1--4\" style=\"padding-top: var(--wp--preset--spacing--40); padding-bottom: var(--wp--preset--spacing--40);\">\r\n<h2 class=\"wp-block-heading has-accent-5-color has-text-color has-link-color wp-elements-1fe536f54366681be471d5da58596868\">Ideal para:<\/h2>\r\n\r\n\r\n\r\n<ul class=\"wp-block-list\">\r\n<li>Amantes del dise\u00f1o minimalista y funcional.<\/li>\r\n\r\n\r\n\r\n<li>Personas que buscan muebles vers\u00e1tiles y adaptables.<\/li>\r\n\r\n\r\n\r\n<li>Aquellos que aprecian la belleza de la madera natural y la artesan\u00eda.<\/li>\r\n\r\n\r\n\r\n<li>Para poner en un lugar de lectura, o como taburete extra, para cuando tienes visitas.<\/li>\r\n<\/ul>\r\n<\/div>","protected":false},"excerpt":{"rendered":"<p>\u201cSu\u201d es un taburete que desaf\u00eda la complejidad, una oda a la simplicidad en su forma m\u00e1s pura.<\/p>","protected":false},"featured_media":310,"template":"","meta":{"tandem_videos":[]},"product_brand":[],"product_cat":[44],"product_tag":[],"class_list":{"0":"post-148","1":"product","2":"type-product","3":"status-publish","4":"has-post-thumbnail","6":"product_cat-mobles","8":"first","9":"instock","10":"featured","11":"taxable","12":"shipping-taxable","13":"purchasable","14":"product-type-variable","15":"has-default-attributes"},"yoast_head":"<!-- This site is optimized with the Yoast SEO plugin v26.8 - https:\/\/yoast.com\/product\/yoast-seo-wordpress\/ -->\n<title>Tamburet Su - MUNTAHO<\/title>\n<meta name=\"robots\" content=\"index, follow, max-snippet:-1, max-image-preview:large, max-video-preview:-1\" \/>\n<link rel=\"canonical\" href=\"https:\/\/muntaho.com\/es\/producto\/tamburet-su\/\" \/>\n<meta property=\"og:locale\" content=\"es_ES\" \/>\n<meta property=\"og:type\" content=\"article\" \/>\n<meta property=\"og:title\" content=\"Tamburet Su - MUNTAHO\" \/>\n<meta property=\"og:description\" content=\"&quot;Su&quot; \u00e9s un tamboret que desafia la complexitat, una oda a la simplicitat en la seva forma m\u00e9s pura.\" \/>\n<meta property=\"og:url\" content=\"https:\/\/muntaho.com\/es\/producto\/tamburet-su\/\" \/>\n<meta property=\"og:site_name\" content=\"MUNTAHO\" \/>\n<meta property=\"article:modified_time\" content=\"2026-02-13T10:47:07+00:00\" \/>\n<meta property=\"og:image\" content=\"https:\/\/muntaho.com\/wp-content\/uploads\/2025\/06\/botiga-su_tamburet_rodo-principal-01-e1770044304936.webp\" \/>\n\t<meta property=\"og:image:width\" content=\"1174\" \/>\n\t<meta property=\"og:image:height\" content=\"1754\" \/>\n\t<meta property=\"og:image:type\" content=\"image\/webp\" \/>\n<meta name=\"twitter:card\" content=\"summary_large_image\" \/>\n<meta name=\"twitter:label1\" content=\"Tiempo de lectura\" \/>\n\t<meta name=\"twitter:data1\" content=\"3 minutos\" \/>\n<script type=\"application\/ld+json\" class=\"yoast-schema-graph\">{\"@context\":\"https:\/\/schema.org\",\"@graph\":[{\"@type\":\"WebPage\",\"@id\":\"https:\/\/muntaho.com\/producte\/tamburet-su\/\",\"url\":\"https:\/\/muntaho.com\/producte\/tamburet-su\/\",\"name\":\"Tamburet Su - MUNTAHO\",\"isPartOf\":{\"@id\":\"https:\/\/muntaho.com\/#website\"},\"primaryImageOfPage\":{\"@id\":\"https:\/\/muntaho.com\/producte\/tamburet-su\/#primaryimage\"},\"image\":{\"@id\":\"https:\/\/muntaho.com\/producte\/tamburet-su\/#primaryimage\"},\"thumbnailUrl\":\"https:\/\/muntaho.com\/wp-content\/uploads\/2025\/06\/botiga-su_tamburet_rodo-principal-01-e1770044304936.webp\",\"datePublished\":\"2025-06-03T12:08:09+00:00\",\"dateModified\":\"2026-02-13T10:47:07+00:00\",\"breadcrumb\":{\"@id\":\"https:\/\/muntaho.com\/producte\/tamburet-su\/#breadcrumb\"},\"inLanguage\":\"es\",\"potentialAction\":[{\"@type\":\"ReadAction\",\"target\":[\"https:\/\/muntaho.com\/producte\/tamburet-su\/\"]}]},{\"@type\":\"ImageObject\",\"inLanguage\":\"es\",\"@id\":\"https:\/\/muntaho.com\/producte\/tamburet-su\/#primaryimage\",\"url\":\"https:\/\/muntaho.com\/wp-content\/uploads\/2025\/06\/botiga-su_tamburet_rodo-principal-01-e1770044304936.webp\",\"contentUrl\":\"https:\/\/muntaho.com\/wp-content\/uploads\/2025\/06\/botiga-su_tamburet_rodo-principal-01-e1770044304936.webp\",\"width\":1174,\"height\":1754},{\"@type\":\"BreadcrumbList\",\"@id\":\"https:\/\/muntaho.com\/producte\/tamburet-su\/#breadcrumb\",\"itemListElement\":[{\"@type\":\"ListItem\",\"position\":1,\"name\":\"Inici\",\"item\":\"https:\/\/muntaho.com\/\"},{\"@type\":\"ListItem\",\"position\":2,\"name\":\"Botiga\",\"item\":\"https:\/\/muntaho.com\/botiga\/\"},{\"@type\":\"ListItem\",\"position\":3,\"name\":\"Tamburet Su\"}]},{\"@type\":\"WebSite\",\"@id\":\"https:\/\/muntaho.com\/#website\",\"url\":\"https:\/\/muntaho.com\/\",\"name\":\"Muntaho Store\",\"description\":\"\",\"publisher\":{\"@id\":\"https:\/\/muntaho.com\/#organization\"},\"potentialAction\":[{\"@type\":\"SearchAction\",\"target\":{\"@type\":\"EntryPoint\",\"urlTemplate\":\"https:\/\/muntaho.com\/?s={search_term_string}\"},\"query-input\":{\"@type\":\"PropertyValueSpecification\",\"valueRequired\":true,\"valueName\":\"search_term_string\"}}],\"inLanguage\":\"es\"},{\"@type\":\"Organization\",\"@id\":\"https:\/\/muntaho.com\/#organization\",\"name\":\"Muntaho Store\",\"url\":\"https:\/\/muntaho.com\/\",\"logo\":{\"@type\":\"ImageObject\",\"inLanguage\":\"es\",\"@id\":\"https:\/\/muntaho.com\/#\/schema\/logo\/image\/\",\"url\":\"https:\/\/muntaho.com\/wp-content\/uploads\/2025\/06\/logo-color.svg\",\"contentUrl\":\"https:\/\/muntaho.com\/wp-content\/uploads\/2025\/06\/logo-color.svg\",\"width\":256,\"height\":98,\"caption\":\"Muntaho Store\"},\"image\":{\"@id\":\"https:\/\/muntaho.com\/#\/schema\/logo\/image\/\"}}]}<\/script>\n<!-- \/ Yoast SEO plugin. -->","yoast_head_json":{"title":"Tamburet Su - MUNTAHO","robots":{"index":"index","follow":"follow","max-snippet":"max-snippet:-1","max-image-preview":"max-image-preview:large","max-video-preview":"max-video-preview:-1"},"canonical":"https:\/\/muntaho.com\/es\/producto\/tamburet-su\/","og_locale":"es_ES","og_type":"article","og_title":"Tamburet Su - MUNTAHO","og_description":"\"Su\" \u00e9s un tamboret que desafia la complexitat, una oda a la simplicitat en la seva forma m\u00e9s pura.","og_url":"https:\/\/muntaho.com\/es\/producto\/tamburet-su\/","og_site_name":"MUNTAHO","article_modified_time":"2026-02-13T10:47:07+00:00","og_image":[{"width":1174,"height":1754,"url":"https:\/\/muntaho.com\/wp-content\/uploads\/2025\/06\/botiga-su_tamburet_rodo-principal-01-e1770044304936.webp","type":"image\/webp"}],"twitter_card":"summary_large_image","twitter_misc":{"Tiempo de lectura":"3 minutos"},"schema":{"@context":"https:\/\/schema.org","@graph":[{"@type":"WebPage","@id":"https:\/\/muntaho.com\/producte\/tamburet-su\/","url":"https:\/\/muntaho.com\/producte\/tamburet-su\/","name":"Tamburet Su - MUNTAHO","isPartOf":{"@id":"https:\/\/muntaho.com\/#website"},"primaryImageOfPage":{"@id":"https:\/\/muntaho.com\/producte\/tamburet-su\/#primaryimage"},"image":{"@id":"https:\/\/muntaho.com\/producte\/tamburet-su\/#primaryimage"},"thumbnailUrl":"https:\/\/muntaho.com\/wp-content\/uploads\/2025\/06\/botiga-su_tamburet_rodo-principal-01-e1770044304936.webp","datePublished":"2025-06-03T12:08:09+00:00","dateModified":"2026-02-13T10:47:07+00:00","breadcrumb":{"@id":"https:\/\/muntaho.com\/producte\/tamburet-su\/#breadcrumb"},"inLanguage":"es","potentialAction":[{"@type":"ReadAction","target":["https:\/\/muntaho.com\/producte\/tamburet-su\/"]}]},{"@type":"ImageObject","inLanguage":"es","@id":"https:\/\/muntaho.com\/producte\/tamburet-su\/#primaryimage","url":"https:\/\/muntaho.com\/wp-content\/uploads\/2025\/06\/botiga-su_tamburet_rodo-principal-01-e1770044304936.webp","contentUrl":"https:\/\/muntaho.com\/wp-content\/uploads\/2025\/06\/botiga-su_tamburet_rodo-principal-01-e1770044304936.webp","width":1174,"height":1754},{"@type":"BreadcrumbList","@id":"https:\/\/muntaho.com\/producte\/tamburet-su\/#breadcrumb","itemListElement":[{"@type":"ListItem","position":1,"name":"Inici","item":"https:\/\/muntaho.com\/"},{"@type":"ListItem","position":2,"name":"Botiga","item":"https:\/\/muntaho.com\/botiga\/"},{"@type":"ListItem","position":3,"name":"Tamburet Su"}]},{"@type":"WebSite","@id":"https:\/\/muntaho.com\/#website","url":"https:\/\/muntaho.com\/","name":"Muntaho Store","description":"","publisher":{"@id":"https:\/\/muntaho.com\/#organization"},"potentialAction":[{"@type":"SearchAction","target":{"@type":"EntryPoint","urlTemplate":"https:\/\/muntaho.com\/?s={search_term_string}"},"query-input":{"@type":"PropertyValueSpecification","valueRequired":true,"valueName":"search_term_string"}}],"inLanguage":"es"},{"@type":"Organization","@id":"https:\/\/muntaho.com\/#organization","name":"Muntaho Store","url":"https:\/\/muntaho.com\/","logo":{"@type":"ImageObject","inLanguage":"es","@id":"https:\/\/muntaho.com\/#\/schema\/logo\/image\/","url":"https:\/\/muntaho.com\/wp-content\/uploads\/2025\/06\/logo-color.svg","contentUrl":"https:\/\/muntaho.com\/wp-content\/uploads\/2025\/06\/logo-color.svg","width":256,"height":98,"caption":"Muntaho Store"},"image":{"@id":"https:\/\/muntaho.com\/#\/schema\/logo\/image\/"}}]}},"_links":{"self":[{"href":"https:\/\/muntaho.com\/es\/wp-json\/wp\/v2\/product\/148","targetHints":{"allow":["GET"]}}],"collection":[{"href":"https:\/\/muntaho.com\/es\/wp-json\/wp\/v2\/product"}],"about":[{"href":"https:\/\/muntaho.com\/es\/wp-json\/wp\/v2\/types\/product"}],"wp:featuredmedia":[{"embeddable":true,"href":"https:\/\/muntaho.com\/es\/wp-json\/wp\/v2\/media\/310"}],"wp:attachment":[{"href":"https:\/\/muntaho.com\/es\/wp-json\/wp\/v2\/media?parent=148"}],"wp:term":[{"taxonomy":"product_brand","embeddable":true,"href":"https:\/\/muntaho.com\/es\/wp-json\/wp\/v2\/product_brand?post=148"},{"taxonomy":"product_cat","embeddable":true,"href":"https:\/\/muntaho.com\/es\/wp-json\/wp\/v2\/product_cat?post=148"},{"taxonomy":"product_tag","embeddable":true,"href":"https:\/\/muntaho.com\/es\/wp-json\/wp\/v2\/product_tag?post=148"}],"curies":[{"name":"wp","href":"https:\/\/api.w.org\/{rel}","templated":true}]}}