{"id":684,"date":"2025-08-16T13:51:44","date_gmt":"2025-08-16T11:51:44","guid":{"rendered":"https:\/\/muntaho.com\/?page_id=684"},"modified":"2026-01-30T21:32:28","modified_gmt":"2026-01-30T20:32:28","slug":"principis","status":"publish","type":"page","link":"https:\/\/muntaho.com\/es\/principis\/","title":{"rendered":"Principios"},"content":{"rendered":"<!-- Google tag (gtag.js) -->\n<script async src=\"https:\/\/www.googletagmanager.com\/gtag\/js?id=GT-PL3S4625\"><\/script>\n<script>\n  window.dataLayer = window.dataLayer || [];\n  function gtag(){dataLayer.push(arguments);}\n  gtag('js', new Date());\n\n  gtag('config', 'GT-PL3S4625');\n<\/script>\n\n\n<div class=\"wp-block-group alignwide has-global-padding is-layout-constrained wp-block-group-is-layout-constrained\">\n\n\n<figure class=\"wp-block-image alignwide size-full\"><img loading=\"lazy\" decoding=\"async\" width=\"1680\" height=\"1188\" src=\"https:\/\/muntaho.com\/wp-content\/uploads\/2025\/08\/diagrama-valors_ES.webp\" alt=\"\" class=\"wp-image-993\" srcset=\"https:\/\/muntaho.com\/wp-content\/uploads\/2025\/08\/diagrama-valors_ES.webp 1680w, https:\/\/muntaho.com\/wp-content\/uploads\/2025\/08\/diagrama-valors_ES-300x212.webp 300w, https:\/\/muntaho.com\/wp-content\/uploads\/2025\/08\/diagrama-valors_ES-1024x724.webp 1024w, https:\/\/muntaho.com\/wp-content\/uploads\/2025\/08\/diagrama-valors_ES-768x543.webp 768w, https:\/\/muntaho.com\/wp-content\/uploads\/2025\/08\/diagrama-valors_ES-1536x1086.webp 1536w, https:\/\/muntaho.com\/wp-content\/uploads\/2025\/08\/diagrama-valors_ES-18x12.webp 18w, https:\/\/muntaho.com\/wp-content\/uploads\/2025\/08\/diagrama-valors_ES-600x424.webp 600w\" sizes=\"auto, (max-width: 1680px) 100vw, 1680px\" \/><\/figure>\n\n\n\n<div class=\"wp-block-group is-vertical is-layout-flex wp-container-core-group-is-layout-2d658585 wp-block-group-is-layout-flex\" style=\"padding-top:var(--wp--preset--spacing--40);padding-bottom:var(--wp--preset--spacing--40)\">\n<h2 class=\"wp-block-heading\">Nuestros principios<\/h2>\n\n\n\n<p>\u00bfAlguna vez has sentido la madera de un mueble heredado? \u00bfO has contemplado la casa antigua de tus abuelos? \u00bfHas notado su peso, su solidez? Los muebles y casas dise\u00f1adas con t\u00e9cnicas tradicionales tienen un aura que los hace incontestables. \u00bfPor qu\u00e9? Simplemente porque han superado la prueba del tiempo. Por eso, la arquitectura tradicional ha sido siempre una fuente de inspiraci\u00f3n para los grandes arquitectos y dise\u00f1adores modernos. Mira esos objetos antiguos. Cuentan una historia: la de un tiempo en el que las cosas se hac\u00edan para acompa\u00f1ar vidas enteras. Donde el dise\u00f1o era inteligente porque todo lo aprovechaba, y la belleza era una consecuencia de la honestidad con el material. Esta es la sabidur\u00eda que nos inspira. Lo llamamos \u201cla filosof\u00eda de la yaya\u201d.<\/p>\n\n\n\n<p>Hoy, en un mundo que gira deprisa, en Muntaho hacemos una pausa. Miramos atr\u00e1s para avanzar con mayor sentido. Creemos que la tecnolog\u00eda m\u00e1s puntera debe estar al servicio de los valores que nunca pasan de moda: la sostenibilidad y la durabilidad. Por eso, colocamos estos valores en el centro de todo. Entre las personas y los objetos. Entre el pasado y el futuro. Nuestra energ\u00eda se convierte en estructuras de dise\u00f1o que no s\u00f3lo ocupan un espacio, sino que lo mejoran, material y culturalmente. Es nuestra forma de construir el ma\u00f1ana: recuperando la l\u00f3gica de ayer con la precisi\u00f3n de hoy.<\/p>\n<\/div>\n<\/div>\n\n\n\n<div class=\"wp-block-group alignfull is-style-section-1 has-large-font-size has-global-padding is-layout-constrained wp-block-group-is-layout-constrained is-style-section-1--1\" style=\"margin-top:0;margin-bottom:0;padding-top:var(--wp--preset--spacing--30);padding-bottom:var(--wp--preset--spacing--30)\">\n<p class=\"has-text-align-left\" style=\"border-style:none;border-width:0px;margin-top:var(--wp--preset--spacing--20);margin-right:0;margin-bottom:var(--wp--preset--spacing--20);margin-left:0;font-size:clamp(1.301rem, 1.301rem + ((1vw - 0.2rem) * 0.841), 2.1rem);\">Somos el nuevo mueble de la yaya en versi\u00f3n high tech: Sostenible, duradero y bonito<\/p>\n<\/div>\n\n\n\n<div class=\"wp-block-group alignfull is-style-default has-global-padding is-layout-constrained wp-container-core-group-is-layout-190373c5 wp-block-group-is-layout-constrained\" style=\"margin-top:0;margin-bottom:0;padding-top:var(--wp--preset--spacing--50);padding-bottom:var(--wp--preset--spacing--50)\">\n<div class=\"wp-block-columns is-style-default is-layout-flex wp-container-core-columns-is-layout-28f84493 wp-block-columns-is-layout-flex\">\n<div class=\"wp-block-column is-layout-flow wp-block-column-is-layout-flow\">\n<figure class=\"wp-block-image aligncenter size-medium\"><img loading=\"lazy\" decoding=\"async\" width=\"300\" height=\"300\" src=\"https:\/\/muntaho.com\/wp-content\/uploads\/2025\/08\/Icono-sostenibilidad-6910039-300x300.png\" alt=\"\" class=\"wp-image-687\" srcset=\"https:\/\/muntaho.com\/wp-content\/uploads\/2025\/08\/Icono-sostenibilidad-6910039-300x300.png 300w, https:\/\/muntaho.com\/wp-content\/uploads\/2025\/08\/Icono-sostenibilidad-6910039-150x150.png 150w, https:\/\/muntaho.com\/wp-content\/uploads\/2025\/08\/Icono-sostenibilidad-6910039-12x12.png 12w, https:\/\/muntaho.com\/wp-content\/uploads\/2025\/08\/Icono-sostenibilidad-6910039-100x100.png 100w, https:\/\/muntaho.com\/wp-content\/uploads\/2025\/08\/Icono-sostenibilidad-6910039.png 512w\" sizes=\"auto, (max-width: 300px) 100vw, 300px\" \/><\/figure>\n\n\n\n<h3 class=\"wp-block-heading has-text-align-center has-accent-1-color has-text-color has-link-color wp-elements-00997bafce99494dbe10eb9e863f531c\" style=\"padding-right:var(--wp--preset--spacing--30);padding-left:var(--wp--preset--spacing--30)\">Sostenibilidad<\/h3>\n\n\n\n<p class=\"has-text-align-center has-large-font-size\" style=\"padding-right:var(--wp--preset--spacing--30);padding-left:var(--wp--preset--spacing--30)\">Nos comprometemos a minimizar el impacto ambiental, utilizando materiales locales y procesos responsables. Miramos hacia el futuro con esperanza, dise\u00f1ando para la salud del planeta y para las pr\u00f3ximas generaciones.<\/p>\n<\/div>\n\n\n\n<div class=\"wp-block-column is-layout-flow wp-block-column-is-layout-flow\">\n<figure class=\"wp-block-image aligncenter size-medium\"><img loading=\"lazy\" decoding=\"async\" width=\"300\" height=\"300\" src=\"https:\/\/muntaho.com\/wp-content\/uploads\/2025\/08\/Icono-durabilitat-4293699-300x300.png\" alt=\"\" class=\"wp-image-688\" srcset=\"https:\/\/muntaho.com\/wp-content\/uploads\/2025\/08\/Icono-durabilitat-4293699-300x300.png 300w, https:\/\/muntaho.com\/wp-content\/uploads\/2025\/08\/Icono-durabilitat-4293699-150x150.png 150w, https:\/\/muntaho.com\/wp-content\/uploads\/2025\/08\/Icono-durabilitat-4293699-12x12.png 12w, https:\/\/muntaho.com\/wp-content\/uploads\/2025\/08\/Icono-durabilitat-4293699-100x100.png 100w, https:\/\/muntaho.com\/wp-content\/uploads\/2025\/08\/Icono-durabilitat-4293699.png 512w\" sizes=\"auto, (max-width: 300px) 100vw, 300px\" \/><\/figure>\n\n\n\n<h3 class=\"wp-block-heading has-text-align-center has-accent-1-color has-text-color has-link-color wp-elements-4660449c0aa40b187a517278f102d2c5\" style=\"padding-top:0;padding-right:var(--wp--preset--spacing--30);padding-bottom:0;padding-left:var(--wp--preset--spacing--30)\">Durabilidad<\/h3>\n\n\n\n<p class=\"has-text-align-center\">Creemos en la creaci\u00f3n de objetos que resisten al paso del tiempo, piezas que se convierten en parte de la historia familiar. Honramos el pasado con t\u00e9cnicas artesanales, y aplicamos conocimientos contempor\u00e1neos. Queremos que los objetos Muntaho permanezcan en los hogares mucho tiempo.<\/p>\n<\/div>\n\n\n\n<div class=\"wp-block-column is-layout-flow wp-block-column-is-layout-flow\">\n<figure class=\"wp-block-image aligncenter size-medium\"><img loading=\"lazy\" decoding=\"async\" width=\"300\" height=\"300\" src=\"https:\/\/muntaho.com\/wp-content\/uploads\/2025\/08\/Icono-bellessa-300x300.png\" alt=\"\" class=\"wp-image-689\" srcset=\"https:\/\/muntaho.com\/wp-content\/uploads\/2025\/08\/Icono-bellessa-300x300.png 300w, https:\/\/muntaho.com\/wp-content\/uploads\/2025\/08\/Icono-bellessa-150x150.png 150w, https:\/\/muntaho.com\/wp-content\/uploads\/2025\/08\/Icono-bellessa-12x12.png 12w, https:\/\/muntaho.com\/wp-content\/uploads\/2025\/08\/Icono-bellessa-100x100.png 100w, https:\/\/muntaho.com\/wp-content\/uploads\/2025\/08\/Icono-bellessa.png 512w\" sizes=\"auto, (max-width: 300px) 100vw, 300px\" \/><\/figure>\n\n\n\n<h3 class=\"wp-block-heading has-text-align-center has-accent-1-color has-text-color has-link-color wp-elements-c7e41b4b36bce3e56c0074c7f816b82b\" style=\"padding-right:var(--wp--preset--spacing--30);padding-left:var(--wp--preset--spacing--30)\">Belleza<\/h3>\n\n\n\n<p class=\"has-text-align-center has-large-font-size\" style=\"padding-right:var(--wp--preset--spacing--30);padding-left:var(--wp--preset--spacing--30)\">Buscamos el equilibrio perfecto entre la belleza est\u00e9tica y la funcionalidad pr\u00e1ctica. Cada detalle est\u00e1 cuidado con precisi\u00f3n, utilizando materiales de alta calidad y t\u00e9cnicas innovadoras. Los objetos Muntaho est\u00e1n pensados para disfrutarlos.<\/p>\n<\/div>\n<\/div>\n<\/div>","protected":false},"excerpt":{"rendered":"<p>Els nostres principis Alguna vegada has sentit la fusta d&#8217;un moble heretat? O has contemplat la casa antiga dels teus avis? Has notat el seu pes, la seva solidesa? Els mobles i les cases dissenyades amb t\u00e8cniques tradicionals tenen una aura que els fa incontestables. Per qu\u00e8? Simplement, perqu\u00e8 han superat la prova del temps. [&hellip;]<\/p>","protected":false},"author":1,"featured_media":0,"parent":0,"menu_order":0,"comment_status":"closed","ping_status":"closed","template":"page-no-title","meta":{"footnotes":""},"class_list":["post-684","page","type-page","status-publish","hentry"],"yoast_head":"<!-- This site is optimized with the Yoast SEO plugin v26.8 - https:\/\/yoast.com\/product\/yoast-seo-wordpress\/ -->\n<title>Principis - MUNTAHO<\/title>\n<meta name=\"description\" content=\"Mobles de fusta sostenibles, de muntatge f\u00e0cil i disseny minimalista. Descobreix el mobiliari modular i ecol\u00f2gic de Muntaho, fets a mida a Catalunya.\" \/>\n<meta name=\"robots\" content=\"index, follow, max-snippet:-1, max-image-preview:large, max-video-preview:-1\" \/>\n<link rel=\"canonical\" href=\"https:\/\/muntaho.com\/es\/principis\/\" \/>\n<meta property=\"og:locale\" content=\"es_ES\" \/>\n<meta property=\"og:type\" content=\"article\" \/>\n<meta property=\"og:title\" content=\"Principis - MUNTAHO\" \/>\n<meta property=\"og:description\" content=\"Mobles de fusta sostenibles, de muntatge f\u00e0cil i disseny minimalista. Descobreix el mobiliari modular i ecol\u00f2gic de Muntaho, fets a mida a Catalunya.\" \/>\n<meta property=\"og:url\" content=\"https:\/\/muntaho.com\/es\/principis\/\" \/>\n<meta property=\"og:site_name\" content=\"MUNTAHO\" \/>\n<meta property=\"article:modified_time\" content=\"2026-01-30T20:32:28+00:00\" \/>\n<meta property=\"og:image\" content=\"https:\/\/muntaho.com\/wp-content\/uploads\/2025\/08\/diagrama-valors_CA.webp\" \/>\n\t<meta property=\"og:image:width\" content=\"1680\" \/>\n\t<meta property=\"og:image:height\" content=\"1188\" \/>\n\t<meta property=\"og:image:type\" content=\"image\/webp\" \/>\n<meta name=\"twitter:card\" content=\"summary_large_image\" \/>\n<meta name=\"twitter:label1\" content=\"Tiempo de lectura\" \/>\n\t<meta name=\"twitter:data1\" content=\"3 minutos\" \/>\n<script type=\"application\/ld+json\" class=\"yoast-schema-graph\">{\"@context\":\"https:\/\/schema.org\",\"@graph\":[{\"@type\":\"WebPage\",\"@id\":\"https:\/\/muntaho.com\/principis\/\",\"url\":\"https:\/\/muntaho.com\/principis\/\",\"name\":\"Principis - MUNTAHO\",\"isPartOf\":{\"@id\":\"https:\/\/muntaho.com\/#website\"},\"primaryImageOfPage\":{\"@id\":\"https:\/\/muntaho.com\/principis\/#primaryimage\"},\"image\":{\"@id\":\"https:\/\/muntaho.com\/principis\/#primaryimage\"},\"thumbnailUrl\":\"https:\/\/muntaho.com\/wp-content\/uploads\/2025\/08\/diagrama-valors_CA.webp\",\"datePublished\":\"2025-08-16T11:51:44+00:00\",\"dateModified\":\"2026-01-30T20:32:28+00:00\",\"description\":\"Mobles de fusta sostenibles, de muntatge f\u00e0cil i disseny minimalista. Descobreix el mobiliari modular i ecol\u00f2gic de Muntaho, fets a mida a Catalunya.\",\"breadcrumb\":{\"@id\":\"https:\/\/muntaho.com\/principis\/#breadcrumb\"},\"inLanguage\":\"es\",\"potentialAction\":[{\"@type\":\"ReadAction\",\"target\":[\"https:\/\/muntaho.com\/principis\/\"]}]},{\"@type\":\"ImageObject\",\"inLanguage\":\"es\",\"@id\":\"https:\/\/muntaho.com\/principis\/#primaryimage\",\"url\":\"https:\/\/muntaho.com\/wp-content\/uploads\/2025\/08\/diagrama-valors_CA.webp\",\"contentUrl\":\"https:\/\/muntaho.com\/wp-content\/uploads\/2025\/08\/diagrama-valors_CA.webp\"},{\"@type\":\"BreadcrumbList\",\"@id\":\"https:\/\/muntaho.com\/principis\/#breadcrumb\",\"itemListElement\":[{\"@type\":\"ListItem\",\"position\":1,\"name\":\"Inici\",\"item\":\"https:\/\/muntaho.com\/\"},{\"@type\":\"ListItem\",\"position\":2,\"name\":\"Principis\"}]},{\"@type\":\"WebSite\",\"@id\":\"https:\/\/muntaho.com\/#website\",\"url\":\"https:\/\/muntaho.com\/\",\"name\":\"Muntaho Store\",\"description\":\"\",\"publisher\":{\"@id\":\"https:\/\/muntaho.com\/#organization\"},\"potentialAction\":[{\"@type\":\"SearchAction\",\"target\":{\"@type\":\"EntryPoint\",\"urlTemplate\":\"https:\/\/muntaho.com\/?s={search_term_string}\"},\"query-input\":{\"@type\":\"PropertyValueSpecification\",\"valueRequired\":true,\"valueName\":\"search_term_string\"}}],\"inLanguage\":\"es\"},{\"@type\":\"Organization\",\"@id\":\"https:\/\/muntaho.com\/#organization\",\"name\":\"Muntaho Store\",\"url\":\"https:\/\/muntaho.com\/\",\"logo\":{\"@type\":\"ImageObject\",\"inLanguage\":\"es\",\"@id\":\"https:\/\/muntaho.com\/#\/schema\/logo\/image\/\",\"url\":\"https:\/\/muntaho.com\/wp-content\/uploads\/2025\/06\/logo-color.svg\",\"contentUrl\":\"https:\/\/muntaho.com\/wp-content\/uploads\/2025\/06\/logo-color.svg\",\"width\":256,\"height\":98,\"caption\":\"Muntaho Store\"},\"image\":{\"@id\":\"https:\/\/muntaho.com\/#\/schema\/logo\/image\/\"}}]}<\/script>\n<!-- \/ Yoast SEO plugin. -->","yoast_head_json":{"title":"Principis - MUNTAHO","description":"Muebles de madera sostenibles, de f\u00e1cil montaje y dise\u00f1o minimalista. Descubre el mobiliario modular y ecol\u00f3gico de Muntaho, hecho a medida en Catalu\u00f1a.","robots":{"index":"index","follow":"follow","max-snippet":"max-snippet:-1","max-image-preview":"max-image-preview:large","max-video-preview":"max-video-preview:-1"},"canonical":"https:\/\/muntaho.com\/es\/principis\/","og_locale":"es_ES","og_type":"article","og_title":"Principis - MUNTAHO","og_description":"Mobles de fusta sostenibles, de muntatge f\u00e0cil i disseny minimalista. Descobreix el mobiliari modular i ecol\u00f2gic de Muntaho, fets a mida a Catalunya.","og_url":"https:\/\/muntaho.com\/es\/principis\/","og_site_name":"MUNTAHO","article_modified_time":"2026-01-30T20:32:28+00:00","og_image":[{"width":1680,"height":1188,"url":"https:\/\/muntaho.com\/wp-content\/uploads\/2025\/08\/diagrama-valors_CA.webp","type":"image\/webp"}],"twitter_card":"summary_large_image","twitter_misc":{"Tiempo de lectura":"3 minutos"},"schema":{"@context":"https:\/\/schema.org","@graph":[{"@type":"WebPage","@id":"https:\/\/muntaho.com\/principis\/","url":"https:\/\/muntaho.com\/principis\/","name":"Principis - MUNTAHO","isPartOf":{"@id":"https:\/\/muntaho.com\/#website"},"primaryImageOfPage":{"@id":"https:\/\/muntaho.com\/principis\/#primaryimage"},"image":{"@id":"https:\/\/muntaho.com\/principis\/#primaryimage"},"thumbnailUrl":"https:\/\/muntaho.com\/wp-content\/uploads\/2025\/08\/diagrama-valors_CA.webp","datePublished":"2025-08-16T11:51:44+00:00","dateModified":"2026-01-30T20:32:28+00:00","description":"Muebles de madera sostenibles, de f\u00e1cil montaje y dise\u00f1o minimalista. Descubre el mobiliario modular y ecol\u00f3gico de Muntaho, hecho a medida en Catalu\u00f1a.","breadcrumb":{"@id":"https:\/\/muntaho.com\/principis\/#breadcrumb"},"inLanguage":"es","potentialAction":[{"@type":"ReadAction","target":["https:\/\/muntaho.com\/principis\/"]}]},{"@type":"ImageObject","inLanguage":"es","@id":"https:\/\/muntaho.com\/principis\/#primaryimage","url":"https:\/\/muntaho.com\/wp-content\/uploads\/2025\/08\/diagrama-valors_CA.webp","contentUrl":"https:\/\/muntaho.com\/wp-content\/uploads\/2025\/08\/diagrama-valors_CA.webp"},{"@type":"BreadcrumbList","@id":"https:\/\/muntaho.com\/principis\/#breadcrumb","itemListElement":[{"@type":"ListItem","position":1,"name":"Inici","item":"https:\/\/muntaho.com\/"},{"@type":"ListItem","position":2,"name":"Principis"}]},{"@type":"WebSite","@id":"https:\/\/muntaho.com\/#website","url":"https:\/\/muntaho.com\/","name":"Muntaho Store","description":"","publisher":{"@id":"https:\/\/muntaho.com\/#organization"},"potentialAction":[{"@type":"SearchAction","target":{"@type":"EntryPoint","urlTemplate":"https:\/\/muntaho.com\/?s={search_term_string}"},"query-input":{"@type":"PropertyValueSpecification","valueRequired":true,"valueName":"search_term_string"}}],"inLanguage":"es"},{"@type":"Organization","@id":"https:\/\/muntaho.com\/#organization","name":"Muntaho Store","url":"https:\/\/muntaho.com\/","logo":{"@type":"ImageObject","inLanguage":"es","@id":"https:\/\/muntaho.com\/#\/schema\/logo\/image\/","url":"https:\/\/muntaho.com\/wp-content\/uploads\/2025\/06\/logo-color.svg","contentUrl":"https:\/\/muntaho.com\/wp-content\/uploads\/2025\/06\/logo-color.svg","width":256,"height":98,"caption":"Muntaho Store"},"image":{"@id":"https:\/\/muntaho.com\/#\/schema\/logo\/image\/"}}]}},"_links":{"self":[{"href":"https:\/\/muntaho.com\/es\/wp-json\/wp\/v2\/pages\/684","targetHints":{"allow":["GET"]}}],"collection":[{"href":"https:\/\/muntaho.com\/es\/wp-json\/wp\/v2\/pages"}],"about":[{"href":"https:\/\/muntaho.com\/es\/wp-json\/wp\/v2\/types\/page"}],"author":[{"embeddable":true,"href":"https:\/\/muntaho.com\/es\/wp-json\/wp\/v2\/users\/1"}],"replies":[{"embeddable":true,"href":"https:\/\/muntaho.com\/es\/wp-json\/wp\/v2\/comments?post=684"}],"version-history":[{"count":4,"href":"https:\/\/muntaho.com\/es\/wp-json\/wp\/v2\/pages\/684\/revisions"}],"predecessor-version":[{"id":1200,"href":"https:\/\/muntaho.com\/es\/wp-json\/wp\/v2\/pages\/684\/revisions\/1200"}],"wp:attachment":[{"href":"https:\/\/muntaho.com\/es\/wp-json\/wp\/v2\/media?parent=684"}],"curies":[{"name":"wp","href":"https:\/\/api.w.org\/{rel}","templated":true}]}}