{"id":67,"date":"2025-06-03T13:06:17","date_gmt":"2025-06-03T11:06:17","guid":{"rendered":"http:\/\/muntaho.com\/?page_id=67"},"modified":"2026-02-25T17:25:20","modified_gmt":"2026-02-25T16:25:20","slug":"politica-de-cookies","status":"publish","type":"page","link":"https:\/\/muntaho.com\/es\/politica-de-cookies\/","title":{"rendered":"Pol\u00edtica de cookies"},"content":{"rendered":"<!-- Google Tag Manager -->\n<script>(function(w,d,s,l,i){w[l]=w[l]||[];w[l].push({'gtm.start':\nnew Date().getTime(),event:'gtm.js'});var f=d.getElementsByTagName(s)[0],\nj=d.createElement(s),dl=l!='dataLayer'?'&l='+l:'';j.async=true;j.src=\n'https:\/\/www.googletagmanager.com\/gtm.js?id='+i+dl;f.parentNode.insertBefore(j,f);\n})(window,document,'script','dataLayer','GTM-55B7RCRB');<\/script>\n<!-- End Google Tag Manager -->\n\n\n<p>Con arreglo a lo dispuesto en el art\u00edculo 22.2 de la Ley 34\/2002, de 11 de julio, de Servicios de la Sociedad de la Informaci\u00f3n y de Comercio Electr\u00f3nico (LSSI-CE) vigente, HOWE SOLUTIONS SL debe cumplir con la obligaci\u00f3n de informar sobre las cookies que utiliza y sus finalidades.<\/p>\n\n\n\n<p>Este sitio web utiliza cookies y\/o tecnolog\u00edas similares que almacenan y recuperan informaci\u00f3n cuando navegas. Las cookies permiten a una p\u00e1gina web, entre otras cosas, almacenar y recuperar informaci\u00f3n sobre los h\u00e1bitos de navegaci\u00f3n de un Usuario o de su equipo y, dependiendo de la informaci\u00f3n que contenga y de la forma en que use su equipo, se pueden utilizar para reconocer al Usuario.<\/p>\n\n\n\n<p>Las cookies son esenciales para el funcionamiento de internet, aportando innumerables ventajas en la prestaci\u00f3n de servicios interactivos, facilitando al usuario la navegaci\u00f3n y usabilidad de nuestra web.<\/p>\n\n\n\n<p>La informaci\u00f3n que le proporcionamos a continuaci\u00f3n le ayudar\u00e1 a comprender los diferentes tipos de cookie:<\/p>\n\n\n\n<figure class=\"wp-block-table\"><table class=\"has-fixed-layout\"><tbody><tr><th scope=\"row\" rowspan=\"2\">SEG\u00daN LA ENTIDAD QUE LAS GESTIONE<\/th><td>COOKIES PROPIAS<\/td><td>Son las que se env\u00edan al equipo terminal del usuario desde un equipo o dominio gestionado por el propio editor y desde el que se presta el servicio solicitado por el usuario.<\/td><\/tr><tr><td>COOKIES DE TERCERO<\/td><td>Son aqu\u00e9llas que se env\u00edan al equipo terminal del usuario desde un equipo o dominio que no es gestionado por el editor, sino por otra entidad que trata los datos obtenidos a trav\u00e9s de las cookies.<\/td><\/tr><tr><th scope=\"row\" rowspan=\"2\">SEG\u00daN EL PLAZO DE TIEMPO QUE PERMANEN ACTIVADAS<\/th><td>COOKIES DE SESI\u00d3N<\/td><td>Son aquellas dise\u00f1adas para recabar y almacenar datos mientras el usuario accede a una p\u00e1gina web. Se suelen utilizar para almacenar informaci\u00f3n que s\u00f3lo interesa conservar para la prestaci\u00f3n del servicio solicitado por el usuario en una sola ocasi\u00f3n (por ejemplo, una lista de productos adquiridos) y desaparecen al finalizar la sesi\u00f3n.<\/td><\/tr><tr><td>COOKIES PERSISTENTES<\/td><td>Son aquellas en las que los datos contin\u00faan almacenados en el terminal y pueden ser accedidos y tratados durante un per\u00edodo definido por el responsable de la galleta, y que puede ir de unos minutos a varios a\u00f1os.<\/td><\/tr><tr><th scope=\"row\" rowspan=\"5\">SEG\u00daN SU FINALIDAD<\/th><td>COOKIES T\u00c9CNICAS<\/td><td>Son aquellas que permiten al usuario la navegaci\u00f3n a trav\u00e9s de una p\u00e1gina web, plataforma o aplicaci\u00f3n y la utilizaci\u00f3n de las distintas opciones o servicios existentes.<\/td><\/tr><tr><td>COOKIES DE PERSONALIZACI\u00d3N<\/td><td>Permiten aplicar caracter\u00edsticas propias para la navegaci\u00f3n del usuario por la web (Ej. idioma).<\/td><\/tr><tr><td>COOKIES DE AN\u00c1LISIS<\/td><td>Son aquellas que permiten al responsable de \u00e9stas el seguimiento y an\u00e1lisis del comportamiento de los usuarios de los sitios web a los que est\u00e1n vinculadas, incluida la cuantificaci\u00f3n de los impactos de los anuncios. La informaci\u00f3n recogida mediante este tipo de cookies se utiliza en la medici\u00f3n de la actividad de los sitios web, aplicaci\u00f3n o plataforma, para introducir mejoras en funci\u00f3n del an\u00e1lisis de los datos de uso que realizan los usuarios del servicio.<\/td><\/tr><tr><td>COOKIES PUBLICITARIAS<\/td><td>Permiten al editor incluir en la p\u00e1gina web espacios publicitarios, seg\u00fan el contenido de la propia web.<\/td><\/tr><tr><td>COOKIES DE PUBLICIDAD COMPORTAMENTAL<\/td><td>Son aquellas que almacenan informaci\u00f3n del comportamiento de los usuarios obtenida a trav\u00e9s de la continua observaci\u00f3n de sus h\u00e1bitos de navegaci\u00f3n, lo que permite desarrollar un perfil espec\u00edfico para mostrar publicidad en funci\u00f3n del mismo.<\/td><\/tr><\/tbody><\/table><\/figure>\n\n\n\n<p>Adicionalmente, HOWE SOLUTIONS SL informa de forma m\u00e1s detallada de las cookies que utiliza sus titulares, el uso o finalidad concreta, los plazos de conservaci\u00f3n, as\u00ed como de las posibles transferencias Internacionales de datos de cada una de ellas utilizadas en nuestra p\u00e1gina web:<\/p>\n\n\n\n<figure class=\"wp-block-table\"><table class=\"has-fixed-layout\"><thead><tr><th>Tipo<\/th><th>Titular<\/th><th>Cookie<\/th><th>Finalidad<\/th><th>Conservaci\u00f3n<\/th><\/tr><\/thead><tbody><tr><td>T\u00e9cnica<\/td><td>Propia<\/td><td>woocommerce_cart_hash<\/td><td>Identifica el carrito de productos.<\/td><td>Sesi\u00f3n<\/td><\/tr><tr><td>T\u00e9cnica<\/td><td>Propia<\/td><td>woccommerce_items_in_cart<\/td><td>Registra el n\u00famero de productos en el carrito, para mostrarlo en el icono.<\/td><td>Sesi\u00f3n<\/td><\/tr><tr><td>T\u00e9cnica<\/td><td>Propia<\/td><td>woocommerce_session_*<\/td><td>Identifica al comprador.<\/td><td>Dos (2) d\u00edas<\/td><\/tr><\/tbody><\/table><\/figure>\n\n\n\n<p>Puede informarse de las transferencias internacionales a terceros pa\u00edses que, en su caso, realizan los TERCERS, identificados en esta pol\u00edtica de cookies, en sus pol\u00edticas correspondientes (hacer clic sobre el titular de la cookie).<\/p>\n\n\n\n<p>HOWE SOLUTIONS SL informa de forma m\u00e1s exhaustiva la informaci\u00f3n relativa a las transferencias internacionales derivadas de la<br>utilizaci\u00f3n de cookies propias:<\/p>\n\n\n\n<figure class=\"wp-block-table\"><table class=\"has-fixed-layout\"><thead><tr><th class=\"has-text-align-center\" data-align=\"center\">Titular<\/th><th>Cookie<\/th><th>Pa\u00eds de transferencia<\/th><th>R\u00e9gimen aplicado<\/th><\/tr><\/thead><tbody><tr><td class=\"has-text-align-center\" data-align=\"center\" colspan=\"4\">Actualmente no se realizan transferencias internacionales.<\/td><\/tr><\/tbody><\/table><\/figure>\n\n\n\n<p>Tenga en cuenta que, si acepta las cookies de terceros, debe eliminarlas desde las opciones del navegador o desde el sistema ofrecido por el mismo tercero.<\/p>\n\n\n\n<p>A continuaci\u00f3n, le proporcionamos los enlaces de varios navegadores, a trav\u00e9s de los cuales podr\u00e1 modificar la configuraci\u00f3n de su navegador sobre el uso de cookies:<\/p>\n\n\n\n<figure class=\"wp-block-table\"><table><tbody><tr><th>Firefox<\/th><td><a href=\"https:\/\/support.mozilla.org\/es\/kb\/cookies-informacion-que-los-sitios-web-guardan-en-\">https:\/\/support.mozilla.org\/es\/kb\/cookies-informacion-que-los-sitios-web-guardan-en-<\/a><\/td><\/tr><tr><th>Chrome<\/th><td><a href=\"http:\/\/support.google.com\/chrome\/bin\/answer.py?hl=es&amp;answer=95647\">http:\/\/support.google.com\/chrome\/bin\/answer.py?hl=es&amp;answer=95647<\/a><\/td><\/tr><tr><th>Internet Explorer<\/th><td><a href=\"http:\/\/windows.microsoft.com\/es-es\/internet-explorer\/delete-manage-cookies#ie=ie-10\">http:\/\/windows.microsoft.com\/es-es\/internet-explorer\/delete-manage-cookies#ie=ie-10<\/a><\/td><\/tr><tr><th>Microsoft Edge<\/th><td><a href=\"https:\/\/support.microsoft.com\/es-es\/microsoft-edge\/eliminar-las-cookies-en-microsoft-edge-63947406-40ac-c3b8-57b9-2a946a29ae09\">https:\/\/support.microsoft.com\/es-es\/microsoft-edge\/eliminar-las-cookies-en-microsoft-edge-63947406-40ac-c3b8-57b9-2a946a29ae09<\/a><\/td><\/tr><tr><th>Safari<\/th><td><a href=\"https:\/\/support.apple.com\/kb\/ph17191?locale=es_ES\">https:\/\/support.apple.com\/kb\/ph17191?locale=es_ES<\/a><\/td><\/tr><tr><th>Opera<\/th><td><a href=\"https:\/\/help.opera.com\/en\/latest\/web-preferences\/#cookies\">https:\/\/help.opera.com\/en\/latest\/web-preferences\/#cookies<\/a><\/td><\/tr><\/tbody><\/table><\/figure>\n\n\n\n<p>Para conocer m\u00e1s informaci\u00f3n sobre el tratamiento de datos personales, le recomendamos visitar nuestro apartado <a href=\"https:\/\/muntaho.com\/es\/politica-de-privacitat\/\" data-type=\"page\" data-id=\"72\">Pol\u00edtica de privacidad<\/a>.<\/p>\n\n\n\n<p><strong>\u00daltima actualizaci\u00f3n<\/strong>: 8 de abril de 2025.<\/p>\n\n<!-- Google Tag Manager (noscript) -->\n<noscript><iframe src=\"https:\/\/www.googletagmanager.com\/ns.html?id=GTM-55B7RCRB\"\nheight=\"0\" width=\"0\" style=\"display:none;visibility:hidden\"><\/iframe><\/noscript>\n<!-- End Google Tag Manager (noscript) -->","protected":false},"excerpt":{"rendered":"<p>Conformement al que disposa l&#8217;article 22.2 de la Llei 34\/2002, d&#8217;11 de juliol, de Serveis de la Societat de la Informaci\u00f3 i de Comer\u00e7 Electr\u00f2nic (LSSI-CE) vigent, HOWE SOLUTIONS S.L. ha de complir amb l&#8217;obligaci\u00f3 d&#8217;informar sobre les cookies que utilitza i les seves finalitats. Aquest lloc web fa servir galetes i\/o tecnologies similars que [&hellip;]<\/p>","protected":false},"author":2,"featured_media":0,"parent":0,"menu_order":0,"comment_status":"closed","ping_status":"closed","template":"","meta":{"footnotes":""},"class_list":["post-67","page","type-page","status-publish","hentry"],"yoast_head":"<!-- This site is optimized with the Yoast SEO plugin v26.8 - https:\/\/yoast.com\/product\/yoast-seo-wordpress\/ -->\n<title>Pol\u00edtica de cookies - MUNTAHO<\/title>\n<meta name=\"description\" content=\"Mobles de fusta sostenibles, de muntatge f\u00e0cil i disseny minimalista. Descobreix el mobiliari modular i ecol\u00f2gic de Muntaho, fets a mida a Catalunya.\" \/>\n<meta name=\"robots\" content=\"index, follow, max-snippet:-1, max-image-preview:large, max-video-preview:-1\" \/>\n<link rel=\"canonical\" href=\"https:\/\/muntaho.com\/es\/politica-de-cookies\/\" \/>\n<meta property=\"og:locale\" content=\"es_ES\" \/>\n<meta property=\"og:type\" content=\"article\" \/>\n<meta property=\"og:title\" content=\"Pol\u00edtica de cookies - MUNTAHO\" \/>\n<meta property=\"og:description\" content=\"Mobles de fusta sostenibles, de muntatge f\u00e0cil i disseny minimalista. Descobreix el mobiliari modular i ecol\u00f2gic de Muntaho, fets a mida a Catalunya.\" \/>\n<meta property=\"og:url\" content=\"https:\/\/muntaho.com\/es\/politica-de-cookies\/\" \/>\n<meta property=\"og:site_name\" content=\"MUNTAHO\" \/>\n<meta property=\"article:modified_time\" content=\"2026-02-25T16:25:20+00:00\" \/>\n<meta name=\"twitter:card\" content=\"summary_large_image\" \/>\n<meta name=\"twitter:label1\" content=\"Tiempo de lectura\" \/>\n\t<meta name=\"twitter:data1\" content=\"5 minutos\" \/>\n<script type=\"application\/ld+json\" class=\"yoast-schema-graph\">{\"@context\":\"https:\/\/schema.org\",\"@graph\":[{\"@type\":\"WebPage\",\"@id\":\"https:\/\/muntaho.com\/politica-de-cookies\/\",\"url\":\"https:\/\/muntaho.com\/politica-de-cookies\/\",\"name\":\"Pol\u00edtica de cookies - MUNTAHO\",\"isPartOf\":{\"@id\":\"https:\/\/muntaho.com\/#website\"},\"datePublished\":\"2025-06-03T11:06:17+00:00\",\"dateModified\":\"2026-02-25T16:25:20+00:00\",\"description\":\"Mobles de fusta sostenibles, de muntatge f\u00e0cil i disseny minimalista. Descobreix el mobiliari modular i ecol\u00f2gic de Muntaho, fets a mida a Catalunya.\",\"breadcrumb\":{\"@id\":\"https:\/\/muntaho.com\/politica-de-cookies\/#breadcrumb\"},\"inLanguage\":\"es\",\"potentialAction\":[{\"@type\":\"ReadAction\",\"target\":[\"https:\/\/muntaho.com\/politica-de-cookies\/\"]}]},{\"@type\":\"BreadcrumbList\",\"@id\":\"https:\/\/muntaho.com\/politica-de-cookies\/#breadcrumb\",\"itemListElement\":[{\"@type\":\"ListItem\",\"position\":1,\"name\":\"Inici\",\"item\":\"https:\/\/muntaho.com\/\"},{\"@type\":\"ListItem\",\"position\":2,\"name\":\"Pol\u00edtica de cookies\"}]},{\"@type\":\"WebSite\",\"@id\":\"https:\/\/muntaho.com\/#website\",\"url\":\"https:\/\/muntaho.com\/\",\"name\":\"Muntaho Store\",\"description\":\"\",\"publisher\":{\"@id\":\"https:\/\/muntaho.com\/#organization\"},\"potentialAction\":[{\"@type\":\"SearchAction\",\"target\":{\"@type\":\"EntryPoint\",\"urlTemplate\":\"https:\/\/muntaho.com\/?s={search_term_string}\"},\"query-input\":{\"@type\":\"PropertyValueSpecification\",\"valueRequired\":true,\"valueName\":\"search_term_string\"}}],\"inLanguage\":\"es\"},{\"@type\":\"Organization\",\"@id\":\"https:\/\/muntaho.com\/#organization\",\"name\":\"Muntaho Store\",\"url\":\"https:\/\/muntaho.com\/\",\"logo\":{\"@type\":\"ImageObject\",\"inLanguage\":\"es\",\"@id\":\"https:\/\/muntaho.com\/#\/schema\/logo\/image\/\",\"url\":\"https:\/\/muntaho.com\/wp-content\/uploads\/2025\/06\/logo-color.svg\",\"contentUrl\":\"https:\/\/muntaho.com\/wp-content\/uploads\/2025\/06\/logo-color.svg\",\"width\":256,\"height\":98,\"caption\":\"Muntaho Store\"},\"image\":{\"@id\":\"https:\/\/muntaho.com\/#\/schema\/logo\/image\/\"}}]}<\/script>\n<!-- \/ Yoast SEO plugin. -->","yoast_head_json":{"title":"Pol\u00edtica de cookies - MUNTAHO","description":"Muebles de madera sostenibles, de f\u00e1cil montaje y dise\u00f1o minimalista. Descubre el mobiliario modular y ecol\u00f3gico de Muntaho, hecho a medida en Catalu\u00f1a.","robots":{"index":"index","follow":"follow","max-snippet":"max-snippet:-1","max-image-preview":"max-image-preview:large","max-video-preview":"max-video-preview:-1"},"canonical":"https:\/\/muntaho.com\/es\/politica-de-cookies\/","og_locale":"es_ES","og_type":"article","og_title":"Pol\u00edtica de cookies - MUNTAHO","og_description":"Mobles de fusta sostenibles, de muntatge f\u00e0cil i disseny minimalista. Descobreix el mobiliari modular i ecol\u00f2gic de Muntaho, fets a mida a Catalunya.","og_url":"https:\/\/muntaho.com\/es\/politica-de-cookies\/","og_site_name":"MUNTAHO","article_modified_time":"2026-02-25T16:25:20+00:00","twitter_card":"summary_large_image","twitter_misc":{"Tiempo de lectura":"5 minutos"},"schema":{"@context":"https:\/\/schema.org","@graph":[{"@type":"WebPage","@id":"https:\/\/muntaho.com\/politica-de-cookies\/","url":"https:\/\/muntaho.com\/politica-de-cookies\/","name":"Pol\u00edtica de cookies - MUNTAHO","isPartOf":{"@id":"https:\/\/muntaho.com\/#website"},"datePublished":"2025-06-03T11:06:17+00:00","dateModified":"2026-02-25T16:25:20+00:00","description":"Muebles de madera sostenibles, de f\u00e1cil montaje y dise\u00f1o minimalista. Descubre el mobiliario modular y ecol\u00f3gico de Muntaho, hecho a medida en Catalu\u00f1a.","breadcrumb":{"@id":"https:\/\/muntaho.com\/politica-de-cookies\/#breadcrumb"},"inLanguage":"es","potentialAction":[{"@type":"ReadAction","target":["https:\/\/muntaho.com\/politica-de-cookies\/"]}]},{"@type":"BreadcrumbList","@id":"https:\/\/muntaho.com\/politica-de-cookies\/#breadcrumb","itemListElement":[{"@type":"ListItem","position":1,"name":"Inici","item":"https:\/\/muntaho.com\/"},{"@type":"ListItem","position":2,"name":"Pol\u00edtica de cookies"}]},{"@type":"WebSite","@id":"https:\/\/muntaho.com\/#website","url":"https:\/\/muntaho.com\/","name":"Muntaho Store","description":"","publisher":{"@id":"https:\/\/muntaho.com\/#organization"},"potentialAction":[{"@type":"SearchAction","target":{"@type":"EntryPoint","urlTemplate":"https:\/\/muntaho.com\/?s={search_term_string}"},"query-input":{"@type":"PropertyValueSpecification","valueRequired":true,"valueName":"search_term_string"}}],"inLanguage":"es"},{"@type":"Organization","@id":"https:\/\/muntaho.com\/#organization","name":"Muntaho Store","url":"https:\/\/muntaho.com\/","logo":{"@type":"ImageObject","inLanguage":"es","@id":"https:\/\/muntaho.com\/#\/schema\/logo\/image\/","url":"https:\/\/muntaho.com\/wp-content\/uploads\/2025\/06\/logo-color.svg","contentUrl":"https:\/\/muntaho.com\/wp-content\/uploads\/2025\/06\/logo-color.svg","width":256,"height":98,"caption":"Muntaho Store"},"image":{"@id":"https:\/\/muntaho.com\/#\/schema\/logo\/image\/"}}]}},"_links":{"self":[{"href":"https:\/\/muntaho.com\/es\/wp-json\/wp\/v2\/pages\/67","targetHints":{"allow":["GET"]}}],"collection":[{"href":"https:\/\/muntaho.com\/es\/wp-json\/wp\/v2\/pages"}],"about":[{"href":"https:\/\/muntaho.com\/es\/wp-json\/wp\/v2\/types\/page"}],"author":[{"embeddable":true,"href":"https:\/\/muntaho.com\/es\/wp-json\/wp\/v2\/users\/2"}],"replies":[{"embeddable":true,"href":"https:\/\/muntaho.com\/es\/wp-json\/wp\/v2\/comments?post=67"}],"version-history":[{"count":1,"href":"https:\/\/muntaho.com\/es\/wp-json\/wp\/v2\/pages\/67\/revisions"}],"predecessor-version":[{"id":1282,"href":"https:\/\/muntaho.com\/es\/wp-json\/wp\/v2\/pages\/67\/revisions\/1282"}],"wp:attachment":[{"href":"https:\/\/muntaho.com\/es\/wp-json\/wp\/v2\/media?parent=67"}],"curies":[{"name":"wp","href":"https:\/\/api.w.org\/{rel}","templated":true}]}}