{"id":66,"date":"2025-06-03T13:05:31","date_gmt":"2025-06-03T11:05:31","guid":{"rendered":"http:\/\/muntaho.com\/?page_id=66"},"modified":"2026-03-10T11:34:02","modified_gmt":"2026-03-10T10:34:02","slug":"kit-digital","status":"publish","type":"page","link":"https:\/\/muntaho.com\/es\/kit-digital\/","title":{"rendered":"Kit digital"},"content":{"rendered":"<!-- Google Tag Manager -->\n<script>(function(w,d,s,l,i){w[l]=w[l]||[];w[l].push({'gtm.start':\nnew Date().getTime(),event:'gtm.js'});var f=d.getElementsByTagName(s)[0],\nj=d.createElement(s),dl=l!='dataLayer'?'&l='+l:'';j.async=true;j.src=\n'https:\/\/www.googletagmanager.com\/gtm.js?id='+i+dl;f.parentNode.insertBefore(j,f);\n})(window,document,'script','dataLayer','GTM-55B7RCRB');<\/script>\n<!-- End Google Tag Manager -->\n\n\n<p>Financiado por la Uni\u00f3n Europea \u2013 NextGenerationEU.<\/p>\n\n\n\n<p>Sin embargo, los puntos de vista y las opiniones expresadas son \u00fanicamente los del autor o autores y no reflejan necesariamente los de la Uni\u00f3n Europea o la Comisi\u00f3n Europea. Ni la Uni\u00f3n Europea ni la Comisi\u00f3n Europea pueden ser consideradas responsables de \u00e9stas.<\/p>\n\n\n\n<figure class=\"wp-block-image aligncenter size-full\"><img loading=\"lazy\" decoding=\"async\" width=\"1024\" height=\"119\" src=\"https:\/\/muntaho.com\/wp-content\/uploads\/2025\/06\/kit-digital-logo2064x239-1536x178-1-1024x119-1.png\" alt=\"Programa kit digital cofinanciado por los fondos Next Generation (EU) del mecanismo de recuperaci\u00f3n y resilencia.\" class=\"wp-image-74\" srcset=\"https:\/\/muntaho.com\/wp-content\/uploads\/2025\/06\/kit-digital-logo2064x239-1536x178-1-1024x119-1.png 1024w, https:\/\/muntaho.com\/wp-content\/uploads\/2025\/06\/kit-digital-logo2064x239-1536x178-1-1024x119-1-600x70.png 600w, https:\/\/muntaho.com\/wp-content\/uploads\/2025\/06\/kit-digital-logo2064x239-1536x178-1-1024x119-1-300x35.png 300w, https:\/\/muntaho.com\/wp-content\/uploads\/2025\/06\/kit-digital-logo2064x239-1536x178-1-1024x119-1-768x89.png 768w\" sizes=\"auto, (max-width: 1024px) 100vw, 1024px\" \/><\/figure>\n\n\n\n<p><\/p>\n\n\n<!-- Google Tag Manager (noscript) -->\n<noscript><iframe src=\"https:\/\/www.googletagmanager.com\/ns.html?id=GTM-55B7RCRB\"\nheight=\"0\" width=\"0\" style=\"display:none;visibility:hidden\"><\/iframe><\/noscript>\n<!-- End Google Tag Manager (noscript) -->","protected":false},"excerpt":{"rendered":"<p>Finan\u00e7at per la Uni\u00f3 Europea \u2013 NextGenerationEU. Tot i aix\u00f2, els punts de vista i les opinions expressades s\u00f3n \u00fanicament els de l\u2019autor o autors i no reflecteixen necess\u00e0riament els de la Uni\u00f3 Europea o la Comissi\u00f3 Europea. Ni la Uni\u00f3 Europea ni la Comissi\u00f3 Europea poden ser considerades responsables d&#8217;aquestes.<\/p>","protected":false},"author":2,"featured_media":0,"parent":0,"menu_order":0,"comment_status":"closed","ping_status":"closed","template":"","meta":{"footnotes":""},"class_list":["post-66","page","type-page","status-publish","hentry"],"yoast_head":"<!-- This site is optimized with the Yoast SEO plugin v26.8 - https:\/\/yoast.com\/product\/yoast-seo-wordpress\/ -->\n<title>Kit digital - MUNTAHO<\/title>\n<meta name=\"description\" content=\"Mobles de fusta sostenibles, de muntatge f\u00e0cil i disseny minimalista. Descobreix el mobiliari modular i ecol\u00f2gic de Muntaho, fets a mida a Catalunya.\" \/>\n<meta name=\"robots\" content=\"index, follow, max-snippet:-1, max-image-preview:large, max-video-preview:-1\" \/>\n<link rel=\"canonical\" href=\"https:\/\/muntaho.com\/es\/kit-digital\/\" \/>\n<meta property=\"og:locale\" content=\"es_ES\" \/>\n<meta property=\"og:type\" content=\"article\" \/>\n<meta property=\"og:title\" content=\"Kit digital - MUNTAHO\" \/>\n<meta property=\"og:description\" content=\"Mobles de fusta sostenibles, de muntatge f\u00e0cil i disseny minimalista. Descobreix el mobiliari modular i ecol\u00f2gic de Muntaho, fets a mida a Catalunya.\" \/>\n<meta property=\"og:url\" content=\"https:\/\/muntaho.com\/es\/kit-digital\/\" \/>\n<meta property=\"og:site_name\" content=\"MUNTAHO\" \/>\n<meta property=\"article:modified_time\" content=\"2026-03-10T10:34:02+00:00\" \/>\n<meta property=\"og:image\" content=\"https:\/\/muntaho.com\/wp-content\/uploads\/2025\/06\/kit-digital-logo2064x239-1536x178-1-1024x119-1.png\" \/>\n\t<meta property=\"og:image:width\" content=\"1024\" \/>\n\t<meta property=\"og:image:height\" content=\"119\" \/>\n\t<meta property=\"og:image:type\" content=\"image\/png\" \/>\n<meta name=\"twitter:card\" content=\"summary_large_image\" \/>\n<meta name=\"twitter:label1\" content=\"Tiempo de lectura\" \/>\n\t<meta name=\"twitter:data1\" content=\"1 minuto\" \/>\n<script type=\"application\/ld+json\" class=\"yoast-schema-graph\">{\"@context\":\"https:\/\/schema.org\",\"@graph\":[{\"@type\":\"WebPage\",\"@id\":\"https:\/\/muntaho.com\/kit-digital\/\",\"url\":\"https:\/\/muntaho.com\/kit-digital\/\",\"name\":\"Kit digital - MUNTAHO\",\"isPartOf\":{\"@id\":\"https:\/\/muntaho.com\/#website\"},\"primaryImageOfPage\":{\"@id\":\"https:\/\/muntaho.com\/kit-digital\/#primaryimage\"},\"image\":{\"@id\":\"https:\/\/muntaho.com\/kit-digital\/#primaryimage\"},\"thumbnailUrl\":\"https:\/\/muntaho.com\/wp-content\/uploads\/2025\/06\/kit-digital-logo2064x239-1536x178-1-1024x119-1.png\",\"datePublished\":\"2025-06-03T11:05:31+00:00\",\"dateModified\":\"2026-03-10T10:34:02+00:00\",\"description\":\"Mobles de fusta sostenibles, de muntatge f\u00e0cil i disseny minimalista. Descobreix el mobiliari modular i ecol\u00f2gic de Muntaho, fets a mida a Catalunya.\",\"breadcrumb\":{\"@id\":\"https:\/\/muntaho.com\/kit-digital\/#breadcrumb\"},\"inLanguage\":\"es\",\"potentialAction\":[{\"@type\":\"ReadAction\",\"target\":[\"https:\/\/muntaho.com\/kit-digital\/\"]}]},{\"@type\":\"ImageObject\",\"inLanguage\":\"es\",\"@id\":\"https:\/\/muntaho.com\/kit-digital\/#primaryimage\",\"url\":\"https:\/\/muntaho.com\/wp-content\/uploads\/2025\/06\/kit-digital-logo2064x239-1536x178-1-1024x119-1.png\",\"contentUrl\":\"https:\/\/muntaho.com\/wp-content\/uploads\/2025\/06\/kit-digital-logo2064x239-1536x178-1-1024x119-1.png\"},{\"@type\":\"BreadcrumbList\",\"@id\":\"https:\/\/muntaho.com\/kit-digital\/#breadcrumb\",\"itemListElement\":[{\"@type\":\"ListItem\",\"position\":1,\"name\":\"Inici\",\"item\":\"https:\/\/muntaho.com\/\"},{\"@type\":\"ListItem\",\"position\":2,\"name\":\"Kit digital\"}]},{\"@type\":\"WebSite\",\"@id\":\"https:\/\/muntaho.com\/#website\",\"url\":\"https:\/\/muntaho.com\/\",\"name\":\"Muntaho Store\",\"description\":\"\",\"publisher\":{\"@id\":\"https:\/\/muntaho.com\/#organization\"},\"potentialAction\":[{\"@type\":\"SearchAction\",\"target\":{\"@type\":\"EntryPoint\",\"urlTemplate\":\"https:\/\/muntaho.com\/?s={search_term_string}\"},\"query-input\":{\"@type\":\"PropertyValueSpecification\",\"valueRequired\":true,\"valueName\":\"search_term_string\"}}],\"inLanguage\":\"es\"},{\"@type\":\"Organization\",\"@id\":\"https:\/\/muntaho.com\/#organization\",\"name\":\"Muntaho Store\",\"url\":\"https:\/\/muntaho.com\/\",\"logo\":{\"@type\":\"ImageObject\",\"inLanguage\":\"es\",\"@id\":\"https:\/\/muntaho.com\/#\/schema\/logo\/image\/\",\"url\":\"https:\/\/muntaho.com\/wp-content\/uploads\/2025\/06\/logo-color.svg\",\"contentUrl\":\"https:\/\/muntaho.com\/wp-content\/uploads\/2025\/06\/logo-color.svg\",\"width\":256,\"height\":98,\"caption\":\"Muntaho Store\"},\"image\":{\"@id\":\"https:\/\/muntaho.com\/#\/schema\/logo\/image\/\"}}]}<\/script>\n<!-- \/ Yoast SEO plugin. -->","yoast_head_json":{"title":"Kit digital - MUNTAHO","description":"Muebles de madera sostenibles, de f\u00e1cil montaje y dise\u00f1o minimalista. Descubre el mobiliario modular y ecol\u00f3gico de Muntaho, hecho a medida en Catalu\u00f1a.","robots":{"index":"index","follow":"follow","max-snippet":"max-snippet:-1","max-image-preview":"max-image-preview:large","max-video-preview":"max-video-preview:-1"},"canonical":"https:\/\/muntaho.com\/es\/kit-digital\/","og_locale":"es_ES","og_type":"article","og_title":"Kit digital - MUNTAHO","og_description":"Mobles de fusta sostenibles, de muntatge f\u00e0cil i disseny minimalista. Descobreix el mobiliari modular i ecol\u00f2gic de Muntaho, fets a mida a Catalunya.","og_url":"https:\/\/muntaho.com\/es\/kit-digital\/","og_site_name":"MUNTAHO","article_modified_time":"2026-03-10T10:34:02+00:00","og_image":[{"width":1024,"height":119,"url":"https:\/\/muntaho.com\/wp-content\/uploads\/2025\/06\/kit-digital-logo2064x239-1536x178-1-1024x119-1.png","type":"image\/png"}],"twitter_card":"summary_large_image","twitter_misc":{"Tiempo de lectura":"1 minuto"},"schema":{"@context":"https:\/\/schema.org","@graph":[{"@type":"WebPage","@id":"https:\/\/muntaho.com\/kit-digital\/","url":"https:\/\/muntaho.com\/kit-digital\/","name":"Kit digital - MUNTAHO","isPartOf":{"@id":"https:\/\/muntaho.com\/#website"},"primaryImageOfPage":{"@id":"https:\/\/muntaho.com\/kit-digital\/#primaryimage"},"image":{"@id":"https:\/\/muntaho.com\/kit-digital\/#primaryimage"},"thumbnailUrl":"https:\/\/muntaho.com\/wp-content\/uploads\/2025\/06\/kit-digital-logo2064x239-1536x178-1-1024x119-1.png","datePublished":"2025-06-03T11:05:31+00:00","dateModified":"2026-03-10T10:34:02+00:00","description":"Muebles de madera sostenibles, de f\u00e1cil montaje y dise\u00f1o minimalista. Descubre el mobiliario modular y ecol\u00f3gico de Muntaho, hecho a medida en Catalu\u00f1a.","breadcrumb":{"@id":"https:\/\/muntaho.com\/kit-digital\/#breadcrumb"},"inLanguage":"es","potentialAction":[{"@type":"ReadAction","target":["https:\/\/muntaho.com\/kit-digital\/"]}]},{"@type":"ImageObject","inLanguage":"es","@id":"https:\/\/muntaho.com\/kit-digital\/#primaryimage","url":"https:\/\/muntaho.com\/wp-content\/uploads\/2025\/06\/kit-digital-logo2064x239-1536x178-1-1024x119-1.png","contentUrl":"https:\/\/muntaho.com\/wp-content\/uploads\/2025\/06\/kit-digital-logo2064x239-1536x178-1-1024x119-1.png"},{"@type":"BreadcrumbList","@id":"https:\/\/muntaho.com\/kit-digital\/#breadcrumb","itemListElement":[{"@type":"ListItem","position":1,"name":"Inici","item":"https:\/\/muntaho.com\/"},{"@type":"ListItem","position":2,"name":"Kit digital"}]},{"@type":"WebSite","@id":"https:\/\/muntaho.com\/#website","url":"https:\/\/muntaho.com\/","name":"Muntaho Store","description":"","publisher":{"@id":"https:\/\/muntaho.com\/#organization"},"potentialAction":[{"@type":"SearchAction","target":{"@type":"EntryPoint","urlTemplate":"https:\/\/muntaho.com\/?s={search_term_string}"},"query-input":{"@type":"PropertyValueSpecification","valueRequired":true,"valueName":"search_term_string"}}],"inLanguage":"es"},{"@type":"Organization","@id":"https:\/\/muntaho.com\/#organization","name":"Muntaho Store","url":"https:\/\/muntaho.com\/","logo":{"@type":"ImageObject","inLanguage":"es","@id":"https:\/\/muntaho.com\/#\/schema\/logo\/image\/","url":"https:\/\/muntaho.com\/wp-content\/uploads\/2025\/06\/logo-color.svg","contentUrl":"https:\/\/muntaho.com\/wp-content\/uploads\/2025\/06\/logo-color.svg","width":256,"height":98,"caption":"Muntaho Store"},"image":{"@id":"https:\/\/muntaho.com\/#\/schema\/logo\/image\/"}}]}},"_links":{"self":[{"href":"https:\/\/muntaho.com\/es\/wp-json\/wp\/v2\/pages\/66","targetHints":{"allow":["GET"]}}],"collection":[{"href":"https:\/\/muntaho.com\/es\/wp-json\/wp\/v2\/pages"}],"about":[{"href":"https:\/\/muntaho.com\/es\/wp-json\/wp\/v2\/types\/page"}],"author":[{"embeddable":true,"href":"https:\/\/muntaho.com\/es\/wp-json\/wp\/v2\/users\/2"}],"replies":[{"embeddable":true,"href":"https:\/\/muntaho.com\/es\/wp-json\/wp\/v2\/comments?post=66"}],"version-history":[{"count":1,"href":"https:\/\/muntaho.com\/es\/wp-json\/wp\/v2\/pages\/66\/revisions"}],"predecessor-version":[{"id":1281,"href":"https:\/\/muntaho.com\/es\/wp-json\/wp\/v2\/pages\/66\/revisions\/1281"}],"wp:attachment":[{"href":"https:\/\/muntaho.com\/es\/wp-json\/wp\/v2\/media?parent=66"}],"curies":[{"name":"wp","href":"https:\/\/api.w.org\/{rel}","templated":true}]}}