{"id":65,"date":"2025-06-03T13:02:51","date_gmt":"2025-06-03T11:02:51","guid":{"rendered":"http:\/\/muntaho.com\/?page_id=65"},"modified":"2026-02-16T15:55:34","modified_gmt":"2026-02-16T14:55:34","slug":"avis-legal","status":"publish","type":"page","link":"https:\/\/muntaho.com\/es\/avis-legal\/","title":{"rendered":"Aviso legal"},"content":{"rendered":"<!-- Google Tag Manager -->\n<script>(function(w,d,s,l,i){w[l]=w[l]||[];w[l].push({'gtm.start':\nnew Date().getTime(),event:'gtm.js'});var f=d.getElementsByTagName(s)[0],\nj=d.createElement(s),dl=l!='dataLayer'?'&l='+l:'';j.async=true;j.src=\n'https:\/\/www.googletagmanager.com\/gtm.js?id='+i+dl;f.parentNode.insertBefore(j,f);\n})(window,document,'script','dataLayer','GTM-55B7RCRB');<\/script>\n<!-- End Google Tag Manager -->\n\n\n<h2 class=\"wp-block-heading\" id=\"introduccio\">Introducci\u00f3n<\/h2>\n\n<!-- Google Tag Manager (noscript) -->\n<noscript><iframe src=\"https:\/\/www.googletagmanager.com\/ns.html?id=GTM-55B7RCRB\"\nheight=\"0\" width=\"0\" style=\"display:none;visibility:hidden\"><\/iframe><\/noscript>\n<!-- End Google Tag Manager (noscript) -->\n\n<p>En cumplimiento de la Ley 34\/2002, de 11 de julio, de Servicios de la Sociedad de la Informaci\u00f3n y de Comercio Electr\u00f3nico (LSSI-CE), HOWE Solutions S.L., informa que es titular del sitio web. De acuerdo con la exigencia del art\u00edculo 10 de la citada Ley, HOWE Solutions, S.L. informa de los siguientes datos:<\/p>\n\n\n<dl class=\"wp-block-howe-legal-info\">\n\t<dt>N\u00famero de la empresa<\/dt>\n\t<dd>HOWE Solutions, S.L.<\/dd>\n\t<dt>NIF<\/dt>\n\t<dd>B72988348<\/dd>\n\t<dt>Dominio<\/dt>\n\t<dd><a href=\"https:\/\/muntaho.com\/es\/\">montaho.com<\/a><\/dd>\n\t<dt>Direcci\u00f3n postal<\/dt>\n\t<dd>Mas El Gurt, 17176 Joanetes, Girona<\/dd>\n\t<dt>Direcci\u00f3n electr\u00f3nica<\/dt>\n\t<dd><a href=\"mailto:info@muntaho.com\">info@muntaho.com<\/a><\/dd>\n\t<dt>N\u00famero de tel\u00e9fono<\/dt>\n\t<dd><a href=\"tel:+34872202699\">872 202 699<\/a><\/dd>\n\t<dt>N\u00ba registro\/Datos adicionales<\/dt>\n\t<dd>Registro 08005, Volumen 48616, Folio 156, Hoja B590203<\/dd>\n<\/dl>\n\n\n\n<h2 class=\"wp-block-heading\">Usuario y r\u00e9gimen de responsabilidades<\/h2>\n\n\n\n<p>La navegaci\u00f3n, el acceso y el uso por el sitio web de HOWE Solutions, S.L. confiere la condici\u00f3n de usuario.<\/p>\n\n\n\n<p>El sitio web de HOWE Solutions, S.L. proporciona una gran diversidad de informaci\u00f3n, servicios y datos. El usuario asume la responsabilidad en el correcto uso del sitio web. Esta responsabilidad se extender\u00e1 a:<\/p>\n\n\n\n<ul class=\"wp-block-list\">\n<li>La veracidad y licitud de las informaciones aportadas por el usuario a los formularios extendidos por HOWE SOLUTIONS SL para el acceso a ciertos contenidos o servicios ofrecidos por la web.<\/li>\n\n\n\n<li>El uso de la informaci\u00f3n, servicios y datos ofrecidos por HOWE SOLUTIONS SL contrariamente a lo dispuesto en estas condiciones, la Ley, la moral, las buenas costumbres o el orden p\u00fablico, o que de cualquier otra forma puedan suponer lesi\u00f3n de los derechos de terceros o del mismo funcionamiento del sitio web.<\/li>\n<\/ul>\n\n\n\n<h2 class=\"wp-block-heading\">Condiciones de la tienda online<\/h2>\n\n\n\n<p>Al aceptar estas Condiciones del servicio, declare que tiene como m\u00ednimo la mayor\u00eda de edad en su estado o provincia de residencia, o que tiene la mayor\u00eda de edad en su estado o provincia de residencia y que nos ha dado su consentimiento para permitir que cualquiera de sus dependientes menores de edad utilice este sitio. No puede utilizar nuestros productos para ninguna finalidad ilegal o no autorizada ni tampoco puede, al usar el Servicio, violar ninguna ley de su jurisdicci\u00f3n (incluidas, entre otras, las leyes de derechos de autor). No debe transmitir gusanos, virus ni ning\u00fan c\u00f3digo de naturaleza destructiva. El incumplimiento o violaci\u00f3n de cualquiera de las Condiciones comportar\u00e1 la terminaci\u00f3n inmediata de sus Servicios.<\/p>\n\n\n\n<h2 class=\"wp-block-heading\">Condiciones generales<\/h2>\n\n\n\n<p>Nos reservamos el derecho a rechazar el servicio a cualquier persona por cualquier motivo y en cualquier momento. Entienda que su contenido (sin incluir la informaci\u00f3n de su tarjeta de cr\u00e9dito) se puede transferir sin cifrar e implicar (a) transmisiones a trav\u00e9s de varias redes; y (b) cambios para cumplir y adaptarse a los requisitos t\u00e9cnicos de las redes o dispositivos de conexi\u00f3n. La informaci\u00f3n de su tarjeta de cr\u00e9dito siempre se cifra durante la transferencia a trav\u00e9s de las redes.<\/p>\n\n\n\n<p>Acepte no reproducir, duplicar, copiar, vender, revender o explotar ninguna parte del Servicio, uso del Servicio o acceso al Servicio o cualquier contacto en el sitio web a trav\u00e9s del cual se proporciona el servicio, sin nuestro permiso expreso por escrito. Los encabezados utilizados en este acuerdo se incluyen s\u00f3lo por comodidad y no limitar\u00e1n ni afectar\u00e1n de otro modo a estas Condiciones.<\/p>\n\n\n\n<h2 class=\"wp-block-heading\">Cl\u00e1usula de \u201cRecambios\u201d de HOWE Solutions, S.L.<\/h2>\n\n\n\n<p>Queremos que todos nuestros clientes puedan obtener f\u00e1cilmente piezas de repuesto para un producto Howe Solutions SL roto. Nuestra tienda de piezas de repuesto est\u00e1 configurada para este prop\u00f3sito. Desgraciadamente, algunos clientes pueden demostrar patrones de compra inusuales a trav\u00e9s de los cuales se aprovecha, por ejemplo, la pol\u00edtica de piezas de repuesto de Howe Solutions SL. Por tanto, hemos introducido una cl\u00e1usula de \u201cPiezas de repuesto\u201d.<br><br>Si Howe Solutions SL tiene una sospecha razonable de que existe abuso, fraude, acoso, comportamiento de compra excesivo\/patol\u00f3gico por parte del cliente, o que un cliente es un comerciante profesional con la intenci\u00f3n expl\u00edcita de revender art\u00edculos comprados en Howe Solutions SL, nos reservamos el derecho de rechazar el pedido con referencia a esta cl\u00e1usula. En este contexto, la sospecha se basa en varios factores, criterios no discriminatorios, incluyendo un compromiso\/ponderaci\u00f3n de la frecuencia de compra, la composici\u00f3n del pedido, la composici\u00f3n de la devoluci\u00f3n, la presunta carencia de mercanc\u00edas en env\u00edos sean salientes o entrantes, el intento de eludir un rechazo previo, el uso de falso\/a. Enfatizamos que el comportamiento es simult\u00e1neamente sistem\u00e1tico y no aleatorio ni aislado. Si reconocemos un comportamiento de compra inaceptable como el descrito anteriormente, nos reservamos el derecho a negarnos a realizar transacciones con los clientes en cuesti\u00f3n y\/o detener la capacidad de los clientes para comprar en Howe Solutions SL a partir de entonces. Como en cualquier caso, una transacci\u00f3n s\u00f3lo se concluye definitivamente con Howe Solutions SL cuando hemos enviado una \u201cconfirmaci\u00f3n de pedido y env\u00edo\u201d. La cl\u00e1usula \u201cRecambios\u201d no impide que los clientes vuelvan, pero en casos espec\u00edficos puede impedir que los clientes compren. Por tanto, la cl\u00e1usula \u201cRecambios\u201d no se aplica a los pedidos ya aceptados.<\/p>\n\n\n\n<h2 class=\"wp-block-heading\">Pol\u00edtica de enlaces y exenciones de responsabilidad<\/h2>\n\n\n\n<p>HOWE SOLUTIONS SL no se hace responsable del contenido de los sitios web a los que el usuario pueda acceder a trav\u00e9s de los enlaces establecidos en su sitio web, siempre que no tenga conocimiento efectivo de que la actividad o la informaci\u00f3n a la que remite o recomienda es il\u00edcita o que lesiona bienes o derechos de un tercero susceptibles de indemnizaci\u00f3n, o, en caso de tenerlo, correspondiente.<\/p>\n\n\n\n<p>Se entender\u00e1 que HOWE SOLUTIONS SL tiene el conocimiento efectivo a que se refiere el p\u00e1rrafo anterior cuando un \u00f3rgano competente haya declarado la ilicitud de los datos, ordenado su retirada o que se imposibilite el acceso a los mismos, o se hubiera declarado la existencia de la lesi\u00f3n, y HOWE SOLUTIONS SL conociera la correspondiente HOWE SOLUTIONS SL aplique en virtud de acuerdos voluntarios y de otros medios de conocimiento efectivo que puedan establecerse.<\/p>\n\n\n\n<p>HOWE SOLUTIONS SL declara haber adoptado todas las medidas necesarias para evitar cualquier da\u00f1o a los usuarios de su sitio web, que pudieran derivarse de la navegaci\u00f3n por su sitio web. legalidad de sitios ajenos a su propiedad a la que se pueda acceder mediante los enlaces.<\/p>\n\n\n\n<h2 class=\"wp-block-heading\">Modificaciones<\/h2>\n\n\n\n<p>HOWE SOLUTIONS SL se reserva la facultad de efectuar, en cualquier momento y sin necesidad de previo aviso, modificaciones y actualizaciones de la informaci\u00f3n contenida en su sitio web oa la configuraci\u00f3n y presentaci\u00f3n de \u00e9sta. A fin de mantener actualizada la informaci\u00f3n publicada, los contenidos del mismo podr\u00e1n ser modificados, corregidos, eliminados o a\u00f1adidos en cualquier momento, por cualquier forma admisible.<\/p>\n\n\n\n<h2 class=\"wp-block-heading\">Indicaci\u00f3n de precios<\/h2>\n\n\n\n<p>En caso de que se muestren precios de productos y\/o servicios, los indicados en la pantalla ser\u00e1n los vigentes en cada momento. Los precios ser\u00e1n indicados en euros y tendr\u00e1n incorporado el impuesto sobre el valor a\u00f1adido (IVA). En caso de que el IVA no se incorpore al precio, se indicar\u00e1 de forma expresa y se permitir\u00e1 al usuario visualizar el precio final completo.<\/p>\n\n\n\n<h2 class=\"wp-block-heading\">Productos o servicios<\/h2>\n\n\n\n<p>Algunos productos o servicios pueden estar disponibles exclusivamente online a trav\u00e9s del sitio web. Estos productos o servicios pueden tener cantidades limitadas y s\u00f3lo se pueden devolver o cambiar de acuerdo a nuestra Pol\u00edtica de devoluciones. Hemos hecho todo lo posible por mostrar con la m\u00e1xima precisi\u00f3n posible los colores e im\u00e1genes de nuestros productos que aparecen en la tienda. No podemos garantizar que la visualizaci\u00f3n de cualquier color en el monitor de su ordenador sea precisa.<\/p>\n\n\n\n<p>Nos reservamos el derecho, pero no estamos obligados a limitar las ventas de nuestros productos o servicios a cualquier persona, regi\u00f3n geogr\u00e1fica o jurisdicci\u00f3n. Podemos ejercitar este derecho caso por caso. Nos reservamos el derecho a limitar las cantidades de cualquier producto o servicio que ofrecemos. Todas las descripciones de los productos o precios de los productos est\u00e1n sujetas a cambios en cualquier momento sin previo aviso, a nuestra entera discreci\u00f3n. Nos reservamos el derecho a suspender cualquier producto en cualquier momento. Cualquier oferta para cualquier producto o servicio hecha en este sitio es nula donde est\u00e9 prohibido. No garantizamos que la calidad de ning\u00fan producto, servicio, informaci\u00f3n u otro material comprado u obtenido por usted cumpla sus expectativas, ni que se corrijan los errores del Servicio.<\/p>\n\n\n\n<h2 class=\"wp-block-heading\">Exactitud de la informaci\u00f3n de facturaci\u00f3n y de la cuenta<\/h2>\n\n\n\n<p>Nos reservamos el derecho de rechazar cualquier pedido que nos haga. Podemos, a nuestra discreci\u00f3n, limitar o cancelar las cantidades compradas por persona, por hogar o por pedido. Estas restricciones pueden incluir pedidos realizados con la misma cuenta de cliente o con la misma cuenta, la misma tarjeta de cr\u00e9dito y\/o pedidos que utilizan la misma direcci\u00f3n de facturaci\u00f3n y\/o env\u00edo.<\/p>\n\n\n\n<p>En caso de que hagamos un cambio o cancelemos un pedido, podemos intentar notific\u00e1rselo contactando con el correo electr\u00f3nico y\/o la direcci\u00f3n de facturaci\u00f3n\/n\u00famero de tel\u00e9fono que nos proporcion\u00f3 en el momento de realizar el pedido. Nos reservamos el derecho de limitar o prohibir los pedidos que, seg\u00fan nuestro criterio, parezcan haber sido realizados por distribuidores, distribuidores o distribuidores. Acepte proporcionar informaci\u00f3n de compra y cuenta actual, completa y precisa para todas las compras realizadas en nuestra tienda. Acepte actualizar inmediatamente su cuenta y otra informaci\u00f3n, incluida su direcci\u00f3n de correo electr\u00f3nico, los n\u00fameros de su tarjeta de cr\u00e9dito y las fechas de caducidad, para que podamos completar sus transacciones y contactar con usted seg\u00fan sea necesario.<\/p>\n\n\n\n<p>Para m\u00e1s detalles, revise nuestra <a href=\"https:\/\/muntaho.com\/es\/reemborsaments_devolucions\/\">Pol\u00edtica de devoluciones<\/a>. <\/p>\n\n\n\n<h2 class=\"wp-block-heading\">Propiedad intelectual e industrial<\/h2>\n\n\n\n<p>HOWE SOLUTIONS SL por s\u00ed misma o como cesionaria, es titular de todos los derechos de propiedad intelectual e industrial de su p\u00e1gina web, as\u00ed como de los elementos contenidos en la p\u00e1gina web (a t\u00edtulo enunciativo, im\u00e1genes, sonido, audio, v\u00eddeo, software o textos; marcas o logotipos, combinaciones de colores, estructura y dise\u00f1o, selecci\u00f3n de materiales usados, programas de uso). de HOWE SOLUTIONS SL. Ser\u00e1n, por tanto, obras protegidas como propiedad intelectual por el ordenamiento jur\u00eddico espa\u00f1ol, si\u00e9ndolas aplicables tanto la normativa espa\u00f1ola y comunitaria en este campo, como los tratados internacionales relativos a la materia y suscritos por Espa\u00f1a.<\/p>\n\n\n\n<p>Todos los derechos reservados. En virtud de lo dispuesto en la Ley de propiedad intelectual, quedan expresamente prohibidas la reproducci\u00f3n, distribuci\u00f3n y comunicaci\u00f3n p\u00fablica, incluida su modalidad de puesta a disposici\u00f3n, de la totalidad o parte de los contenidos de esta p\u00e1gina web, con fines comerciales, en cualquier soporte y por cualquier medio t\u00e9cnico, sin la autorizaci\u00f3n de HOWE SOLUTIONS SL.<\/p>\n\n\n\n<p>El usuario se compromete a respetar los derechos de propiedad intelectual e industrial titularidad de HOWE SOLUTIONS SL. Podr\u00e1 visualizar los elementos del portal e incluso imprimirlos, copiarlos y almacenarlos en el disco duro de su ordenador o en cualquier otro soporte f\u00edsico siempre que sea, \u00fanica y exclusivamente, para su uso personal y privado. El usuario deber\u00e1 abstenerse de suprimir, alterar, eludir o manipular cualquier dispositivo de protecci\u00f3n o sistema de seguridad que est\u00e9 instalado en las p\u00e1ginas de HOWE SOLUTIONS SL.<\/p>\n\n\n\n<h2 class=\"wp-block-heading\">Acciones legales, legislaci\u00f3n aplicable y jurisdicci\u00f3n<\/h2>\n\n\n\n<p>Si el usuario quiere presentar una reclamaci\u00f3n, es necesario contactar mediante el correo electr\u00f3nico indicado en <a href=\"#introduccio\">la secci\u00f3n de introducci\u00f3n<\/a>. Asimismo, HOWE SOLUTIONS SL dispone de hojas oficiales de reclamaci\u00f3n a disposici\u00f3n de los consumidores y usuarios.<\/p>\n\n\n\n<p>HOWE SOLUTIONS SL se reserva la facultad de presentar las acciones civiles o penales que considere oportunas por la utilizaci\u00f3n indebida de su sitio web y contenidos, o por el incumplimiento de las presentes condiciones.<\/p>\n\n\n\n<p>La relaci\u00f3n entre el usuario y el prestamista se regir\u00e1 por la normativa vigente y aplicable al territorio espa\u00f1ol. Si surge cualquier controversia, las partes pueden someter sus conflictos a arbitraje o acudir a la jurisdicci\u00f3n ordinaria cumpliendo con las normas sobre jurisdicci\u00f3n y competencia al respecto.<\/p>\n\n\n\n<p><strong>\u00daltima actualizaci\u00f3n<\/strong>: 15 de agosto de 2025.<\/p>","protected":false},"excerpt":{"rendered":"<p>Introducci\u00f3 En compliment de la Llei 34\/2002, d&#8217;11 de juliol, de Serveis de la Societat de la Informaci\u00f3 i de Comer\u00e7 Electr\u00f2nic (LSSI-CE), HOWE Solutions S.L., informa que \u00e9s titular del lloc web. D&#8217;acord amb l&#8217;exig\u00e8ncia de l&#8217;article 10 de la Llei esmentada, HOWE Solutions, S.L. informa de les dades seg\u00fcents: Usuari i r\u00e8gim de [&hellip;]<\/p>","protected":false},"author":2,"featured_media":0,"parent":0,"menu_order":0,"comment_status":"closed","ping_status":"closed","template":"","meta":{"footnotes":""},"class_list":["post-65","page","type-page","status-publish","hentry"],"yoast_head":"<!-- This site is optimized with the Yoast SEO plugin v26.8 - https:\/\/yoast.com\/product\/yoast-seo-wordpress\/ -->\n<title>Av\u00eds legal - MUNTAHO<\/title>\n<meta name=\"description\" content=\"Mobles de fusta sostenibles, de muntatge f\u00e0cil i disseny minimalista. Descobreix el mobiliari modular i ecol\u00f2gic de Muntaho, fets a mida a Catalunya.\" \/>\n<meta name=\"robots\" content=\"index, follow, max-snippet:-1, max-image-preview:large, max-video-preview:-1\" \/>\n<link rel=\"canonical\" href=\"https:\/\/muntaho.com\/es\/avis-legal\/\" \/>\n<meta property=\"og:locale\" content=\"es_ES\" \/>\n<meta property=\"og:type\" content=\"article\" \/>\n<meta property=\"og:title\" content=\"Av\u00eds legal - MUNTAHO\" \/>\n<meta property=\"og:description\" content=\"Mobles de fusta sostenibles, de muntatge f\u00e0cil i disseny minimalista. Descobreix el mobiliari modular i ecol\u00f2gic de Muntaho, fets a mida a Catalunya.\" \/>\n<meta property=\"og:url\" content=\"https:\/\/muntaho.com\/es\/avis-legal\/\" \/>\n<meta property=\"og:site_name\" content=\"MUNTAHO\" \/>\n<meta property=\"article:modified_time\" content=\"2026-02-16T14:55:34+00:00\" \/>\n<meta name=\"twitter:card\" content=\"summary_large_image\" \/>\n<meta name=\"twitter:label1\" content=\"Tiempo de lectura\" \/>\n\t<meta name=\"twitter:data1\" content=\"11 minutos\" \/>\n<script type=\"application\/ld+json\" class=\"yoast-schema-graph\">{\"@context\":\"https:\/\/schema.org\",\"@graph\":[{\"@type\":\"WebPage\",\"@id\":\"https:\/\/muntaho.com\/avis-legal\/\",\"url\":\"https:\/\/muntaho.com\/avis-legal\/\",\"name\":\"Av\u00eds legal - MUNTAHO\",\"isPartOf\":{\"@id\":\"https:\/\/muntaho.com\/#website\"},\"datePublished\":\"2025-06-03T11:02:51+00:00\",\"dateModified\":\"2026-02-16T14:55:34+00:00\",\"description\":\"Mobles de fusta sostenibles, de muntatge f\u00e0cil i disseny minimalista. Descobreix el mobiliari modular i ecol\u00f2gic de Muntaho, fets a mida a Catalunya.\",\"breadcrumb\":{\"@id\":\"https:\/\/muntaho.com\/avis-legal\/#breadcrumb\"},\"inLanguage\":\"es\",\"potentialAction\":[{\"@type\":\"ReadAction\",\"target\":[\"https:\/\/muntaho.com\/avis-legal\/\"]}]},{\"@type\":\"BreadcrumbList\",\"@id\":\"https:\/\/muntaho.com\/avis-legal\/#breadcrumb\",\"itemListElement\":[{\"@type\":\"ListItem\",\"position\":1,\"name\":\"Inici\",\"item\":\"https:\/\/muntaho.com\/\"},{\"@type\":\"ListItem\",\"position\":2,\"name\":\"Av\u00eds legal\"}]},{\"@type\":\"WebSite\",\"@id\":\"https:\/\/muntaho.com\/#website\",\"url\":\"https:\/\/muntaho.com\/\",\"name\":\"Muntaho Store\",\"description\":\"\",\"publisher\":{\"@id\":\"https:\/\/muntaho.com\/#organization\"},\"potentialAction\":[{\"@type\":\"SearchAction\",\"target\":{\"@type\":\"EntryPoint\",\"urlTemplate\":\"https:\/\/muntaho.com\/?s={search_term_string}\"},\"query-input\":{\"@type\":\"PropertyValueSpecification\",\"valueRequired\":true,\"valueName\":\"search_term_string\"}}],\"inLanguage\":\"es\"},{\"@type\":\"Organization\",\"@id\":\"https:\/\/muntaho.com\/#organization\",\"name\":\"Muntaho Store\",\"url\":\"https:\/\/muntaho.com\/\",\"logo\":{\"@type\":\"ImageObject\",\"inLanguage\":\"es\",\"@id\":\"https:\/\/muntaho.com\/#\/schema\/logo\/image\/\",\"url\":\"https:\/\/muntaho.com\/wp-content\/uploads\/2025\/06\/logo-color.svg\",\"contentUrl\":\"https:\/\/muntaho.com\/wp-content\/uploads\/2025\/06\/logo-color.svg\",\"width\":256,\"height\":98,\"caption\":\"Muntaho Store\"},\"image\":{\"@id\":\"https:\/\/muntaho.com\/#\/schema\/logo\/image\/\"}}]}<\/script>\n<!-- \/ Yoast SEO plugin. -->","yoast_head_json":{"title":"Av\u00eds legal - MUNTAHO","description":"Muebles de madera sostenibles, de f\u00e1cil montaje y dise\u00f1o minimalista. Descubre el mobiliario modular y ecol\u00f3gico de Muntaho, hecho a medida en Catalu\u00f1a.","robots":{"index":"index","follow":"follow","max-snippet":"max-snippet:-1","max-image-preview":"max-image-preview:large","max-video-preview":"max-video-preview:-1"},"canonical":"https:\/\/muntaho.com\/es\/avis-legal\/","og_locale":"es_ES","og_type":"article","og_title":"Av\u00eds legal - MUNTAHO","og_description":"Mobles de fusta sostenibles, de muntatge f\u00e0cil i disseny minimalista. Descobreix el mobiliari modular i ecol\u00f2gic de Muntaho, fets a mida a Catalunya.","og_url":"https:\/\/muntaho.com\/es\/avis-legal\/","og_site_name":"MUNTAHO","article_modified_time":"2026-02-16T14:55:34+00:00","twitter_card":"summary_large_image","twitter_misc":{"Tiempo de lectura":"11 minutos"},"schema":{"@context":"https:\/\/schema.org","@graph":[{"@type":"WebPage","@id":"https:\/\/muntaho.com\/avis-legal\/","url":"https:\/\/muntaho.com\/avis-legal\/","name":"Av\u00eds legal - MUNTAHO","isPartOf":{"@id":"https:\/\/muntaho.com\/#website"},"datePublished":"2025-06-03T11:02:51+00:00","dateModified":"2026-02-16T14:55:34+00:00","description":"Muebles de madera sostenibles, de f\u00e1cil montaje y dise\u00f1o minimalista. Descubre el mobiliario modular y ecol\u00f3gico de Muntaho, hecho a medida en Catalu\u00f1a.","breadcrumb":{"@id":"https:\/\/muntaho.com\/avis-legal\/#breadcrumb"},"inLanguage":"es","potentialAction":[{"@type":"ReadAction","target":["https:\/\/muntaho.com\/avis-legal\/"]}]},{"@type":"BreadcrumbList","@id":"https:\/\/muntaho.com\/avis-legal\/#breadcrumb","itemListElement":[{"@type":"ListItem","position":1,"name":"Inici","item":"https:\/\/muntaho.com\/"},{"@type":"ListItem","position":2,"name":"Av\u00eds legal"}]},{"@type":"WebSite","@id":"https:\/\/muntaho.com\/#website","url":"https:\/\/muntaho.com\/","name":"Muntaho Store","description":"","publisher":{"@id":"https:\/\/muntaho.com\/#organization"},"potentialAction":[{"@type":"SearchAction","target":{"@type":"EntryPoint","urlTemplate":"https:\/\/muntaho.com\/?s={search_term_string}"},"query-input":{"@type":"PropertyValueSpecification","valueRequired":true,"valueName":"search_term_string"}}],"inLanguage":"es"},{"@type":"Organization","@id":"https:\/\/muntaho.com\/#organization","name":"Muntaho Store","url":"https:\/\/muntaho.com\/","logo":{"@type":"ImageObject","inLanguage":"es","@id":"https:\/\/muntaho.com\/#\/schema\/logo\/image\/","url":"https:\/\/muntaho.com\/wp-content\/uploads\/2025\/06\/logo-color.svg","contentUrl":"https:\/\/muntaho.com\/wp-content\/uploads\/2025\/06\/logo-color.svg","width":256,"height":98,"caption":"Muntaho Store"},"image":{"@id":"https:\/\/muntaho.com\/#\/schema\/logo\/image\/"}}]}},"_links":{"self":[{"href":"https:\/\/muntaho.com\/es\/wp-json\/wp\/v2\/pages\/65","targetHints":{"allow":["GET"]}}],"collection":[{"href":"https:\/\/muntaho.com\/es\/wp-json\/wp\/v2\/pages"}],"about":[{"href":"https:\/\/muntaho.com\/es\/wp-json\/wp\/v2\/types\/page"}],"author":[{"embeddable":true,"href":"https:\/\/muntaho.com\/es\/wp-json\/wp\/v2\/users\/2"}],"replies":[{"embeddable":true,"href":"https:\/\/muntaho.com\/es\/wp-json\/wp\/v2\/comments?post=65"}],"version-history":[{"count":6,"href":"https:\/\/muntaho.com\/es\/wp-json\/wp\/v2\/pages\/65\/revisions"}],"predecessor-version":[{"id":1242,"href":"https:\/\/muntaho.com\/es\/wp-json\/wp\/v2\/pages\/65\/revisions\/1242"}],"wp:attachment":[{"href":"https:\/\/muntaho.com\/es\/wp-json\/wp\/v2\/media?parent=65"}],"curies":[{"name":"wp","href":"https:\/\/api.w.org\/{rel}","templated":true}]}}