{"id":562,"date":"2025-07-11T14:37:21","date_gmt":"2025-07-11T12:37:21","guid":{"rendered":"https:\/\/muntaho.com\/?page_id=562"},"modified":"2026-03-10T11:41:09","modified_gmt":"2026-03-10T10:41:09","slug":"politica-de-garantia","status":"publish","type":"page","link":"https:\/\/muntaho.com\/es\/politica-de-garantia\/","title":{"rendered":"Pol\u00edtica de garant\u00eda"},"content":{"rendered":"<!-- Google Tag Manager -->\n<script>(function(w,d,s,l,i){w[l]=w[l]||[];w[l].push({'gtm.start':\nnew Date().getTime(),event:'gtm.js'});var f=d.getElementsByTagName(s)[0],\nj=d.createElement(s),dl=l!='dataLayer'?'&l='+l:'';j.async=true;j.src=\n'https:\/\/www.googletagmanager.com\/gtm.js?id='+i+dl;f.parentNode.insertBefore(j,f);\n})(window,document,'script','dataLayer','GTM-55B7RCRB');<\/script>\n<!-- End Google Tag Manager -->\n\n<dl class=\"wp-block-howe-legal-info\">\n\t<dt>N\u00famero de la empresa<\/dt>\n\t<dd>HOWE Solutions, S.L.<\/dd>\n\t<dt>NIF<\/dt>\n\t<dd>B72988348<\/dd>\n\t<dt>Dominio<\/dt>\n\t<dd><a href=\"https:\/\/muntaho.com\/es\/\">montaho.com<\/a><\/dd>\n\t<dt>Direcci\u00f3n postal<\/dt>\n\t<dd>Mas El Gurt, 17176 Joanetes, Girona<\/dd>\n\t<dt>Direcci\u00f3n electr\u00f3nica<\/dt>\n\t<dd><a href=\"mailto:info@muntaho.com\">info@muntaho.com<\/a><\/dd>\n\t<dt>N\u00famero de tel\u00e9fono<\/dt>\n\t<dd><a href=\"tel:+34872202699\">872 202 699<\/a><\/dd>\n\t<dt>N\u00ba registro\/Datos adicionales<\/dt>\n\t<dd>Registro 08005, Volumen 48616, Folio 156, Hoja B590203<\/dd>\n<\/dl>\n\n\n\n<h2 class=\"wp-block-heading\">Informaci\u00f3n general<\/h2>\n\n\n\n<p>Howe Solutions SL se compromete a ofrecer <strong>muebles, dise\u00f1o, elementos estructurales y de construcci\u00f3n <\/strong>de alta calidad. Ofrecemos la siguiente garant\u00eda para su tranquilidad con su compra.<\/p>\n\n\n\n<h2 class=\"wp-block-heading\">Cobertura de la garant\u00eda<\/h2>\n\n\n\n<p>Howe Solutions SL ofrece una garant\u00eda de un a\u00f1o en todos <strong>los muebles, elementos de dise\u00f1o, estructurales y de construcci\u00f3n <\/strong>a partir de la fecha de compra.<\/p>\n\n\n\n<p>Esta garant\u00eda cubre defectos de fabricaci\u00f3n y materiales.<\/p>\n\n\n\n<h2 class=\"wp-block-heading\">Exclusiones de la Garant\u00eda<\/h2>\n\n\n\n<p>Esta garant\u00eda no cubre:<\/p>\n\n\n\n<ul class=\"wp-block-list\">\n<li>Da\u00f1os causados por un uso inadecuado.<\/li>\n\n\n\n<li>Desgaste normal.<\/li>\n\n\n\n<li>Modificaciones hechas por el cliente.<\/li>\n\n\n\n<li>Da\u00f1os resultante de accidentes.<\/li>\n\n\n\n<li>Da\u00f1os causados por un mantenimiento inadecuado (incumplimiento de mantenimiento recomendado, incluida la hidrataci\u00f3n de la madera con un esmalte protector adecuado).<\/li>\n\n\n\n<li>Variaciones de color y textura inherentes a la madera natural y otros materiales.<\/li>\n\n\n\n<li>Ligeras variaciones dimensionales de hasta \u00b1 1 mm en las piezas.<\/li>\n\n\n\n<li>Diferencias en el acabado final de los muebles en comparaci\u00f3n con las im\u00e1genes mostradas en nuestro sitio web.<\/li>\n<\/ul>\n\n\n\n<h2 class=\"wp-block-heading\">Proceso de reclamaci\u00f3n de Garant\u00eda<\/h2>\n\n\n\n<p>Para realizar una reclamaci\u00f3n de garant\u00eda, p\u00f3ngase en contacto con nuestro equipo de atenci\u00f3n al cliente en <\/p>\n\n\n\n<div class=\"wp-block-group has-global-padding is-layout-constrained wp-block-group-is-layout-constrained\"><span class=\"wp-block-howe-business-email\"><a href=\"mailto:info@muntaho.com\">info@muntaho.com<\/a><\/span><\/div>\n\n\n\n<p>o<\/p>\n\n\n\n<div class=\"wp-block-group has-global-padding is-layout-constrained wp-block-group-is-layout-constrained\"><span class=\"wp-block-howe-business-phone\"><a href=\"tel:+34872202699\">872 202 699<\/a><\/span><\/div>\n\n\n\n<p>Por favor, proporcione la siguiente informaci\u00f3n:<\/p>\n\n\n\n<ul class=\"wp-block-list\">\n<li>N\u00famero de pedido<\/li>\n\n\n\n<li>Descripci\u00f3n del defecto<\/li>\n\n\n\n<li>Fotograf\u00edas del defecto<\/li>\n<\/ul>\n\n\n\n<p>Nuestro equipo de atenci\u00f3n al cliente evaluar\u00e1 su reclamaci\u00f3n y determinar\u00e1 la soluci\u00f3n adecuada.<\/p>\n\n\n\n<h2 class=\"wp-block-heading\">Resoluci\u00f3n de la Garant\u00eda<\/h2>\n\n\n\n<p>Howe Solutions SL, a su discreci\u00f3n, har\u00e1 lo siguiente:<\/p>\n\n\n\n<ul class=\"wp-block-list\">\n<li>Reparaci\u00f3n del producto defectuoso.<\/li>\n\n\n\n<li>Sustituir el producto defectuoso por uno nuevo del mismo tipo o similar.<\/li>\n\n\n\n<li>Proporcionar un reembolso parcial o total, dependiendo del alcance del defecto y la antig\u00fcedad del producto.<\/li>\n<\/ul>\n\n\n\n<h2 class=\"wp-block-heading\">Limitaci\u00f3n de Responsabilidad<\/h2>\n\n\n\n<p>La responsabilidad de Howe Solutions SL en virtud de esta garant\u00eda se limita a la reparaci\u00f3n, sustituci\u00f3n o reembolso del precio de compra del producto defectuoso.<\/p>\n\n\n\n<p>Howe Solutions SL no ser\u00e1 responsable de ning\u00fan da\u00f1o indirecto, incidental o consecuente derivado del uso de nuestros productos.<\/p>\n\n<!-- Google Tag Manager (noscript) -->\n<noscript><iframe src=\"https:\/\/www.googletagmanager.com\/ns.html?id=GTM-55B7RCRB\"\nheight=\"0\" width=\"0\" style=\"display:none;visibility:hidden\"><\/iframe><\/noscript>\n<!-- End Google Tag Manager (noscript) -->","protected":false},"excerpt":{"rendered":"<p>Informaci\u00f3 general Howe Solutions SL es compromet a oferir mobles, disseny, elements estructurals i de construcci\u00f3 d&#8217;alta qualitat . Oferim la seg\u00fcent garantia per a la vostra tranquil\u00b7litat amb la vostra compra. Cobertura de la garantia Howe Solutions SL ofereix una garantia d&#8217;un any en tots els mobles, elements de disseny, estructurals i de construcci\u00f3 [&hellip;]<\/p>","protected":false},"author":2,"featured_media":0,"parent":0,"menu_order":0,"comment_status":"closed","ping_status":"closed","template":"","meta":{"footnotes":""},"class_list":["post-562","page","type-page","status-publish","hentry"],"yoast_head":"<!-- This site is optimized with the Yoast SEO plugin v26.8 - https:\/\/yoast.com\/product\/yoast-seo-wordpress\/ -->\n<title>Pol\u00edtica de garantia - MUNTAHO<\/title>\n<meta name=\"description\" content=\"Mobles de fusta sostenibles, de muntatge f\u00e0cil i disseny minimalista. Descobreix el mobiliari modular i ecol\u00f2gic de Muntaho, fets a mida a Catalunya.\" \/>\n<meta name=\"robots\" content=\"index, follow, max-snippet:-1, max-image-preview:large, max-video-preview:-1\" \/>\n<link rel=\"canonical\" href=\"https:\/\/muntaho.com\/es\/politica-de-garantia\/\" \/>\n<meta property=\"og:locale\" content=\"es_ES\" \/>\n<meta property=\"og:type\" content=\"article\" \/>\n<meta property=\"og:title\" content=\"Pol\u00edtica de garantia - MUNTAHO\" \/>\n<meta property=\"og:description\" content=\"Mobles de fusta sostenibles, de muntatge f\u00e0cil i disseny minimalista. Descobreix el mobiliari modular i ecol\u00f2gic de Muntaho, fets a mida a Catalunya.\" \/>\n<meta property=\"og:url\" content=\"https:\/\/muntaho.com\/es\/politica-de-garantia\/\" \/>\n<meta property=\"og:site_name\" content=\"MUNTAHO\" \/>\n<meta property=\"article:modified_time\" content=\"2026-03-10T10:41:09+00:00\" \/>\n<meta name=\"twitter:card\" content=\"summary_large_image\" \/>\n<meta name=\"twitter:label1\" content=\"Tiempo de lectura\" \/>\n\t<meta name=\"twitter:data1\" content=\"2 minutos\" \/>\n<script type=\"application\/ld+json\" class=\"yoast-schema-graph\">{\"@context\":\"https:\/\/schema.org\",\"@graph\":[{\"@type\":\"WebPage\",\"@id\":\"https:\/\/muntaho.com\/politica-de-garantia\/\",\"url\":\"https:\/\/muntaho.com\/politica-de-garantia\/\",\"name\":\"Pol\u00edtica de garantia - MUNTAHO\",\"isPartOf\":{\"@id\":\"https:\/\/muntaho.com\/#website\"},\"datePublished\":\"2025-07-11T12:37:21+00:00\",\"dateModified\":\"2026-03-10T10:41:09+00:00\",\"description\":\"Mobles de fusta sostenibles, de muntatge f\u00e0cil i disseny minimalista. Descobreix el mobiliari modular i ecol\u00f2gic de Muntaho, fets a mida a Catalunya.\",\"breadcrumb\":{\"@id\":\"https:\/\/muntaho.com\/politica-de-garantia\/#breadcrumb\"},\"inLanguage\":\"es\",\"potentialAction\":[{\"@type\":\"ReadAction\",\"target\":[\"https:\/\/muntaho.com\/politica-de-garantia\/\"]}]},{\"@type\":\"BreadcrumbList\",\"@id\":\"https:\/\/muntaho.com\/politica-de-garantia\/#breadcrumb\",\"itemListElement\":[{\"@type\":\"ListItem\",\"position\":1,\"name\":\"Inici\",\"item\":\"https:\/\/muntaho.com\/\"},{\"@type\":\"ListItem\",\"position\":2,\"name\":\"Pol\u00edtica de garantia\"}]},{\"@type\":\"WebSite\",\"@id\":\"https:\/\/muntaho.com\/#website\",\"url\":\"https:\/\/muntaho.com\/\",\"name\":\"Muntaho Store\",\"description\":\"\",\"publisher\":{\"@id\":\"https:\/\/muntaho.com\/#organization\"},\"potentialAction\":[{\"@type\":\"SearchAction\",\"target\":{\"@type\":\"EntryPoint\",\"urlTemplate\":\"https:\/\/muntaho.com\/?s={search_term_string}\"},\"query-input\":{\"@type\":\"PropertyValueSpecification\",\"valueRequired\":true,\"valueName\":\"search_term_string\"}}],\"inLanguage\":\"es\"},{\"@type\":\"Organization\",\"@id\":\"https:\/\/muntaho.com\/#organization\",\"name\":\"Muntaho Store\",\"url\":\"https:\/\/muntaho.com\/\",\"logo\":{\"@type\":\"ImageObject\",\"inLanguage\":\"es\",\"@id\":\"https:\/\/muntaho.com\/#\/schema\/logo\/image\/\",\"url\":\"https:\/\/muntaho.com\/wp-content\/uploads\/2025\/06\/logo-color.svg\",\"contentUrl\":\"https:\/\/muntaho.com\/wp-content\/uploads\/2025\/06\/logo-color.svg\",\"width\":256,\"height\":98,\"caption\":\"Muntaho Store\"},\"image\":{\"@id\":\"https:\/\/muntaho.com\/#\/schema\/logo\/image\/\"}}]}<\/script>\n<!-- \/ Yoast SEO plugin. -->","yoast_head_json":{"title":"Pol\u00edtica de garantia - MUNTAHO","description":"Muebles de madera sostenibles, de f\u00e1cil montaje y dise\u00f1o minimalista. Descubre el mobiliario modular y ecol\u00f3gico de Muntaho, hecho a medida en Catalu\u00f1a.","robots":{"index":"index","follow":"follow","max-snippet":"max-snippet:-1","max-image-preview":"max-image-preview:large","max-video-preview":"max-video-preview:-1"},"canonical":"https:\/\/muntaho.com\/es\/politica-de-garantia\/","og_locale":"es_ES","og_type":"article","og_title":"Pol\u00edtica de garantia - MUNTAHO","og_description":"Mobles de fusta sostenibles, de muntatge f\u00e0cil i disseny minimalista. Descobreix el mobiliari modular i ecol\u00f2gic de Muntaho, fets a mida a Catalunya.","og_url":"https:\/\/muntaho.com\/es\/politica-de-garantia\/","og_site_name":"MUNTAHO","article_modified_time":"2026-03-10T10:41:09+00:00","twitter_card":"summary_large_image","twitter_misc":{"Tiempo de lectura":"2 minutos"},"schema":{"@context":"https:\/\/schema.org","@graph":[{"@type":"WebPage","@id":"https:\/\/muntaho.com\/politica-de-garantia\/","url":"https:\/\/muntaho.com\/politica-de-garantia\/","name":"Pol\u00edtica de garantia - MUNTAHO","isPartOf":{"@id":"https:\/\/muntaho.com\/#website"},"datePublished":"2025-07-11T12:37:21+00:00","dateModified":"2026-03-10T10:41:09+00:00","description":"Muebles de madera sostenibles, de f\u00e1cil montaje y dise\u00f1o minimalista. Descubre el mobiliario modular y ecol\u00f3gico de Muntaho, hecho a medida en Catalu\u00f1a.","breadcrumb":{"@id":"https:\/\/muntaho.com\/politica-de-garantia\/#breadcrumb"},"inLanguage":"es","potentialAction":[{"@type":"ReadAction","target":["https:\/\/muntaho.com\/politica-de-garantia\/"]}]},{"@type":"BreadcrumbList","@id":"https:\/\/muntaho.com\/politica-de-garantia\/#breadcrumb","itemListElement":[{"@type":"ListItem","position":1,"name":"Inici","item":"https:\/\/muntaho.com\/"},{"@type":"ListItem","position":2,"name":"Pol\u00edtica de garantia"}]},{"@type":"WebSite","@id":"https:\/\/muntaho.com\/#website","url":"https:\/\/muntaho.com\/","name":"Muntaho Store","description":"","publisher":{"@id":"https:\/\/muntaho.com\/#organization"},"potentialAction":[{"@type":"SearchAction","target":{"@type":"EntryPoint","urlTemplate":"https:\/\/muntaho.com\/?s={search_term_string}"},"query-input":{"@type":"PropertyValueSpecification","valueRequired":true,"valueName":"search_term_string"}}],"inLanguage":"es"},{"@type":"Organization","@id":"https:\/\/muntaho.com\/#organization","name":"Muntaho Store","url":"https:\/\/muntaho.com\/","logo":{"@type":"ImageObject","inLanguage":"es","@id":"https:\/\/muntaho.com\/#\/schema\/logo\/image\/","url":"https:\/\/muntaho.com\/wp-content\/uploads\/2025\/06\/logo-color.svg","contentUrl":"https:\/\/muntaho.com\/wp-content\/uploads\/2025\/06\/logo-color.svg","width":256,"height":98,"caption":"Muntaho Store"},"image":{"@id":"https:\/\/muntaho.com\/#\/schema\/logo\/image\/"}}]}},"_links":{"self":[{"href":"https:\/\/muntaho.com\/es\/wp-json\/wp\/v2\/pages\/562","targetHints":{"allow":["GET"]}}],"collection":[{"href":"https:\/\/muntaho.com\/es\/wp-json\/wp\/v2\/pages"}],"about":[{"href":"https:\/\/muntaho.com\/es\/wp-json\/wp\/v2\/types\/page"}],"author":[{"embeddable":true,"href":"https:\/\/muntaho.com\/es\/wp-json\/wp\/v2\/users\/2"}],"replies":[{"embeddable":true,"href":"https:\/\/muntaho.com\/es\/wp-json\/wp\/v2\/comments?post=562"}],"version-history":[{"count":4,"href":"https:\/\/muntaho.com\/es\/wp-json\/wp\/v2\/pages\/562\/revisions"}],"predecessor-version":[{"id":1284,"href":"https:\/\/muntaho.com\/es\/wp-json\/wp\/v2\/pages\/562\/revisions\/1284"}],"wp:attachment":[{"href":"https:\/\/muntaho.com\/es\/wp-json\/wp\/v2\/media?parent=562"}],"curies":[{"name":"wp","href":"https:\/\/api.w.org\/{rel}","templated":true}]}}