{"id":457,"date":"2025-07-06T11:06:01","date_gmt":"2025-07-06T09:06:01","guid":{"rendered":"https:\/\/muntaho.com\/?page_id=457"},"modified":"2026-02-17T16:58:15","modified_gmt":"2026-02-17T15:58:15","slug":"qui-som","status":"publish","type":"page","link":"https:\/\/muntaho.com\/es\/qui-som\/","title":{"rendered":"Qui\u00e9nes Somos"},"content":{"rendered":"<!-- Google Tag Manager -->\n<script>(function(w,d,s,l,i){w[l]=w[l]||[];w[l].push({'gtm.start':\nnew Date().getTime(),event:'gtm.js'});var f=d.getElementsByTagName(s)[0],\nj=d.createElement(s),dl=l!='dataLayer'?'&l='+l:'';j.async=true;j.src=\n'https:\/\/www.googletagmanager.com\/gtm.js?id='+i+dl;f.parentNode.insertBefore(j,f);\n})(window,document,'script','dataLayer','GTM-55B7RCRB');<\/script>\n<!-- End Google Tag Manager -->\n\n\n<figure class=\"wp-block-video alignfull\"><video controls src=\"https:\/\/muntaho.com\/wp-content\/uploads\/2025\/07\/Botiga-Dolmen-Taula-Muntatge-01.webm\" playsinline><\/video><\/figure>\n\n\n\n<div class=\"wp-block-group has-global-padding is-layout-constrained wp-block-group-is-layout-constrained\">\n<div class=\"wp-block-group is-vertical is-layout-flex wp-container-core-group-is-layout-2d658585 wp-block-group-is-layout-flex\" style=\"padding-top:var(--wp--preset--spacing--40);padding-bottom:var(--wp--preset--spacing--40)\">\n<h2 class=\"wp-block-heading\">Qui\u00e9nes Somos<\/h2>\n\n\n\n<p>Muntaho nace del encuentro de tres personas que provienen de \u00e1mbitos profesionales muy distintos: la tecnolog\u00eda de software, la arquitectura y la gesti\u00f3n de proyectos. Personas muy distintas que han comprobado que les une la ambici\u00f3n de crear objetos y estructuras con dise\u00f1os innovadores.<\/p>\n\n\n\n<p>La misi\u00f3n de Muntaho es generar una experiencia significativa y esencial, trascendente. Aportando una nueva forma de entender la producci\u00f3n de objetos y estructuras en el que todo el ciclo es valorado y generando una experiencia gratificante y saludable para los consumidores, el medio ambiente y los trabajadores.<\/p>\n<\/div>\n<\/div>\n\n\n\n<div class=\"wp-block-group alignfull is-style-section-1 has-large-font-size has-global-padding is-layout-constrained wp-block-group-is-layout-constrained is-style-section-1--1\" style=\"margin-top:0;margin-bottom:0;padding-top:var(--wp--preset--spacing--30);padding-bottom:var(--wp--preset--spacing--30)\">\n<p class=\"has-text-align-left\" style=\"border-style:none;border-width:0px;margin-top:var(--wp--preset--spacing--20);margin-right:0;margin-bottom:var(--wp--preset--spacing--20);margin-left:0;font-size:clamp(1.301rem, 1.301rem + ((1vw - 0.2rem) * 0.841), 2.1rem);\">Nos une generar una experiencia \u00fanica con nuestras estructuras y objetos de dise\u00f1o.<\/p>\n<\/div>\n\n\n\n<div class=\"wp-block-group alignfull is-style-default has-global-padding is-layout-constrained wp-container-core-group-is-layout-190373c5 wp-block-group-is-layout-constrained\" style=\"margin-top:0;margin-bottom:0;padding-top:var(--wp--preset--spacing--50);padding-bottom:var(--wp--preset--spacing--50)\">\n<div class=\"wp-block-columns is-style-default is-layout-flex wp-container-core-columns-is-layout-28f84493 wp-block-columns-is-layout-flex\">\n<div class=\"wp-block-column is-layout-flow wp-block-column-is-layout-flow\">\n<figure class=\"wp-block-image aligncenter size-full\"><img loading=\"lazy\" decoding=\"async\" width=\"397\" height=\"372\" src=\"https:\/\/muntaho.com\/wp-content\/uploads\/2025\/06\/foto-03-equip.png\" alt=\"\" class=\"wp-image-51\" srcset=\"https:\/\/muntaho.com\/wp-content\/uploads\/2025\/06\/foto-03-equip.png 397w, https:\/\/muntaho.com\/wp-content\/uploads\/2025\/06\/foto-03-equip-300x281.png 300w\" sizes=\"auto, (max-width: 397px) 100vw, 397px\" \/><\/figure>\n\n\n\n<h3 class=\"wp-block-heading has-accent-1-color has-text-color has-link-color wp-elements-5b362cdda33c6e42ace9532998570931\" style=\"padding-right:var(--wp--preset--spacing--30);padding-left:var(--wp--preset--spacing--30)\">Pau<\/h3>\n\n\n\n<p class=\"has-large-font-size\" style=\"padding-right:var(--wp--preset--spacing--30);padding-left:var(--wp--preset--spacing--30)\">Arquitecto y master en sostenibilidad, durante su carrera profesional ha liderado una empresa de arquitectura y construcci\u00f3n, ganando varios concursos p\u00fablicos.<\/p>\n\n\n\n<p class=\"has-large-font-size\" style=\"padding-right:var(--wp--preset--spacing--30);padding-left:var(--wp--preset--spacing--30)\">Pau es el alma creativa de Howe. Apasionado por el dise\u00f1o y amante de la arquitectura moderna, aporta una visi\u00f3n art\u00edstica e innovadora a cada proyecto. Siempre dibujando e inmerso en sus ideas. \u00bfHas encontrado sus llaves de casa? Su enfoque \u00fanico y su capacidad para pensar fuera de lo com\u00fan son esenciales para la originalidad de Howe, incluso si a veces esto significa que su proceso es algo menos convencional.<\/p>\n<\/div>\n\n\n\n<div class=\"wp-block-column is-layout-flow wp-block-column-is-layout-flow\">\n<figure class=\"wp-block-image aligncenter size-full\"><img loading=\"lazy\" decoding=\"async\" width=\"397\" height=\"372\" src=\"https:\/\/muntaho.com\/wp-content\/uploads\/2025\/06\/foto-01-equip.png\" alt=\"\" class=\"wp-image-53\" srcset=\"https:\/\/muntaho.com\/wp-content\/uploads\/2025\/06\/foto-01-equip.png 397w, https:\/\/muntaho.com\/wp-content\/uploads\/2025\/06\/foto-01-equip-300x281.png 300w\" sizes=\"auto, (max-width: 397px) 100vw, 397px\" \/><\/figure>\n\n\n\n<h3 class=\"wp-block-heading has-accent-1-color has-text-color has-link-color wp-elements-0f532092086974b863e5b103748eb07d\" style=\"padding-top:0;padding-right:var(--wp--preset--spacing--30);padding-bottom:0;padding-left:var(--wp--preset--spacing--30)\">David<\/h3>\n\n\n\n<p class=\"has-large-font-size\" style=\"padding-right:var(--wp--preset--spacing--30);padding-left:var(--wp--preset--spacing--30)\">Consultor acostumbrado a la mejora continua y optimizaci\u00f3n de empresas del sector tecnol\u00f3gico. Ha sido CTO de empresas multinacionales liderando proyectos internacionales y transformando a grupos de personas en equipos cohesionados de altas prestaciones.<\/p>\n\n\n\n<p class=\"has-large-font-size\" style=\"padding-right:var(--wp--preset--spacing--30);padding-left:var(--wp--preset--spacing--30)\">David es el visionario, el ide\u00f3logo y el capit\u00e1n del barco. Con la fuerza de un l\u00edder, el \u00e1nimo de un ultramotivado y la paciencia de un estratega, empuja al grupo y alinea los esfuerzos de todos por alcanzar el objetivo. La conciencia de equipo es su pilar fundamental y esa confianza nace de una meta justa y valiosa.<\/p>\n<\/div>\n\n\n\n<div class=\"wp-block-column is-layout-flow wp-block-column-is-layout-flow\">\n<figure class=\"wp-block-image aligncenter size-full\"><img loading=\"lazy\" decoding=\"async\" width=\"397\" height=\"372\" src=\"https:\/\/muntaho.com\/wp-content\/uploads\/2025\/06\/foto-02-equip.png\" alt=\"\" class=\"wp-image-52\" srcset=\"https:\/\/muntaho.com\/wp-content\/uploads\/2025\/06\/foto-02-equip.png 397w, https:\/\/muntaho.com\/wp-content\/uploads\/2025\/06\/foto-02-equip-300x281.png 300w\" sizes=\"auto, (max-width: 397px) 100vw, 397px\" \/><\/figure>\n\n\n\n<h3 class=\"wp-block-heading has-accent-1-color has-text-color has-link-color wp-elements-91762ba7e0dc6eef7644571279c1f75d\" style=\"padding-right:var(--wp--preset--spacing--30);padding-left:var(--wp--preset--spacing--30)\">Daniel<\/h3>\n\n\n\n<p class=\"has-large-font-size\" style=\"padding-right:var(--wp--preset--spacing--30);padding-left:var(--wp--preset--spacing--30)\">Con estudios de electr\u00f3nica e inform\u00e1tica ha trabajado en empresas multinacionales del sector tecnol\u00f3gico. Tiene m\u00e1s de quince a\u00f1os de experiencia como Project Manager y especializado en la mejora de procesos.<\/p>\n\n\n\n<p class=\"has-large-font-size\" style=\"padding-right:var(--wp--preset--spacing--30);padding-left:var(--wp--preset--spacing--30)\">Daniel es el materializador. \u00c9l ha encontrado el \u00faltimo decimal del n\u00famero pi, ha perfeccionado la proporci\u00f3n \u00e1urea y sin duda dio la \u00faltima cincelada al David de Miguel \u00c1ngel. Nadie habr\u00eda dicho que ver el mundo a trav\u00e9s de workflows, checklist, deadlines, caminos cr\u00edticos, parametrizaci\u00f3n y automatizaci\u00f3n de procesos puede ser maravilloso si est\u00e1s a su lado.<\/p>\n<\/div>\n<\/div>\n<\/div>\n\n\n\n<div class=\"wp-block-group alignfull has-global-padding is-layout-constrained wp-container-core-group-is-layout-c160b77e wp-block-group-is-layout-constrained\" style=\"margin-top:0;margin-bottom:0;padding-top:0;padding-bottom:0\">\n<div class=\"wp-block-cb-carousel-v2 alignfull cb-carousel-block\" data-cb-slides-per-view=\"1\" data-cb-slides-per-group=\"1\" data-cb-space-between=\"20\" data-cb-speed=\"300\" data-cb-loop=\"true\" data-cb-autoplay=\"true\" data-cb-autoplay-speed=\"3000\" data-cb-breakpoints=\"{&quot;768&quot;:{&quot;slidesPerView&quot;:2,&quot;slidesPerGroup&quot;:1}}\"><div class=\"swiper\"><div class=\"cb-wrapper swiper-wrapper\">\n<div class=\"wp-block-cb-slide-v2 cb-slide swiper-slide\">\n<figure class=\"wp-block-image aligncenter size-full\" style=\"margin-top:0;margin-bottom:0\"><img loading=\"lazy\" decoding=\"async\" width=\"1920\" height=\"1280\" src=\"https:\/\/muntaho.com\/wp-content\/uploads\/2025\/07\/qui_som-dolmen_banc-situacio-01.webp\" alt=\"\" class=\"wp-image-492\" style=\"aspect-ratio:1;object-fit:cover\" srcset=\"https:\/\/muntaho.com\/wp-content\/uploads\/2025\/07\/qui_som-dolmen_banc-situacio-01.webp 1920w, https:\/\/muntaho.com\/wp-content\/uploads\/2025\/07\/qui_som-dolmen_banc-situacio-01-600x400.webp 600w, https:\/\/muntaho.com\/wp-content\/uploads\/2025\/07\/qui_som-dolmen_banc-situacio-01-300x200.webp 300w, https:\/\/muntaho.com\/wp-content\/uploads\/2025\/07\/qui_som-dolmen_banc-situacio-01-1024x683.webp 1024w, https:\/\/muntaho.com\/wp-content\/uploads\/2025\/07\/qui_som-dolmen_banc-situacio-01-768x512.webp 768w, https:\/\/muntaho.com\/wp-content\/uploads\/2025\/07\/qui_som-dolmen_banc-situacio-01-1536x1024.webp 1536w, https:\/\/muntaho.com\/wp-content\/uploads\/2025\/07\/qui_som-dolmen_banc-situacio-01-18x12.webp 18w\" sizes=\"auto, (max-width: 1920px) 100vw, 1920px\" \/><\/figure>\n<\/div>\n\n\n\n<div class=\"wp-block-cb-slide-v2 cb-slide swiper-slide\">\n<figure class=\"wp-block-image size-full\" style=\"margin-top:0;margin-right:0;margin-bottom:0;margin-left:0\"><img loading=\"lazy\" decoding=\"async\" width=\"1920\" height=\"1280\" src=\"https:\/\/muntaho.com\/wp-content\/uploads\/2025\/07\/qui_som-dolmen_banc-situacio-03.webp\" alt=\"\" class=\"wp-image-494\" style=\"aspect-ratio:1;object-fit:cover\" srcset=\"https:\/\/muntaho.com\/wp-content\/uploads\/2025\/07\/qui_som-dolmen_banc-situacio-03.webp 1920w, https:\/\/muntaho.com\/wp-content\/uploads\/2025\/07\/qui_som-dolmen_banc-situacio-03-600x400.webp 600w, https:\/\/muntaho.com\/wp-content\/uploads\/2025\/07\/qui_som-dolmen_banc-situacio-03-300x200.webp 300w, https:\/\/muntaho.com\/wp-content\/uploads\/2025\/07\/qui_som-dolmen_banc-situacio-03-1024x683.webp 1024w, https:\/\/muntaho.com\/wp-content\/uploads\/2025\/07\/qui_som-dolmen_banc-situacio-03-768x512.webp 768w, https:\/\/muntaho.com\/wp-content\/uploads\/2025\/07\/qui_som-dolmen_banc-situacio-03-1536x1024.webp 1536w, https:\/\/muntaho.com\/wp-content\/uploads\/2025\/07\/qui_som-dolmen_banc-situacio-03-18x12.webp 18w\" sizes=\"auto, (max-width: 1920px) 100vw, 1920px\" \/><\/figure>\n<\/div>\n\n\n\n<div class=\"wp-block-cb-slide-v2 cb-slide swiper-slide\">\n<figure class=\"wp-block-image size-full\" style=\"margin-top:0;margin-right:0;margin-bottom:0;margin-left:0\"><img loading=\"lazy\" decoding=\"async\" width=\"1920\" height=\"1280\" src=\"https:\/\/muntaho.com\/wp-content\/uploads\/2025\/07\/qui_som-dolmen_banc-situacio-04.webp\" alt=\"\" class=\"wp-image-495\" style=\"aspect-ratio:1;object-fit:cover\" srcset=\"https:\/\/muntaho.com\/wp-content\/uploads\/2025\/07\/qui_som-dolmen_banc-situacio-04.webp 1920w, https:\/\/muntaho.com\/wp-content\/uploads\/2025\/07\/qui_som-dolmen_banc-situacio-04-600x400.webp 600w, https:\/\/muntaho.com\/wp-content\/uploads\/2025\/07\/qui_som-dolmen_banc-situacio-04-300x200.webp 300w, https:\/\/muntaho.com\/wp-content\/uploads\/2025\/07\/qui_som-dolmen_banc-situacio-04-1024x683.webp 1024w, https:\/\/muntaho.com\/wp-content\/uploads\/2025\/07\/qui_som-dolmen_banc-situacio-04-768x512.webp 768w, https:\/\/muntaho.com\/wp-content\/uploads\/2025\/07\/qui_som-dolmen_banc-situacio-04-1536x1024.webp 1536w, https:\/\/muntaho.com\/wp-content\/uploads\/2025\/07\/qui_som-dolmen_banc-situacio-04-18x12.webp 18w\" sizes=\"auto, (max-width: 1920px) 100vw, 1920px\" \/><\/figure>\n<\/div>\n\n\n\n<div class=\"wp-block-cb-slide-v2 cb-slide swiper-slide\">\n<figure class=\"wp-block-image size-full\"><img loading=\"lazy\" decoding=\"async\" width=\"1920\" height=\"1280\" src=\"https:\/\/muntaho.com\/wp-content\/uploads\/2025\/07\/qui_som-dolmen_banc-situacio-05.webp\" alt=\"\" class=\"wp-image-496\" style=\"aspect-ratio:1;object-fit:cover\" srcset=\"https:\/\/muntaho.com\/wp-content\/uploads\/2025\/07\/qui_som-dolmen_banc-situacio-05.webp 1920w, https:\/\/muntaho.com\/wp-content\/uploads\/2025\/07\/qui_som-dolmen_banc-situacio-05-600x400.webp 600w, https:\/\/muntaho.com\/wp-content\/uploads\/2025\/07\/qui_som-dolmen_banc-situacio-05-300x200.webp 300w, https:\/\/muntaho.com\/wp-content\/uploads\/2025\/07\/qui_som-dolmen_banc-situacio-05-1024x683.webp 1024w, https:\/\/muntaho.com\/wp-content\/uploads\/2025\/07\/qui_som-dolmen_banc-situacio-05-768x512.webp 768w, https:\/\/muntaho.com\/wp-content\/uploads\/2025\/07\/qui_som-dolmen_banc-situacio-05-1536x1024.webp 1536w, https:\/\/muntaho.com\/wp-content\/uploads\/2025\/07\/qui_som-dolmen_banc-situacio-05-18x12.webp 18w\" sizes=\"auto, (max-width: 1920px) 100vw, 1920px\" \/><\/figure>\n<\/div>\n\n\n\n<div class=\"wp-block-cb-slide-v2 cb-slide swiper-slide\">\n<figure class=\"wp-block-image size-full\"><img loading=\"lazy\" decoding=\"async\" width=\"2560\" height=\"1707\" src=\"https:\/\/muntaho.com\/wp-content\/uploads\/2025\/07\/qui_som-dolmen_banc-situacio-06-scaled.jpg\" alt=\"\" class=\"wp-image-508\" style=\"aspect-ratio:1;object-fit:cover\" srcset=\"https:\/\/muntaho.com\/wp-content\/uploads\/2025\/07\/qui_som-dolmen_banc-situacio-06-scaled.jpg 2560w, https:\/\/muntaho.com\/wp-content\/uploads\/2025\/07\/qui_som-dolmen_banc-situacio-06-scaled-600x400.jpg 600w, https:\/\/muntaho.com\/wp-content\/uploads\/2025\/07\/qui_som-dolmen_banc-situacio-06-300x200.jpg 300w, https:\/\/muntaho.com\/wp-content\/uploads\/2025\/07\/qui_som-dolmen_banc-situacio-06-1024x683.jpg 1024w, https:\/\/muntaho.com\/wp-content\/uploads\/2025\/07\/qui_som-dolmen_banc-situacio-06-768x512.jpg 768w, https:\/\/muntaho.com\/wp-content\/uploads\/2025\/07\/qui_som-dolmen_banc-situacio-06-1536x1024.jpg 1536w, https:\/\/muntaho.com\/wp-content\/uploads\/2025\/07\/qui_som-dolmen_banc-situacio-06-2048x1365.jpg 2048w, https:\/\/muntaho.com\/wp-content\/uploads\/2025\/07\/qui_som-dolmen_banc-situacio-06-18x12.jpg 18w\" sizes=\"auto, (max-width: 2560px) 100vw, 2560px\" \/><\/figure>\n<\/div>\n<\/div><\/div><\/div>\n<\/div>\n\n\n\n<div class=\"wp-block-buttons alignfull is-content-justification-right is-layout-flex wp-container-core-buttons-is-layout-de7db2e1 wp-block-buttons-is-layout-flex\" style=\"padding-right:var(--wp--preset--spacing--50);padding-left:var(--wp--preset--spacing--50)\">\n<div class=\"wp-block-button\"><a class=\"wp-block-button__link wp-element-button\" href=\"\/es\/botiga\/\">DESCUBRIR M\u00c1S<\/a><\/div>\n<\/div>\n\n\n<!-- Google Tag Manager (noscript) -->\n<noscript><iframe src=\"https:\/\/www.googletagmanager.com\/ns.html?id=GTM-55B7RCRB\"\nheight=\"0\" width=\"0\" style=\"display:none;visibility:hidden\"><\/iframe><\/noscript>\n<!-- End Google Tag Manager (noscript) -->","protected":false},"excerpt":{"rendered":"<p>Qui Som Muntaho neix de la trobada de tres persones que provenen d&#8217;\u00e0mbits professionals molt diferents: la tecnologia de software, l&#8217;arquitectura i la gesti\u00f3 de projectes. Persones molt diferents que han comprovat que els uneix l&#8217;ambici\u00f3 de crear objectes i estructures amb dissenys innovadors. La missi\u00f3 de Muntaho \u00e9s generar una experi\u00e8ncia significant i essencial, [&hellip;]<\/p>","protected":false},"author":1,"featured_media":0,"parent":0,"menu_order":0,"comment_status":"closed","ping_status":"closed","template":"page-no-title","meta":{"footnotes":""},"class_list":["post-457","page","type-page","status-publish","hentry"],"yoast_head":"<!-- This site is optimized with the Yoast SEO plugin v26.8 - https:\/\/yoast.com\/product\/yoast-seo-wordpress\/ -->\n<title>Qui Som - MUNTAHO<\/title>\n<meta name=\"description\" content=\"Mobles de fusta sostenibles, de muntatge f\u00e0cil i disseny minimalista. Descobreix el mobiliari modular i ecol\u00f2gic de Muntaho, fets a Catalunya.\" \/>\n<meta name=\"robots\" content=\"index, follow, max-snippet:-1, max-image-preview:large, max-video-preview:-1\" \/>\n<link rel=\"canonical\" href=\"https:\/\/muntaho.com\/es\/qui-som\/\" \/>\n<meta property=\"og:locale\" content=\"es_ES\" \/>\n<meta property=\"og:type\" content=\"article\" \/>\n<meta property=\"og:title\" content=\"Qui Som - MUNTAHO\" \/>\n<meta property=\"og:description\" content=\"Mobles de fusta sostenibles, de muntatge f\u00e0cil i disseny minimalista. Descobreix el mobiliari modular i ecol\u00f2gic de Muntaho, fets a Catalunya.\" \/>\n<meta property=\"og:url\" content=\"https:\/\/muntaho.com\/es\/qui-som\/\" \/>\n<meta property=\"og:site_name\" content=\"MUNTAHO\" \/>\n<meta property=\"article:modified_time\" content=\"2026-02-17T15:58:15+00:00\" \/>\n<meta property=\"og:image\" content=\"https:\/\/muntaho.com\/wp-content\/uploads\/2025\/06\/foto-03-equip.png\" \/>\n\t<meta property=\"og:image:width\" content=\"397\" \/>\n\t<meta property=\"og:image:height\" content=\"372\" \/>\n\t<meta property=\"og:image:type\" content=\"image\/png\" \/>\n<meta name=\"twitter:card\" content=\"summary_large_image\" \/>\n<meta name=\"twitter:label1\" content=\"Tiempo de lectura\" \/>\n\t<meta name=\"twitter:data1\" content=\"4 minutos\" \/>\n<script type=\"application\/ld+json\" class=\"yoast-schema-graph\">{\"@context\":\"https:\/\/schema.org\",\"@graph\":[{\"@type\":\"WebPage\",\"@id\":\"https:\/\/muntaho.com\/qui-som\/\",\"url\":\"https:\/\/muntaho.com\/qui-som\/\",\"name\":\"Qui Som - MUNTAHO\",\"isPartOf\":{\"@id\":\"https:\/\/muntaho.com\/#website\"},\"primaryImageOfPage\":{\"@id\":\"https:\/\/muntaho.com\/qui-som\/#primaryimage\"},\"image\":{\"@id\":\"https:\/\/muntaho.com\/qui-som\/#primaryimage\"},\"thumbnailUrl\":\"https:\/\/muntaho.com\/wp-content\/uploads\/2025\/06\/foto-03-equip.png\",\"datePublished\":\"2025-07-06T09:06:01+00:00\",\"dateModified\":\"2026-02-17T15:58:15+00:00\",\"description\":\"Mobles de fusta sostenibles, de muntatge f\u00e0cil i disseny minimalista. Descobreix el mobiliari modular i ecol\u00f2gic de Muntaho, fets a Catalunya.\",\"breadcrumb\":{\"@id\":\"https:\/\/muntaho.com\/qui-som\/#breadcrumb\"},\"inLanguage\":\"es\",\"potentialAction\":[{\"@type\":\"ReadAction\",\"target\":[\"https:\/\/muntaho.com\/qui-som\/\"]}]},{\"@type\":\"ImageObject\",\"inLanguage\":\"es\",\"@id\":\"https:\/\/muntaho.com\/qui-som\/#primaryimage\",\"url\":\"https:\/\/muntaho.com\/wp-content\/uploads\/2025\/06\/foto-03-equip.png\",\"contentUrl\":\"https:\/\/muntaho.com\/wp-content\/uploads\/2025\/06\/foto-03-equip.png\"},{\"@type\":\"BreadcrumbList\",\"@id\":\"https:\/\/muntaho.com\/qui-som\/#breadcrumb\",\"itemListElement\":[{\"@type\":\"ListItem\",\"position\":1,\"name\":\"Inici\",\"item\":\"https:\/\/muntaho.com\/\"},{\"@type\":\"ListItem\",\"position\":2,\"name\":\"Qui Som\"}]},{\"@type\":\"WebSite\",\"@id\":\"https:\/\/muntaho.com\/#website\",\"url\":\"https:\/\/muntaho.com\/\",\"name\":\"Muntaho Store\",\"description\":\"\",\"publisher\":{\"@id\":\"https:\/\/muntaho.com\/#organization\"},\"potentialAction\":[{\"@type\":\"SearchAction\",\"target\":{\"@type\":\"EntryPoint\",\"urlTemplate\":\"https:\/\/muntaho.com\/?s={search_term_string}\"},\"query-input\":{\"@type\":\"PropertyValueSpecification\",\"valueRequired\":true,\"valueName\":\"search_term_string\"}}],\"inLanguage\":\"es\"},{\"@type\":\"Organization\",\"@id\":\"https:\/\/muntaho.com\/#organization\",\"name\":\"Muntaho Store\",\"url\":\"https:\/\/muntaho.com\/\",\"logo\":{\"@type\":\"ImageObject\",\"inLanguage\":\"es\",\"@id\":\"https:\/\/muntaho.com\/#\/schema\/logo\/image\/\",\"url\":\"https:\/\/muntaho.com\/wp-content\/uploads\/2025\/06\/logo-color.svg\",\"contentUrl\":\"https:\/\/muntaho.com\/wp-content\/uploads\/2025\/06\/logo-color.svg\",\"width\":256,\"height\":98,\"caption\":\"Muntaho Store\"},\"image\":{\"@id\":\"https:\/\/muntaho.com\/#\/schema\/logo\/image\/\"}}]}<\/script>\n<!-- \/ Yoast SEO plugin. -->","yoast_head_json":{"title":"Qui Som - MUNTAHO","description":"Muebles de madera sostenibles, de f\u00e1cil montaje y dise\u00f1o minimalista. Descubre el mobiliario modular y ecol\u00f3gico de Muntaho, realizados en Catalu\u00f1a.","robots":{"index":"index","follow":"follow","max-snippet":"max-snippet:-1","max-image-preview":"max-image-preview:large","max-video-preview":"max-video-preview:-1"},"canonical":"https:\/\/muntaho.com\/es\/qui-som\/","og_locale":"es_ES","og_type":"article","og_title":"Qui Som - MUNTAHO","og_description":"Mobles de fusta sostenibles, de muntatge f\u00e0cil i disseny minimalista. Descobreix el mobiliari modular i ecol\u00f2gic de Muntaho, fets a Catalunya.","og_url":"https:\/\/muntaho.com\/es\/qui-som\/","og_site_name":"MUNTAHO","article_modified_time":"2026-02-17T15:58:15+00:00","og_image":[{"width":397,"height":372,"url":"https:\/\/muntaho.com\/wp-content\/uploads\/2025\/06\/foto-03-equip.png","type":"image\/png"}],"twitter_card":"summary_large_image","twitter_misc":{"Tiempo de lectura":"4 minutos"},"schema":{"@context":"https:\/\/schema.org","@graph":[{"@type":"WebPage","@id":"https:\/\/muntaho.com\/qui-som\/","url":"https:\/\/muntaho.com\/qui-som\/","name":"Qui Som - MUNTAHO","isPartOf":{"@id":"https:\/\/muntaho.com\/#website"},"primaryImageOfPage":{"@id":"https:\/\/muntaho.com\/qui-som\/#primaryimage"},"image":{"@id":"https:\/\/muntaho.com\/qui-som\/#primaryimage"},"thumbnailUrl":"https:\/\/muntaho.com\/wp-content\/uploads\/2025\/06\/foto-03-equip.png","datePublished":"2025-07-06T09:06:01+00:00","dateModified":"2026-02-17T15:58:15+00:00","description":"Muebles de madera sostenibles, de f\u00e1cil montaje y dise\u00f1o minimalista. Descubre el mobiliario modular y ecol\u00f3gico de Muntaho, realizados en Catalu\u00f1a.","breadcrumb":{"@id":"https:\/\/muntaho.com\/qui-som\/#breadcrumb"},"inLanguage":"es","potentialAction":[{"@type":"ReadAction","target":["https:\/\/muntaho.com\/qui-som\/"]}]},{"@type":"ImageObject","inLanguage":"es","@id":"https:\/\/muntaho.com\/qui-som\/#primaryimage","url":"https:\/\/muntaho.com\/wp-content\/uploads\/2025\/06\/foto-03-equip.png","contentUrl":"https:\/\/muntaho.com\/wp-content\/uploads\/2025\/06\/foto-03-equip.png"},{"@type":"BreadcrumbList","@id":"https:\/\/muntaho.com\/qui-som\/#breadcrumb","itemListElement":[{"@type":"ListItem","position":1,"name":"Inici","item":"https:\/\/muntaho.com\/"},{"@type":"ListItem","position":2,"name":"Qui Som"}]},{"@type":"WebSite","@id":"https:\/\/muntaho.com\/#website","url":"https:\/\/muntaho.com\/","name":"Muntaho Store","description":"","publisher":{"@id":"https:\/\/muntaho.com\/#organization"},"potentialAction":[{"@type":"SearchAction","target":{"@type":"EntryPoint","urlTemplate":"https:\/\/muntaho.com\/?s={search_term_string}"},"query-input":{"@type":"PropertyValueSpecification","valueRequired":true,"valueName":"search_term_string"}}],"inLanguage":"es"},{"@type":"Organization","@id":"https:\/\/muntaho.com\/#organization","name":"Muntaho Store","url":"https:\/\/muntaho.com\/","logo":{"@type":"ImageObject","inLanguage":"es","@id":"https:\/\/muntaho.com\/#\/schema\/logo\/image\/","url":"https:\/\/muntaho.com\/wp-content\/uploads\/2025\/06\/logo-color.svg","contentUrl":"https:\/\/muntaho.com\/wp-content\/uploads\/2025\/06\/logo-color.svg","width":256,"height":98,"caption":"Muntaho Store"},"image":{"@id":"https:\/\/muntaho.com\/#\/schema\/logo\/image\/"}}]}},"_links":{"self":[{"href":"https:\/\/muntaho.com\/es\/wp-json\/wp\/v2\/pages\/457","targetHints":{"allow":["GET"]}}],"collection":[{"href":"https:\/\/muntaho.com\/es\/wp-json\/wp\/v2\/pages"}],"about":[{"href":"https:\/\/muntaho.com\/es\/wp-json\/wp\/v2\/types\/page"}],"author":[{"embeddable":true,"href":"https:\/\/muntaho.com\/es\/wp-json\/wp\/v2\/users\/1"}],"replies":[{"embeddable":true,"href":"https:\/\/muntaho.com\/es\/wp-json\/wp\/v2\/comments?post=457"}],"version-history":[{"count":5,"href":"https:\/\/muntaho.com\/es\/wp-json\/wp\/v2\/pages\/457\/revisions"}],"predecessor-version":[{"id":1278,"href":"https:\/\/muntaho.com\/es\/wp-json\/wp\/v2\/pages\/457\/revisions\/1278"}],"wp:attachment":[{"href":"https:\/\/muntaho.com\/es\/wp-json\/wp\/v2\/media?parent=457"}],"curies":[{"name":"wp","href":"https:\/\/api.w.org\/{rel}","templated":true}]}}