{"id":32,"date":"2025-06-03T12:32:23","date_gmt":"2025-06-03T10:32:23","guid":{"rendered":"http:\/\/muntaho.com\/?page_id=32"},"modified":"2026-03-02T17:22:33","modified_gmt":"2026-03-02T16:22:33","slug":"politica-de-privacitat","status":"publish","type":"page","link":"https:\/\/muntaho.com\/es\/politica-de-privacitat\/","title":{"rendered":"Pol\u00edtica de privacidad"},"content":{"rendered":"<!-- Google Tag Manager -->\n<script>(function(w,d,s,l,i){w[l]=w[l]||[];w[l].push({'gtm.start':\nnew Date().getTime(),event:'gtm.js'});var f=d.getElementsByTagName(s)[0],\nj=d.createElement(s),dl=l!='dataLayer'?'&l='+l:'';j.async=true;j.src=\n'https:\/\/www.googletagmanager.com\/gtm.js?id='+i+dl;f.parentNode.insertBefore(j,f);\n})(window,document,'script','dataLayer','GTM-55B7RCRB');<\/script>\n<!-- End Google Tag Manager -->\n\n\n<h2 class=\"wp-block-heading\">Protecci\u00f3n de datos<\/h2>\n\n\n\n<p>De conformidad con la normativa vigente y aplicable en protecci\u00f3n de datos de car\u00e1cter personal, le informamos que sus datos ser\u00e1n incorporados al sistema de tratamiento titularidad de la empresa con datos detallados en la secci\u00f3n <em><a href=\"#dades\" data-type=\"internal\" data-id=\"#dades\">Datos del propietario de la web<\/a><\/em>. A continuaci\u00f3n, se facilita la informaci\u00f3n de los tratamientos realizados:<\/p>\n\n\n\n<figure class=\"wp-block-table\"><table><tbody><tr><th>Acciones comerciales Formulario web<\/th><td><strong>Finalidad<\/strong>: Captaci\u00f3n, registro y tratamiento de datos con finalidades de atender sus consultas y\/o solicitudes, as\u00ed como de publicidad y prospecci\u00f3n comercial.<br><strong>Plazo de conservaci\u00f3n<\/strong>: mientras se mantenga el consentimiento prestado, salvo obligaci\u00f3n legal.<br><strong>Base leg\u00edtima<\/strong>: El consentimiento del interesado.<br><strong>Tipolog\u00eda de datos<\/strong>:<br><strong>Datos b\u00e1sicos<\/strong>: Nombre y apellidos, e-mail<\/td><\/tr><tr><th>Gesti\u00f3n usuarios web<\/th><td><strong>Finalidad<\/strong>: Captaci\u00f3n, registro y tratamiento de datos del usuario.<br><strong>Plazo de conservaci\u00f3n<\/strong>: mientras se mantenga el consentimiento prestado, salvo obligaci\u00f3n legal.<br><strong>Base leg\u00edtima<\/strong>: El consentimiento del interesado.<br><strong>Tipolog\u00eda de datos<\/strong>:<br><strong>Datos b\u00e1sicos<\/strong>: Nombre y apellidos, e-mail<\/td><\/tr><tr><th>Newsletter<\/th><td><strong>Finalidad<\/strong>: Gesti\u00f3n de la suscripci\u00f3n a la newsletter, para realizar los env\u00edos correspondientes.<br><strong>Plazo de conservaci\u00f3n<\/strong>: mientras se mantenga el consentimiento prestado.<br><strong>Base leg\u00edtima<\/strong>: El consentimiento del interesado.<br><strong>Tipolog\u00eda de datos<\/strong>:<br><strong>Datos b\u00e1sicos<\/strong>: Nombre y apellidos, e-mail<\/td><\/tr><tr><th>Instalaci\u00f3n de cookies<\/th><td><strong>Finalidad<\/strong>: Gesti\u00f3n e instalaci\u00f3n de cookies.<br><strong>Plazo de conservaci\u00f3n<\/strong>: mientras se mantenga el consentimiento prestado.<br><strong>Base leg\u00edtima<\/strong>: El consentimiento del interesado.<br><strong>Tipolog\u00eda de datos<\/strong>:<br><strong>Datos b\u00e1sicos<\/strong>: Direcci\u00f3n electr\u00f3nica, Direcci\u00f3n IP<\/td><\/tr><tr><th>Gesti\u00f3n formulario web<\/th><td><strong>Finalidad<\/strong>: Atender sus consultas y\/o solicitudes.<br><strong>Plazo de conservaci\u00f3n<\/strong>: mientras se mantenga el consentimiento prestado.<br><strong>Base leg\u00edtima<\/strong>: El consentimiento del interesado.<br><strong>Tipolog\u00eda de datos<\/strong>:<br><strong>Datos b\u00e1sicos<\/strong>: Nombre y apellidos, Direcci\u00f3n electr\u00f3nica, Direcci\u00f3n IP<\/td><\/tr><\/tbody><\/table><\/figure>\n\n\n\n<h2 class=\"wp-block-heading\">Derechos de los interesados<\/h2>\n\n\n\n<p>HOWE SOLUTIONS SL informa a los usuarios que podr\u00e1 ejercer los derechos de acceso, rectificaci\u00f3n, limitaci\u00f3n, supresi\u00f3n, portabilidad, oposici\u00f3n al tratamiento de sus datos de car\u00e1cter personal y el derecho a no ser objeto de decisiones automatizadas, incluida la elaboraci\u00f3n de perfiles, ante el Responsable del Tratamiento, as\u00ed como a la retirada del consentimiento prestado.<\/p>\n\n\n\n<ul class=\"wp-block-list\">\n<li><strong>Derecho de acceso<\/strong>: Es el derecho del usuario a obtener confirmaci\u00f3n sobre si se est\u00e1n tratando sus datos y, en este caso, los datos personales tratados y la informaci\u00f3n legal del tratamiento (fines, base legitimadora, plazos de conservaci\u00f3n, cesiones, origen de los datos, etc.).<\/li>\n\n\n\n<li><strong>Derecho de Rectificaci\u00f3n<\/strong>: Es el derecho del afectado a que se modifiquen los datos que resulten ser inexactos o incompletos. En cuanto a la p\u00e1gina web, s\u00f3lo podr\u00e1 satisfacerse en relaci\u00f3n con aquella informaci\u00f3n que est\u00e9 bajo el control del sitio web, por ejemplo, eliminar comentarios publicados en la misma p\u00e1gina, im\u00e1genes o contenidos web donde consten datos de car\u00e1cter personal del usuario.<\/li>\n\n\n\n<li><strong>Derecho a la Limitaci\u00f3n de tratamiento<\/strong>: Es el derecho a que se limiten las finalidades del tratamiento previstas de forma original por el responsable del tratamiento en determinados supuestos.<\/li>\n\n\n\n<li><strong>Derecho de Supresi\u00f3n<\/strong>: Es el derecho a suprimir los datos de car\u00e1cter personal del usuario, a excepci\u00f3n de lo previsto en el propio RGPD (libertad de expresi\u00f3n e informaci\u00f3n, obligaciones de conservaci\u00f3n, formulaci\u00f3n, ejercicio o defensa de reclamaciones, etc.).<\/li>\n\n\n\n<li><strong>Derecho a la Portabilidad<\/strong>: El derecho a recibir los datos personales que el usuario haya facilitado, en un formato estructurado, de uso com\u00fan y lectura mec\u00e1nica, ya transmitirlos a otro responsable cuando el tratamiento se fundamente en el consentimiento o ejecuci\u00f3n de un contrato y se efect\u00fae por medios automatizados.<\/li>\n\n\n\n<li><strong>Derecho de oposici\u00f3n<\/strong>: Es el derecho del usuario a que no se lleve a cabo el tratamiento de sus datos de car\u00e1cter personal o se cese su tratamiento por parte del sitio web cuando el tratamiento est\u00e9 basado en el inter\u00e9s leg\u00edtimo o el inter\u00e9s p\u00fablico o cuando se trate de tratamientos de marketing directo.<\/li>\n\n\n\n<li><strong>Derecho a no ser objeto de decisiones automatizadas, incluida la elaboraci\u00f3n de perfiles<\/strong>: Cuando el tratamiento no es necesario para la suscripci\u00f3n o ejecuci\u00f3n de un contrato, ni est\u00e1 autorizada por el derecho de la Uni\u00f3n Europea o de los Estados miembros ni se basa en el consentimiento, tiene derecho a no ser objeto de una decisi\u00f3n basada \u00fanicamente en el tratamiento automatizado, incluida la elaboraci\u00f3n de perfiles, que produzca efectos jur\u00eddicos o le afecte significativamente de forma similar.<\/li>\n<\/ul>\n\n\n\n<p>Para ejercer cualquiera de los derechos en materia de protecci\u00f3n de datos descritos anteriormente deber\u00e1 seguir las siguientes indicaciones:<\/p>\n\n\n\n<p>Presentaci\u00f3n de un escrito en la direcci\u00f3n postal o electr\u00f3nica listadas en la secci\u00f3n <a href=\"#dades\"><em>Datos del propietario de la web<\/em><\/a>. El escrito remitido por el titular de los datos personales (interesado\/a) que solicite el ejercicio de derechos deber\u00e1 tener en cuenta lo siguiente:<\/p>\n\n\n\n<ul class=\"wp-block-list\">\n<li>Se deber\u00e1 identificar fehacientemente y, en caso de que concurran dudas sobre la identidad del solicitante, se le solicitar\u00e1 que subsane la petici\u00f3n (p. ej. solicitando m\u00e1s informaci\u00f3n, como el n\u00famero de DNI, el documento del DNI, el correo electr\u00f3nico que aport\u00f3, etc.)<\/li>\n\n\n\n<li>La solicitud puede realizarla el representante, legal o voluntario, cuando \u00e9ste est\u00e9 debidamente identificado y autorizado por el titular de los datos (mediante autorizaci\u00f3n expresa del titular para ejercer los derechos personal\u00edsimos regulados en la normativa en materia de protecci\u00f3n de datos personales).<\/li>\n\n\n\n<li>Petici\u00f3n en la que se concreta la solicitud (Derecho\/s que se pretende\/n ejercer). Si no hace referencia a un tratamiento concreto se le facilitar\u00e1 respuesta con relaci\u00f3n a todos los tratamientos que afectan a sus datos de car\u00e1cter personal. Si solicita informaci\u00f3n de un tratamiento en concreto, s\u00f3lo la informaci\u00f3n del mismo. En caso de que lo solicite por tel\u00e9fono se le indicar\u00e1 que lo haga por escrito y se le informar\u00e1 de c\u00f3mo lo puede hacer y la direcci\u00f3n a la que debe enviarlo. Nunca se le dar\u00e1 informaci\u00f3n por tel\u00e9fono.<\/li>\n\n\n\n<li>Direcci\u00f3n postal o electr\u00f3nica a efectos de notificaciones.<\/li>\n\n\n\n<li>Documentos acreditativos de la petici\u00f3n que formula, en caso de que sean necesarios.<\/li>\n\n\n\n<li>La persona solicitante debe utilizar cualquier medio que permita acreditar el env\u00edo y la recepci\u00f3n de la solicitud.<\/li>\n<\/ul>\n\n\n\n<p>Por \u00faltimo, le informamos que tiene derecho a presentar una reclamaci\u00f3n ante el<a href=\"https:\/\/www.aepd.es\/\" data-type=\"link\" data-id=\"https:\/\/www.aepd.es\/\">Agencia Espa\u00f1ola de Protecci\u00f3n de Datos<\/a> en caso de que tenga conocimiento o considere que un hecho pueda suponer un incumplimiento de la normativa aplicable en materia de protecci\u00f3n de datos.<\/p>\n\n\n\n<p>HOWE SOLUTIONS SL se compromete a adoptar las medidas t\u00e9cnicas y organizativas necesarias, de acuerdo con el nivel de riesgos que acompa\u00f1an a los tratamientos realizados por \u00e9stas e indicados en este mismo apartado, de forma que garanticen su integridad, confidencialidad y disponibilidad.<\/p>\n\n\n\n<p><strong>\u00daltima actualizaci\u00f3n<\/strong>: 8 de abril de 2025<\/p>\n\n\n<!-- Google Tag Manager (noscript) -->\n<noscript><iframe src=\"https:\/\/www.googletagmanager.com\/ns.html?id=GTM-55B7RCRB\"\nheight=\"0\" width=\"0\" style=\"display:none;visibility:hidden\"><\/iframe><\/noscript>\n<!-- End Google Tag Manager (noscript) -->","protected":false},"excerpt":{"rendered":"<p>Protecci\u00f3 de dades De conformitat amb la normativa vigent i aplicable en protecci\u00f3 de dades de car\u00e0cter personal, us informem que les vostres dades seran incorporades al sistema de tractament titularitat de l\u2019empresa amb dades detallades a la secci\u00f3 Dades del propietari de la web. A continuaci\u00f3, es facilita la informaci\u00f3 dels tractaments realitzats: Accions [&hellip;]<\/p>","protected":false},"author":2,"featured_media":0,"parent":0,"menu_order":0,"comment_status":"closed","ping_status":"closed","template":"","meta":{"footnotes":""},"class_list":["post-32","page","type-page","status-publish","hentry"],"yoast_head":"<!-- This site is optimized with the Yoast SEO plugin v26.8 - https:\/\/yoast.com\/product\/yoast-seo-wordpress\/ -->\n<title>Pol\u00edtica de privacitat - MUNTAHO<\/title>\n<meta name=\"description\" content=\"Mobles de fusta sostenibles, de muntatge f\u00e0cil i disseny minimalista. Descobreix el mobiliari modular i ecol\u00f2gic de Muntaho, fets a mida a Catalunya.\" \/>\n<meta name=\"robots\" content=\"index, follow, max-snippet:-1, max-image-preview:large, max-video-preview:-1\" \/>\n<link rel=\"canonical\" href=\"https:\/\/muntaho.com\/es\/politica-de-privacitat\/\" \/>\n<meta property=\"og:locale\" content=\"es_ES\" \/>\n<meta property=\"og:type\" content=\"article\" \/>\n<meta property=\"og:title\" content=\"Pol\u00edtica de privacitat - MUNTAHO\" \/>\n<meta property=\"og:description\" content=\"Mobles de fusta sostenibles, de muntatge f\u00e0cil i disseny minimalista. Descobreix el mobiliari modular i ecol\u00f2gic de Muntaho, fets a mida a Catalunya.\" \/>\n<meta property=\"og:url\" content=\"https:\/\/muntaho.com\/es\/politica-de-privacitat\/\" \/>\n<meta property=\"og:site_name\" content=\"MUNTAHO\" \/>\n<meta property=\"article:modified_time\" content=\"2026-03-02T16:22:33+00:00\" \/>\n<meta name=\"twitter:card\" content=\"summary_large_image\" \/>\n<meta name=\"twitter:label1\" content=\"Tiempo de lectura\" \/>\n\t<meta name=\"twitter:data1\" content=\"6 minutos\" \/>\n<script type=\"application\/ld+json\" class=\"yoast-schema-graph\">{\"@context\":\"https:\/\/schema.org\",\"@graph\":[{\"@type\":\"WebPage\",\"@id\":\"https:\/\/muntaho.com\/politica-de-privacitat\/\",\"url\":\"https:\/\/muntaho.com\/politica-de-privacitat\/\",\"name\":\"Pol\u00edtica de privacitat - MUNTAHO\",\"isPartOf\":{\"@id\":\"https:\/\/muntaho.com\/#website\"},\"datePublished\":\"2025-06-03T10:32:23+00:00\",\"dateModified\":\"2026-03-02T16:22:33+00:00\",\"description\":\"Mobles de fusta sostenibles, de muntatge f\u00e0cil i disseny minimalista. Descobreix el mobiliari modular i ecol\u00f2gic de Muntaho, fets a mida a Catalunya.\",\"breadcrumb\":{\"@id\":\"https:\/\/muntaho.com\/politica-de-privacitat\/#breadcrumb\"},\"inLanguage\":\"es\",\"potentialAction\":[{\"@type\":\"ReadAction\",\"target\":[\"https:\/\/muntaho.com\/politica-de-privacitat\/\"]}]},{\"@type\":\"BreadcrumbList\",\"@id\":\"https:\/\/muntaho.com\/politica-de-privacitat\/#breadcrumb\",\"itemListElement\":[{\"@type\":\"ListItem\",\"position\":1,\"name\":\"Inici\",\"item\":\"https:\/\/muntaho.com\/\"},{\"@type\":\"ListItem\",\"position\":2,\"name\":\"Pol\u00edtica de privacitat\"}]},{\"@type\":\"WebSite\",\"@id\":\"https:\/\/muntaho.com\/#website\",\"url\":\"https:\/\/muntaho.com\/\",\"name\":\"Muntaho Store\",\"description\":\"\",\"publisher\":{\"@id\":\"https:\/\/muntaho.com\/#organization\"},\"potentialAction\":[{\"@type\":\"SearchAction\",\"target\":{\"@type\":\"EntryPoint\",\"urlTemplate\":\"https:\/\/muntaho.com\/?s={search_term_string}\"},\"query-input\":{\"@type\":\"PropertyValueSpecification\",\"valueRequired\":true,\"valueName\":\"search_term_string\"}}],\"inLanguage\":\"es\"},{\"@type\":\"Organization\",\"@id\":\"https:\/\/muntaho.com\/#organization\",\"name\":\"Muntaho Store\",\"url\":\"https:\/\/muntaho.com\/\",\"logo\":{\"@type\":\"ImageObject\",\"inLanguage\":\"es\",\"@id\":\"https:\/\/muntaho.com\/#\/schema\/logo\/image\/\",\"url\":\"https:\/\/muntaho.com\/wp-content\/uploads\/2025\/06\/logo-color.svg\",\"contentUrl\":\"https:\/\/muntaho.com\/wp-content\/uploads\/2025\/06\/logo-color.svg\",\"width\":256,\"height\":98,\"caption\":\"Muntaho Store\"},\"image\":{\"@id\":\"https:\/\/muntaho.com\/#\/schema\/logo\/image\/\"}}]}<\/script>\n<!-- \/ Yoast SEO plugin. -->","yoast_head_json":{"title":"Pol\u00edtica de privacitat - MUNTAHO","description":"Muebles de madera sostenibles, de f\u00e1cil montaje y dise\u00f1o minimalista. Descubre el mobiliario modular y ecol\u00f3gico de Muntaho, hecho a medida en Catalu\u00f1a.","robots":{"index":"index","follow":"follow","max-snippet":"max-snippet:-1","max-image-preview":"max-image-preview:large","max-video-preview":"max-video-preview:-1"},"canonical":"https:\/\/muntaho.com\/es\/politica-de-privacitat\/","og_locale":"es_ES","og_type":"article","og_title":"Pol\u00edtica de privacitat - MUNTAHO","og_description":"Mobles de fusta sostenibles, de muntatge f\u00e0cil i disseny minimalista. Descobreix el mobiliari modular i ecol\u00f2gic de Muntaho, fets a mida a Catalunya.","og_url":"https:\/\/muntaho.com\/es\/politica-de-privacitat\/","og_site_name":"MUNTAHO","article_modified_time":"2026-03-02T16:22:33+00:00","twitter_card":"summary_large_image","twitter_misc":{"Tiempo de lectura":"6 minutos"},"schema":{"@context":"https:\/\/schema.org","@graph":[{"@type":"WebPage","@id":"https:\/\/muntaho.com\/politica-de-privacitat\/","url":"https:\/\/muntaho.com\/politica-de-privacitat\/","name":"Pol\u00edtica de privacitat - MUNTAHO","isPartOf":{"@id":"https:\/\/muntaho.com\/#website"},"datePublished":"2025-06-03T10:32:23+00:00","dateModified":"2026-03-02T16:22:33+00:00","description":"Muebles de madera sostenibles, de f\u00e1cil montaje y dise\u00f1o minimalista. Descubre el mobiliario modular y ecol\u00f3gico de Muntaho, hecho a medida en Catalu\u00f1a.","breadcrumb":{"@id":"https:\/\/muntaho.com\/politica-de-privacitat\/#breadcrumb"},"inLanguage":"es","potentialAction":[{"@type":"ReadAction","target":["https:\/\/muntaho.com\/politica-de-privacitat\/"]}]},{"@type":"BreadcrumbList","@id":"https:\/\/muntaho.com\/politica-de-privacitat\/#breadcrumb","itemListElement":[{"@type":"ListItem","position":1,"name":"Inici","item":"https:\/\/muntaho.com\/"},{"@type":"ListItem","position":2,"name":"Pol\u00edtica de privacitat"}]},{"@type":"WebSite","@id":"https:\/\/muntaho.com\/#website","url":"https:\/\/muntaho.com\/","name":"Muntaho Store","description":"","publisher":{"@id":"https:\/\/muntaho.com\/#organization"},"potentialAction":[{"@type":"SearchAction","target":{"@type":"EntryPoint","urlTemplate":"https:\/\/muntaho.com\/?s={search_term_string}"},"query-input":{"@type":"PropertyValueSpecification","valueRequired":true,"valueName":"search_term_string"}}],"inLanguage":"es"},{"@type":"Organization","@id":"https:\/\/muntaho.com\/#organization","name":"Muntaho Store","url":"https:\/\/muntaho.com\/","logo":{"@type":"ImageObject","inLanguage":"es","@id":"https:\/\/muntaho.com\/#\/schema\/logo\/image\/","url":"https:\/\/muntaho.com\/wp-content\/uploads\/2025\/06\/logo-color.svg","contentUrl":"https:\/\/muntaho.com\/wp-content\/uploads\/2025\/06\/logo-color.svg","width":256,"height":98,"caption":"Muntaho Store"},"image":{"@id":"https:\/\/muntaho.com\/#\/schema\/logo\/image\/"}}]}},"_links":{"self":[{"href":"https:\/\/muntaho.com\/es\/wp-json\/wp\/v2\/pages\/32","targetHints":{"allow":["GET"]}}],"collection":[{"href":"https:\/\/muntaho.com\/es\/wp-json\/wp\/v2\/pages"}],"about":[{"href":"https:\/\/muntaho.com\/es\/wp-json\/wp\/v2\/types\/page"}],"author":[{"embeddable":true,"href":"https:\/\/muntaho.com\/es\/wp-json\/wp\/v2\/users\/2"}],"replies":[{"embeddable":true,"href":"https:\/\/muntaho.com\/es\/wp-json\/wp\/v2\/comments?post=32"}],"version-history":[{"count":1,"href":"https:\/\/muntaho.com\/es\/wp-json\/wp\/v2\/pages\/32\/revisions"}],"predecessor-version":[{"id":1283,"href":"https:\/\/muntaho.com\/es\/wp-json\/wp\/v2\/pages\/32\/revisions\/1283"}],"wp:attachment":[{"href":"https:\/\/muntaho.com\/es\/wp-json\/wp\/v2\/media?parent=32"}],"curies":[{"name":"wp","href":"https:\/\/api.w.org\/{rel}","templated":true}]}}