{"id":20,"date":"2025-07-11T14:37:33","date_gmt":"2025-07-11T12:37:33","guid":{"rendered":"http:\/\/muntaho.com\/?page_id=20"},"modified":"2025-12-29T19:34:06","modified_gmt":"2025-12-29T18:34:06","slug":"enviaments_devolucions","status":"publish","type":"page","link":"https:\/\/muntaho.com\/es\/enviaments_devolucions\/","title":{"rendered":"Env\u00edos y devoluciones"},"content":{"rendered":"<h1 class=\"wp-block-heading\">Env\u00edos<a href=\"https:\/\/translate.google.com\/about\/?hl=es\"><\/a><\/h1>\n\n\n\n<h2 class=\"wp-block-heading\">ZONAS DE ENV\u00cdO<\/h2>\n\n\n\n<p>Si deseas realizar un pedido en nuestra p\u00e1gina web, deber\u00e1s indicarnos obligatoriamente una direcci\u00f3n de entrega v\u00e1lida.<\/p>\n\n\n\n<p>Actualmente, www.muntaho.com opera en toda la Espa\u00f1a peninsular y Baleares, adem\u00e1s de la mayor\u00eda de los pa\u00edses de la Zona Euro. Estamos trabajando en ampliar nuestro servicio a otros pa\u00edses y regiones.<\/p>\n\n\n\n<p>Recuerda que si lo deseas, puedes indicar una direcci\u00f3n de entrega y otra direcci\u00f3n diferente para la facturaci\u00f3n. Esto es muy \u00fatil en los casos en los que quieras hacer un regalo, si pasas m\u00e1s tiempo en el trabajo que en tu casa o si permaneces una temporada fuera de tu residencia habitual.<\/p>\n\n\n\n<p>En los casos en que el volumen o peso del pedido exceda de lo que se considera paqueter\u00eda (m\u00e1s de 35 kg en total) la entrega se har\u00e1 en la puerta del edificio, en lugar de la puerta del domicilio.<\/p>\n\n\n\n<h2 class=\"wp-block-heading\">GASTOS DE ENV\u00cdO<\/h2>\n\n\n\n<p>Todos nuestros art\u00edculos se entregar\u00e1n mediante agencia de transporte.<\/p>\n\n\n\n<p>Los precios de env\u00edo se establecen seg\u00fan el peso y la zona de entrega. Si desea saber cu\u00e1nto cuesta el env\u00edo de un producto, con a\u00f1adirlo a la cesta, se calcula autom\u00e1ticamente al iniciar el proceso de compra.<\/p>\n\n\n\n<h2 class=\"wp-block-heading\">PLAZOS DE ENTREGA<\/h2>\n\n\n\n<p>Disponemos de varios plazos de entrega que podr\u00e1s ver en cada p\u00e1gina de producto. En muchos casos, al tratarse de productos en stock, ofrecemos una entrega entre 24 y 48 horas, pero en el caso de productos por encargo, este plazo puede prolongarse. Si te urge y no sabes si el pedido llegar\u00eda a tiempo, puedes contactar con nuestro equipo e intentaremos darte una fecha m\u00e1s concreta.<\/p>\n\n\n\n<p>El tiempo de entrega podr\u00e1 alargarse durante el per\u00edodo estival o navide\u00f1o debido al cierre de vacaciones de algunos fabricantes.<\/p>\n\n\n\n<p>En ocasiones, cuando se trata de pedidos que contengan art\u00edculos de distintos fabricantes, es posible que se env\u00eden en diferentes entregas. En este caso, el cliente recibir\u00e1 por correo electr\u00f3nico las notificaciones de cada env\u00edo y podr\u00e1 realizar el seguimiento de cada uno.<\/p>\n\n\n\n<p><\/p>\n\n\n\n<h1 class=\"wp-block-heading\">Devoluciones<\/h1>\n\n\n\n<p>En Howe Solutions SL, queremos que est\u00e9s completamente satisfecho con tu compra. Si no est\u00e1s completamente satisfecho con tu pedido, ofrecemos una pol\u00edtica de devoluciones para garantizar un proceso fluido y justo.<\/p>\n\n\n\n<h2 class=\"wp-block-heading\">Elegibilidad para Devoluciones<\/h2>\n\n\n\n<ul class=\"wp-block-list\">\n<li>Puede devolver los productos en un plazo de catorce (14) d\u00edas a partir de la fecha de entrega.<\/li>\n\n\n\n<li>Para poder optar a una devoluci\u00f3n, es necesario cumplir las siguientes condiciones:<\/li>\n\n\n\n<li>El producto debe estar en su embalaje original.<\/li>\n\n\n\n<li>El producto debe estar sin usar, sin da\u00f1os y en condiciones de reventa.<\/li>\n\n\n\n<li>Es necesario incluir todos los componentes, accesorios y documentaci\u00f3n originales.<\/li>\n\n\n\n<li>Algunos art\u00edculos no se pueden devolver, como:\n<ul class=\"wp-block-list\">\n<li>Productos montados o parcialmente montados.<\/li>\n\n\n\n<li>Productos hechos a medida o por encargo.<\/li>\n\n\n\n<li>Productos da\u00f1ados a causa de un mal uso, negligencia o accidentes.<\/li>\n<\/ul>\n<\/li>\n<\/ul>\n\n\n\n<h2 class=\"wp-block-heading\">Proceso de devoluci\u00f3n<\/h2>\n\n\n\n<p>Para iniciar una devoluci\u00f3n, p\u00f3ngase en contacto con nuestro equipo de atenci\u00f3n al cliente en un plazo de catorce (14) d\u00edas a partir de la entrega en:<\/p>\n\n\n\n<div class=\"wp-block-group has-global-padding is-layout-constrained wp-block-group-is-layout-constrained\"><span class=\"wp-block-howe-business-email\"><a href=\"mailto:info@muntaho.com\">info@muntaho.com<\/a><\/span><\/div>\n\n\n\n<p> o<\/p>\n\n\n\n<div class=\"wp-block-group has-global-padding is-layout-constrained wp-block-group-is-layout-constrained\"><span class=\"wp-block-howe-business-phone\"><a href=\"tel:+34872202699\">872 202 699<\/a><\/span><\/div>\n\n\n\n<p>Por favor, proporcione la siguiente informaci\u00f3n:<\/p>\n\n\n\n<ul class=\"wp-block-list\">\n<li>N\u00famero de pedido<\/li>\n\n\n\n<li>Lista de productos que desea devolver<\/li>\n\n\n\n<li>Raz\u00f3n para la devoluci\u00f3n<\/li>\n\n\n\n<li>Fotograf\u00edas del producto y de su embalaje (si es posible, sobre todo si hay da\u00f1os)<\/li>\n<\/ul>\n\n\n\n<p>Nuestro equipo de atenci\u00f3n al cliente revisar\u00e1 su solicitud y le proporcionar\u00e1 una autorizaci\u00f3n de devoluci\u00f3n y m\u00e1s instrucciones.<\/p>\n\n\n\n<p>Usted es responsable de embalar cuidadosamente el producto para evitar da\u00f1os durante el env\u00edo de la devoluci\u00f3n.<\/p>\n\n\n\n<h2 class=\"wp-block-heading\">Env\u00edo de la devoluci\u00f3n<\/h2>\n\n\n\n<p>Es responsable del coste del env\u00edo de la devoluci\u00f3n.<\/p>\n\n\n\n<p>Recomendamos utilizar un servicio de env\u00edo con seguimiento y asegurar el env\u00edo de devoluci\u00f3n, ya que no podemos ser responsables de los art\u00edculos perdidos o da\u00f1ados durante el transporte.<\/p>\n\n\n\n<p>El producto debe devolverse a la siguiente direcci\u00f3n:<\/p>\n\n\n<address class=\"wp-block-howe-business-address\" data-no-translation=\"\">Mas El Gurt<br>\n17176 Joanetes<br>\nGerona<\/address>\n\n\n<h2 class=\"wp-block-heading\">Reembolsos<\/h2>\n\n\n\n<ul class=\"wp-block-list\">\n<li>Una vez recibamos el producto devuelto y verifiquemos que cumple con nuestros criterios de elegibilidad de devoluci\u00f3n, procesaremos el reembolso.<\/li>\n\n\n\n<li>Los reembolsos se emitir\u00e1n en el m\u00e9todo de pago original.<\/li>\n\n\n\n<li>Por favor, espere cinco (5) d\u00edas h\u00e1biles para que se procese el reembolso despu\u00e9s de que recibamos el art\u00edculo devuelto.<\/li>\n\n\n\n<li>No se reembolsar\u00e1n los gastos de env\u00edo originales.<\/li>\n\n\n\n<li>Howe Solutions SL se reserva el derecho a deducir cualquier coste por da\u00f1os al producto durante el env\u00edo de la devoluci\u00f3n o si el producto no cumple los criterios de elegibilidad de devoluci\u00f3n.<\/li>\n<\/ul>\n\n\n\n<h2 class=\"wp-block-heading\">Productos da\u00f1ados o defectuosos<\/h2>\n\n\n\n<p>Si recibe un producto da\u00f1ado o defectuoso, p\u00f3ngase en contacto con nosotros en un plazo m\u00e1ximo de tres (3) d\u00edas a partir de la entrega y con fotograf\u00edas del da\u00f1o o defecto.<\/p>\n\n\n\n<p>Organizaremos una sustituci\u00f3n, reparaci\u00f3n o reembolso, en funci\u00f3n de la situaci\u00f3n.<\/p>\n\n\n\n<p>Howe Solutions SL cubrir\u00e1 los gastos de env\u00edo de devoluci\u00f3n de productos da\u00f1ados o defectuosos.<\/p>\n\n\n\n<h2 class=\"wp-block-heading\">Garant\u00eda<\/h2>\n\n\n\n<p>Adem\u00e1s de nuestra pol\u00edtica de devoluciones, ofrecemos una garant\u00eda en nuestros productos. Por favor consulte nuestra <a href=\"https:\/\/muntaho.com\/es\/politica-de-garantia\/\">Pol\u00edtica de Garant\u00eda<\/a> para m\u00e1s informaci\u00f3n.<\/p>\n\n\n\n<p><\/p>","protected":false},"excerpt":{"rendered":"<p>Enviaments ZONES D&#8217;ENVIAMENT Si vols fer una comanda a la nostra p\u00e0gina web, ens has d&#8217;indicar obligat\u00f2riament una adre\u00e7a de lliurament v\u00e0lida. Actualment, www.muntaho.com opera a tota l&#8217;Espanya peninsular i les Balears, a m\u00e9s de la majoria dels pa\u00efsos de la Zona Euro. Estem treballant a ampliar el nostre servei a altres pa\u00efsos i regions. [&hellip;]<\/p>","protected":false},"author":1,"featured_media":0,"parent":0,"menu_order":0,"comment_status":"closed","ping_status":"closed","template":"","meta":{"footnotes":""},"class_list":["post-20","page","type-page","status-publish","hentry"],"yoast_head":"<!-- This site is optimized with the Yoast SEO plugin v26.8 - https:\/\/yoast.com\/product\/yoast-seo-wordpress\/ -->\n<title>Enviaments i devolucions - MUNTAHO<\/title>\n<meta name=\"description\" content=\"Mobles de fusta sostenibles, de muntatge f\u00e0cil i disseny minimalista. Descobreix el mobiliari modular i ecol\u00f2gic de Muntaho, fets a mida a Catalunya.\" \/>\n<meta name=\"robots\" content=\"index, follow, max-snippet:-1, max-image-preview:large, max-video-preview:-1\" \/>\n<link rel=\"canonical\" href=\"https:\/\/muntaho.com\/es\/enviaments_devolucions\/\" \/>\n<meta property=\"og:locale\" content=\"es_ES\" \/>\n<meta property=\"og:type\" content=\"article\" \/>\n<meta property=\"og:title\" content=\"Enviaments i devolucions - MUNTAHO\" \/>\n<meta property=\"og:description\" content=\"Mobles de fusta sostenibles, de muntatge f\u00e0cil i disseny minimalista. Descobreix el mobiliari modular i ecol\u00f2gic de Muntaho, fets a mida a Catalunya.\" \/>\n<meta property=\"og:url\" content=\"https:\/\/muntaho.com\/es\/enviaments_devolucions\/\" \/>\n<meta property=\"og:site_name\" content=\"MUNTAHO\" \/>\n<meta property=\"article:modified_time\" content=\"2025-12-29T18:34:06+00:00\" \/>\n<meta name=\"twitter:card\" content=\"summary_large_image\" \/>\n<meta name=\"twitter:label1\" content=\"Tiempo de lectura\" \/>\n\t<meta name=\"twitter:data1\" content=\"5 minutos\" \/>\n<script type=\"application\/ld+json\" class=\"yoast-schema-graph\">{\"@context\":\"https:\/\/schema.org\",\"@graph\":[{\"@type\":\"WebPage\",\"@id\":\"https:\/\/muntaho.com\/enviaments_devolucions\/\",\"url\":\"https:\/\/muntaho.com\/enviaments_devolucions\/\",\"name\":\"Enviaments i devolucions - MUNTAHO\",\"isPartOf\":{\"@id\":\"https:\/\/muntaho.com\/#website\"},\"datePublished\":\"2025-07-11T12:37:33+00:00\",\"dateModified\":\"2025-12-29T18:34:06+00:00\",\"description\":\"Mobles de fusta sostenibles, de muntatge f\u00e0cil i disseny minimalista. Descobreix el mobiliari modular i ecol\u00f2gic de Muntaho, fets a mida a Catalunya.\",\"breadcrumb\":{\"@id\":\"https:\/\/muntaho.com\/enviaments_devolucions\/#breadcrumb\"},\"inLanguage\":\"es\",\"potentialAction\":[{\"@type\":\"ReadAction\",\"target\":[\"https:\/\/muntaho.com\/enviaments_devolucions\/\"]}]},{\"@type\":\"BreadcrumbList\",\"@id\":\"https:\/\/muntaho.com\/enviaments_devolucions\/#breadcrumb\",\"itemListElement\":[{\"@type\":\"ListItem\",\"position\":1,\"name\":\"Inici\",\"item\":\"https:\/\/muntaho.com\/\"},{\"@type\":\"ListItem\",\"position\":2,\"name\":\"Enviaments i devolucions\"}]},{\"@type\":\"WebSite\",\"@id\":\"https:\/\/muntaho.com\/#website\",\"url\":\"https:\/\/muntaho.com\/\",\"name\":\"Muntaho Store\",\"description\":\"\",\"publisher\":{\"@id\":\"https:\/\/muntaho.com\/#organization\"},\"potentialAction\":[{\"@type\":\"SearchAction\",\"target\":{\"@type\":\"EntryPoint\",\"urlTemplate\":\"https:\/\/muntaho.com\/?s={search_term_string}\"},\"query-input\":{\"@type\":\"PropertyValueSpecification\",\"valueRequired\":true,\"valueName\":\"search_term_string\"}}],\"inLanguage\":\"es\"},{\"@type\":\"Organization\",\"@id\":\"https:\/\/muntaho.com\/#organization\",\"name\":\"Muntaho Store\",\"url\":\"https:\/\/muntaho.com\/\",\"logo\":{\"@type\":\"ImageObject\",\"inLanguage\":\"es\",\"@id\":\"https:\/\/muntaho.com\/#\/schema\/logo\/image\/\",\"url\":\"https:\/\/muntaho.com\/wp-content\/uploads\/2025\/06\/logo-color.svg\",\"contentUrl\":\"https:\/\/muntaho.com\/wp-content\/uploads\/2025\/06\/logo-color.svg\",\"width\":256,\"height\":98,\"caption\":\"Muntaho Store\"},\"image\":{\"@id\":\"https:\/\/muntaho.com\/#\/schema\/logo\/image\/\"}}]}<\/script>\n<!-- \/ Yoast SEO plugin. -->","yoast_head_json":{"title":"Enviaments i devolucions - MUNTAHO","description":"Muebles de madera sostenibles, de f\u00e1cil montaje y dise\u00f1o minimalista. Descubre el mobiliario modular y ecol\u00f3gico de Muntaho, hecho a medida en Catalu\u00f1a.","robots":{"index":"index","follow":"follow","max-snippet":"max-snippet:-1","max-image-preview":"max-image-preview:large","max-video-preview":"max-video-preview:-1"},"canonical":"https:\/\/muntaho.com\/es\/enviaments_devolucions\/","og_locale":"es_ES","og_type":"article","og_title":"Enviaments i devolucions - MUNTAHO","og_description":"Mobles de fusta sostenibles, de muntatge f\u00e0cil i disseny minimalista. Descobreix el mobiliari modular i ecol\u00f2gic de Muntaho, fets a mida a Catalunya.","og_url":"https:\/\/muntaho.com\/es\/enviaments_devolucions\/","og_site_name":"MUNTAHO","article_modified_time":"2025-12-29T18:34:06+00:00","twitter_card":"summary_large_image","twitter_misc":{"Tiempo de lectura":"5 minutos"},"schema":{"@context":"https:\/\/schema.org","@graph":[{"@type":"WebPage","@id":"https:\/\/muntaho.com\/enviaments_devolucions\/","url":"https:\/\/muntaho.com\/enviaments_devolucions\/","name":"Enviaments i devolucions - MUNTAHO","isPartOf":{"@id":"https:\/\/muntaho.com\/#website"},"datePublished":"2025-07-11T12:37:33+00:00","dateModified":"2025-12-29T18:34:06+00:00","description":"Muebles de madera sostenibles, de f\u00e1cil montaje y dise\u00f1o minimalista. Descubre el mobiliario modular y ecol\u00f3gico de Muntaho, hecho a medida en Catalu\u00f1a.","breadcrumb":{"@id":"https:\/\/muntaho.com\/enviaments_devolucions\/#breadcrumb"},"inLanguage":"es","potentialAction":[{"@type":"ReadAction","target":["https:\/\/muntaho.com\/enviaments_devolucions\/"]}]},{"@type":"BreadcrumbList","@id":"https:\/\/muntaho.com\/enviaments_devolucions\/#breadcrumb","itemListElement":[{"@type":"ListItem","position":1,"name":"Inici","item":"https:\/\/muntaho.com\/"},{"@type":"ListItem","position":2,"name":"Enviaments i devolucions"}]},{"@type":"WebSite","@id":"https:\/\/muntaho.com\/#website","url":"https:\/\/muntaho.com\/","name":"Muntaho Store","description":"","publisher":{"@id":"https:\/\/muntaho.com\/#organization"},"potentialAction":[{"@type":"SearchAction","target":{"@type":"EntryPoint","urlTemplate":"https:\/\/muntaho.com\/?s={search_term_string}"},"query-input":{"@type":"PropertyValueSpecification","valueRequired":true,"valueName":"search_term_string"}}],"inLanguage":"es"},{"@type":"Organization","@id":"https:\/\/muntaho.com\/#organization","name":"Muntaho Store","url":"https:\/\/muntaho.com\/","logo":{"@type":"ImageObject","inLanguage":"es","@id":"https:\/\/muntaho.com\/#\/schema\/logo\/image\/","url":"https:\/\/muntaho.com\/wp-content\/uploads\/2025\/06\/logo-color.svg","contentUrl":"https:\/\/muntaho.com\/wp-content\/uploads\/2025\/06\/logo-color.svg","width":256,"height":98,"caption":"Muntaho Store"},"image":{"@id":"https:\/\/muntaho.com\/#\/schema\/logo\/image\/"}}]}},"_links":{"self":[{"href":"https:\/\/muntaho.com\/es\/wp-json\/wp\/v2\/pages\/20","targetHints":{"allow":["GET"]}}],"collection":[{"href":"https:\/\/muntaho.com\/es\/wp-json\/wp\/v2\/pages"}],"about":[{"href":"https:\/\/muntaho.com\/es\/wp-json\/wp\/v2\/types\/page"}],"author":[{"embeddable":true,"href":"https:\/\/muntaho.com\/es\/wp-json\/wp\/v2\/users\/1"}],"replies":[{"embeddable":true,"href":"https:\/\/muntaho.com\/es\/wp-json\/wp\/v2\/comments?post=20"}],"version-history":[{"count":4,"href":"https:\/\/muntaho.com\/es\/wp-json\/wp\/v2\/pages\/20\/revisions"}],"predecessor-version":[{"id":1145,"href":"https:\/\/muntaho.com\/es\/wp-json\/wp\/v2\/pages\/20\/revisions\/1145"}],"wp:attachment":[{"href":"https:\/\/muntaho.com\/es\/wp-json\/wp\/v2\/media?parent=20"}],"curies":[{"name":"wp","href":"https:\/\/api.w.org\/{rel}","templated":true}]}}